{"id":96,"date":"2021-10-12T08:03:26","date_gmt":"2021-10-12T06:03:26","guid":{"rendered":"http:\/\/hirder.be\/?page_id=96"},"modified":"2021-10-12T08:03:26","modified_gmt":"2021-10-12T06:03:26","slug":"geek","status":"publish","type":"page","link":"https:\/\/hirder.be\/?page_id=96","title":{"rendered":"Geek"},"content":{"rendered":"\n<p>Geek est une saga MP3 cr\u00e9e dans le cadre du concours de la Saga de l&rsquo;\u00c9t\u00e9 en 2011. <\/p>\n\n\n\n<h3 class=\"wp-block-heading\">Nom : Geek<\/h3>\n\n\n\n<h3 class=\"wp-block-heading\">Statut : Arret\u00e9<\/h3>\n\n\n\n<h3 class=\"wp-block-heading\">Nombre d&rsquo;\u00e9pisode : 1<\/h3>\n\n\n\n<h3 class=\"wp-block-heading\">Dur\u00e9e : 6 minutes 40 secondes<\/h3>\n\n\n\n<h3 class=\"wp-block-heading\">Synopsis : <\/h3>\n\n\n\n<p>John est un surdou\u00e9 de l&rsquo;informatique, mais aussi un Geek. Il ne se passionne simplement pas pour les oeuvres majeures qui ont donn\u00e9 ses lettres de noblesse \u00e0 la g\u00e9n\u00e9ration Geek. Il est passionn\u00e9 de la s\u00e9rie Lost. Alors qu&rsquo;il regarde le dernier \u00e9pisode de la Saison 6, il y d\u00e9couvre un message subliminal. Apr\u00e8s une rapide analyse il en conclus que ce n&rsquo;est qu&rsquo;un fragment d&rsquo;un message. Avec l&rsquo;aide de son amie Sarah, il va d\u00e9crypter chacun des messages pr\u00e9sent dans les \u00e9pisodes pour r\u00e9soudre le myst\u00e8re entourant la s\u00e9rie Lost &#8230;<\/p>\n\n\n\n<p>Liens de t\u00e9l\u00e9chargement (aucun lien au 12\/10\/21)<\/p>\n\n\n\n<p>\u00c9pisode 1<\/p>\n","protected":false},"excerpt":{"rendered":"<p>Geek est une saga MP3 cr\u00e9e dans le cadre du concours de la Saga de l&rsquo;\u00c9t\u00e9 en 2011. Nom :&hellip;<\/p>\n","protected":false},"author":1,"featured_media":0,"parent":0,"menu_order":0,"comment_status":"closed","ping_status":"closed","template":"","meta":{"footnotes":""},"class_list":["post-96","page","type-page","status-publish","hentry"],"yoast_head":"<!-- This site is optimized with the Yoast SEO plugin v27.5 - https:\/\/yoast.com\/product\/yoast-seo-wordpress\/ -->\n<title>Geek - Le Blog de Hirder<\/title>\n<meta name=\"description\" content=\"Page de t\u00e9l\u00e9chargement de la saga MP3 nomm\u00e9 &quot;Geek&quot; cr\u00e9e par Hirder dans le cadre de la Saga de l&#039;\u00c9t\u00e9 2011 - Le Blog de Hirder - Geek -\" \/>\n<meta name=\"robots\" content=\"index, follow, max-snippet:-1, max-image-preview:large, max-video-preview:-1\" \/>\n<link rel=\"canonical\" href=\"https:\/\/hirder.be\/?page_id=96\" \/>\n<meta property=\"og:locale\" content=\"fr_FR\" \/>\n<meta property=\"og:type\" content=\"article\" \/>\n<meta property=\"og:title\" content=\"Geek - Le Blog de Hirder\" \/>\n<meta property=\"og:description\" content=\"Page de t\u00e9l\u00e9chargement de la saga MP3 nomm\u00e9 &quot;Geek&quot; cr\u00e9e par Hirder dans le cadre de la Saga de l&#039;\u00c9t\u00e9 2011 - Le Blog de Hirder - Geek -\" \/>\n<meta property=\"og:url\" content=\"https:\/\/hirder.be\/?page_id=96\" \/>\n<meta property=\"og:site_name\" content=\"Le Blog de Hirder\" \/>\n<meta name=\"twitter:card\" content=\"summary_large_image\" \/>\n<meta name=\"twitter:label1\" content=\"Dur\u00e9e de lecture est.\" \/>\n\t<meta name=\"twitter:data1\" content=\"1 minute\" \/>\n<script type=\"application\/ld+json\" class=\"yoast-schema-graph\">{\"@context\":\"https:\\\/\\\/schema.org\",\"@graph\":[{\"@type\":\"WebPage\",\"@id\":\"https:\\\/\\\/hirder.be\\\/?page_id=96\",\"url\":\"https:\\\/\\\/hirder.be\\\/?page_id=96\",\"name\":\"Geek - Le Blog de Hirder\",\"isPartOf\":{\"@id\":\"https:\\\/\\\/hirder.be\\\/#website\"},\"datePublished\":\"2021-10-12T06:03:26+00:00\",\"description\":\"Page de t\u00e9l\u00e9chargement de la saga MP3 nomm\u00e9 \\\"Geek\\\" cr\u00e9e par Hirder dans le cadre de la Saga de l'\u00c9t\u00e9 2011 - Le Blog de Hirder - Geek -\",\"breadcrumb\":{\"@id\":\"https:\\\/\\\/hirder.be\\\/?page_id=96#breadcrumb\"},\"inLanguage\":\"fr-BE\",\"potentialAction\":[{\"@type\":\"ReadAction\",\"target\":[\"https:\\\/\\\/hirder.be\\\/?page_id=96\"]}]},{\"@type\":\"BreadcrumbList\",\"@id\":\"https:\\\/\\\/hirder.be\\\/?page_id=96#breadcrumb\",\"itemListElement\":[{\"@type\":\"ListItem\",\"position\":1,\"name\":\"Accueil\",\"item\":\"https:\\\/\\\/hirder.be\\\/\"},{\"@type\":\"ListItem\",\"position\":2,\"name\":\"Geek\"}]},{\"@type\":\"WebSite\",\"@id\":\"https:\\\/\\\/hirder.be\\\/#website\",\"url\":\"https:\\\/\\\/hirder.be\\\/\",\"name\":\"Le Blog de Hirder\",\"description\":\"Chassez les succ\u00e8s, c&#039;est mon kiff.\",\"potentialAction\":[{\"@type\":\"SearchAction\",\"target\":{\"@type\":\"EntryPoint\",\"urlTemplate\":\"https:\\\/\\\/hirder.be\\\/?s={search_term_string}\"},\"query-input\":{\"@type\":\"PropertyValueSpecification\",\"valueRequired\":true,\"valueName\":\"search_term_string\"}}],\"inLanguage\":\"fr-BE\"}]}<\/script>\n<!-- \/ Yoast SEO plugin. -->","yoast_head_json":{"title":"Geek - Le Blog de Hirder","description":"Page de t\u00e9l\u00e9chargement de la saga MP3 nomm\u00e9 \"Geek\" cr\u00e9e par Hirder dans le cadre de la Saga de l'\u00c9t\u00e9 2011 - Le Blog de Hirder - Geek -","robots":{"index":"index","follow":"follow","max-snippet":"max-snippet:-1","max-image-preview":"max-image-preview:large","max-video-preview":"max-video-preview:-1"},"canonical":"https:\/\/hirder.be\/?page_id=96","og_locale":"fr_FR","og_type":"article","og_title":"Geek - Le Blog de Hirder","og_description":"Page de t\u00e9l\u00e9chargement de la saga MP3 nomm\u00e9 \"Geek\" cr\u00e9e par Hirder dans le cadre de la Saga de l'\u00c9t\u00e9 2011 - Le Blog de Hirder - Geek -","og_url":"https:\/\/hirder.be\/?page_id=96","og_site_name":"Le Blog de Hirder","twitter_card":"summary_large_image","twitter_misc":{"Dur\u00e9e de lecture est.":"1 minute"},"schema":{"@context":"https:\/\/schema.org","@graph":[{"@type":"WebPage","@id":"https:\/\/hirder.be\/?page_id=96","url":"https:\/\/hirder.be\/?page_id=96","name":"Geek - Le Blog de Hirder","isPartOf":{"@id":"https:\/\/hirder.be\/#website"},"datePublished":"2021-10-12T06:03:26+00:00","description":"Page de t\u00e9l\u00e9chargement de la saga MP3 nomm\u00e9 \"Geek\" cr\u00e9e par Hirder dans le cadre de la Saga de l'\u00c9t\u00e9 2011 - Le Blog de Hirder - Geek -","breadcrumb":{"@id":"https:\/\/hirder.be\/?page_id=96#breadcrumb"},"inLanguage":"fr-BE","potentialAction":[{"@type":"ReadAction","target":["https:\/\/hirder.be\/?page_id=96"]}]},{"@type":"BreadcrumbList","@id":"https:\/\/hirder.be\/?page_id=96#breadcrumb","itemListElement":[{"@type":"ListItem","position":1,"name":"Accueil","item":"https:\/\/hirder.be\/"},{"@type":"ListItem","position":2,"name":"Geek"}]},{"@type":"WebSite","@id":"https:\/\/hirder.be\/#website","url":"https:\/\/hirder.be\/","name":"Le Blog de Hirder","description":"Chassez les succ\u00e8s, c&#039;est mon kiff.","potentialAction":[{"@type":"SearchAction","target":{"@type":"EntryPoint","urlTemplate":"https:\/\/hirder.be\/?s={search_term_string}"},"query-input":{"@type":"PropertyValueSpecification","valueRequired":true,"valueName":"search_term_string"}}],"inLanguage":"fr-BE"}]}},"_links":{"self":[{"href":"https:\/\/hirder.be\/index.php?rest_route=\/wp\/v2\/pages\/96","targetHints":{"allow":["GET"]}}],"collection":[{"href":"https:\/\/hirder.be\/index.php?rest_route=\/wp\/v2\/pages"}],"about":[{"href":"https:\/\/hirder.be\/index.php?rest_route=\/wp\/v2\/types\/page"}],"author":[{"embeddable":true,"href":"https:\/\/hirder.be\/index.php?rest_route=\/wp\/v2\/users\/1"}],"replies":[{"embeddable":true,"href":"https:\/\/hirder.be\/index.php?rest_route=%2Fwp%2Fv2%2Fcomments&post=96"}],"version-history":[{"count":1,"href":"https:\/\/hirder.be\/index.php?rest_route=\/wp\/v2\/pages\/96\/revisions"}],"predecessor-version":[{"id":98,"href":"https:\/\/hirder.be\/index.php?rest_route=\/wp\/v2\/pages\/96\/revisions\/98"}],"wp:attachment":[{"href":"https:\/\/hirder.be\/index.php?rest_route=%2Fwp%2Fv2%2Fmedia&parent=96"}],"curies":[{"name":"wp","href":"https:\/\/api.w.org\/{rel}","templated":true}]}}