{"id":92,"date":"2021-10-12T07:48:18","date_gmt":"2021-10-12T05:48:18","guid":{"rendered":"http:\/\/hirder.be\/?page_id=92"},"modified":"2021-10-12T07:48:20","modified_gmt":"2021-10-12T05:48:20","slug":"le-seigneur-des-anneaux-la-parodie","status":"publish","type":"page","link":"https:\/\/hirder.be\/?page_id=92","title":{"rendered":"Le Seigneur des Anneaux : La parodie"},"content":{"rendered":"\n<p>Bienvenue dans la page de t\u00e9l\u00e9chargement de la saga MP3 \u00ab\u00a0Le Seigneur des Anneaux : La Parodie\u00a0\u00bb<\/p>\n\n\n\n<h3 class=\"wp-block-heading\">Nom : Le Seigneur des Anneaux : La parodie<\/h3>\n\n\n\n<h3 class=\"wp-block-heading\">Statut : En cours (2011 &#8211; Maintenant)<\/h3>\n\n\n\n<h3 class=\"wp-block-heading\">Nombre d&rsquo;\u00e9pisode : 4<\/h3>\n\n\n\n<h3 class=\"wp-block-heading\">Dur\u00e9e : 30 minutes et 58 secondes<\/h3>\n\n\n\n<p>Liens de t\u00e9l\u00e9chargements (aucun lien encore actif au 12\/10\/21)<\/p>\n\n\n\n<p>\u00c9pisode 1 <br>\u00c9pisode 2 <br>\u00c9pisode 3 <br>\u00c9pisode 4 <\/p>\n","protected":false},"excerpt":{"rendered":"<p>Bienvenue dans la page de t\u00e9l\u00e9chargement de la saga MP3 \u00ab\u00a0Le Seigneur des Anneaux : La Parodie\u00a0\u00bb Nom : Le&hellip;<\/p>\n","protected":false},"author":1,"featured_media":0,"parent":0,"menu_order":0,"comment_status":"closed","ping_status":"closed","template":"","meta":{"footnotes":""},"class_list":["post-92","page","type-page","status-publish","hentry"],"yoast_head":"<!-- This site is optimized with the Yoast SEO plugin v27.5 - https:\/\/yoast.com\/product\/yoast-seo-wordpress\/ -->\n<title>Le Seigneur des Anneaux : La parodie - Le Blog de Hirder<\/title>\n<meta name=\"robots\" content=\"index, follow, max-snippet:-1, max-image-preview:large, max-video-preview:-1\" \/>\n<link rel=\"canonical\" href=\"https:\/\/hirder.be\/?page_id=92\" \/>\n<meta property=\"og:locale\" content=\"fr_FR\" \/>\n<meta property=\"og:type\" content=\"article\" \/>\n<meta property=\"og:title\" content=\"Le Seigneur des Anneaux : La parodie - Le Blog de Hirder\" \/>\n<meta property=\"og:description\" content=\"Bienvenue dans la page de t\u00e9l\u00e9chargement de la saga MP3 \u00ab\u00a0Le Seigneur des Anneaux : La Parodie\u00a0\u00bb Nom : Le&hellip;\" \/>\n<meta property=\"og:url\" content=\"https:\/\/hirder.be\/?page_id=92\" \/>\n<meta property=\"og:site_name\" content=\"Le Blog de Hirder\" \/>\n<meta property=\"article:modified_time\" content=\"2021-10-12T05:48:20+00:00\" \/>\n<meta name=\"twitter:card\" content=\"summary_large_image\" \/>\n<meta name=\"twitter:label1\" content=\"Dur\u00e9e de lecture est.\" \/>\n\t<meta name=\"twitter:data1\" content=\"1 minute\" \/>\n<script type=\"application\/ld+json\" class=\"yoast-schema-graph\">{\"@context\":\"https:\\\/\\\/schema.org\",\"@graph\":[{\"@type\":\"WebPage\",\"@id\":\"https:\\\/\\\/hirder.be\\\/?page_id=92\",\"url\":\"https:\\\/\\\/hirder.be\\\/?page_id=92\",\"name\":\"Le Seigneur des Anneaux : La parodie - Le Blog de Hirder\",\"isPartOf\":{\"@id\":\"https:\\\/\\\/hirder.be\\\/#website\"},\"datePublished\":\"2021-10-12T05:48:18+00:00\",\"dateModified\":\"2021-10-12T05:48:20+00:00\",\"breadcrumb\":{\"@id\":\"https:\\\/\\\/hirder.be\\\/?page_id=92#breadcrumb\"},\"inLanguage\":\"fr-BE\",\"potentialAction\":[{\"@type\":\"ReadAction\",\"target\":[\"https:\\\/\\\/hirder.be\\\/?page_id=92\"]}]},{\"@type\":\"BreadcrumbList\",\"@id\":\"https:\\\/\\\/hirder.be\\\/?page_id=92#breadcrumb\",\"itemListElement\":[{\"@type\":\"ListItem\",\"position\":1,\"name\":\"Accueil\",\"item\":\"https:\\\/\\\/hirder.be\\\/\"},{\"@type\":\"ListItem\",\"position\":2,\"name\":\"Le Seigneur des Anneaux : La parodie\"}]},{\"@type\":\"WebSite\",\"@id\":\"https:\\\/\\\/hirder.be\\\/#website\",\"url\":\"https:\\\/\\\/hirder.be\\\/\",\"name\":\"Le Blog de Hirder\",\"description\":\"Chassez les succ\u00e8s, c&#039;est mon kiff.\",\"potentialAction\":[{\"@type\":\"SearchAction\",\"target\":{\"@type\":\"EntryPoint\",\"urlTemplate\":\"https:\\\/\\\/hirder.be\\\/?s={search_term_string}\"},\"query-input\":{\"@type\":\"PropertyValueSpecification\",\"valueRequired\":true,\"valueName\":\"search_term_string\"}}],\"inLanguage\":\"fr-BE\"}]}<\/script>\n<!-- \/ Yoast SEO plugin. -->","yoast_head_json":{"title":"Le Seigneur des Anneaux : La parodie - Le Blog de Hirder","robots":{"index":"index","follow":"follow","max-snippet":"max-snippet:-1","max-image-preview":"max-image-preview:large","max-video-preview":"max-video-preview:-1"},"canonical":"https:\/\/hirder.be\/?page_id=92","og_locale":"fr_FR","og_type":"article","og_title":"Le Seigneur des Anneaux : La parodie - Le Blog de Hirder","og_description":"Bienvenue dans la page de t\u00e9l\u00e9chargement de la saga MP3 \u00ab\u00a0Le Seigneur des Anneaux : La Parodie\u00a0\u00bb Nom : Le&hellip;","og_url":"https:\/\/hirder.be\/?page_id=92","og_site_name":"Le Blog de Hirder","article_modified_time":"2021-10-12T05:48:20+00:00","twitter_card":"summary_large_image","twitter_misc":{"Dur\u00e9e de lecture est.":"1 minute"},"schema":{"@context":"https:\/\/schema.org","@graph":[{"@type":"WebPage","@id":"https:\/\/hirder.be\/?page_id=92","url":"https:\/\/hirder.be\/?page_id=92","name":"Le Seigneur des Anneaux : La parodie - Le Blog de Hirder","isPartOf":{"@id":"https:\/\/hirder.be\/#website"},"datePublished":"2021-10-12T05:48:18+00:00","dateModified":"2021-10-12T05:48:20+00:00","breadcrumb":{"@id":"https:\/\/hirder.be\/?page_id=92#breadcrumb"},"inLanguage":"fr-BE","potentialAction":[{"@type":"ReadAction","target":["https:\/\/hirder.be\/?page_id=92"]}]},{"@type":"BreadcrumbList","@id":"https:\/\/hirder.be\/?page_id=92#breadcrumb","itemListElement":[{"@type":"ListItem","position":1,"name":"Accueil","item":"https:\/\/hirder.be\/"},{"@type":"ListItem","position":2,"name":"Le Seigneur des Anneaux : La parodie"}]},{"@type":"WebSite","@id":"https:\/\/hirder.be\/#website","url":"https:\/\/hirder.be\/","name":"Le Blog de Hirder","description":"Chassez les succ\u00e8s, c&#039;est mon kiff.","potentialAction":[{"@type":"SearchAction","target":{"@type":"EntryPoint","urlTemplate":"https:\/\/hirder.be\/?s={search_term_string}"},"query-input":{"@type":"PropertyValueSpecification","valueRequired":true,"valueName":"search_term_string"}}],"inLanguage":"fr-BE"}]}},"_links":{"self":[{"href":"https:\/\/hirder.be\/index.php?rest_route=\/wp\/v2\/pages\/92","targetHints":{"allow":["GET"]}}],"collection":[{"href":"https:\/\/hirder.be\/index.php?rest_route=\/wp\/v2\/pages"}],"about":[{"href":"https:\/\/hirder.be\/index.php?rest_route=\/wp\/v2\/types\/page"}],"author":[{"embeddable":true,"href":"https:\/\/hirder.be\/index.php?rest_route=\/wp\/v2\/users\/1"}],"replies":[{"embeddable":true,"href":"https:\/\/hirder.be\/index.php?rest_route=%2Fwp%2Fv2%2Fcomments&post=92"}],"version-history":[{"count":2,"href":"https:\/\/hirder.be\/index.php?rest_route=\/wp\/v2\/pages\/92\/revisions"}],"predecessor-version":[{"id":95,"href":"https:\/\/hirder.be\/index.php?rest_route=\/wp\/v2\/pages\/92\/revisions\/95"}],"wp:attachment":[{"href":"https:\/\/hirder.be\/index.php?rest_route=%2Fwp%2Fv2%2Fmedia&parent=92"}],"curies":[{"name":"wp","href":"https:\/\/api.w.org\/{rel}","templated":true}]}}