{"id":90,"date":"2021-11-01T09:00:00","date_gmt":"2021-11-01T08:00:00","guid":{"rendered":"http:\/\/hirder.be\/?page_id=90"},"modified":"2021-11-08T09:57:46","modified_gmt":"2021-11-08T08:57:46","slug":"liste-de-lecture-octobre-2021","status":"publish","type":"page","link":"https:\/\/hirder.be\/?page_id=90","title":{"rendered":"Liste de Lecture &#8211; Octobre 2021"},"content":{"rendered":"\n<p>Bienvenue dans ce premier \u00e9pisode de la Liste de Lecture. Vous trouverez ici, tous les bouquins, manga et autres support que j&rsquo;ai lu durant le mois d&rsquo;Octobre 2021. Pour chaque ouvrage, il y a le titre, l&rsquo;auteur(rice), l&rsquo;\u00e9diteur et un lien pour se le procurer, ainsi que la date.<\/p>\n\n\n\n<h3 class=\"wp-block-heading\">11\/10\/21 &#8211; One Piece &#8211; T51 de Eiichiro Oda &#8211; Gl\u00e9nat &#8211; <a href=\"https:\/\/www.amazon.fr\/One-Piece-\u00c9dition-originale-supernovae\/dp\/2344001956\" target=\"_blank\" rel=\"noreferrer noopener\">Acheter<\/a> <\/h3>\n\n\n\n<p>Alors que j\u2019ai (re)commenc\u00e9 OP, il y a seulement quelques semaines par les premiers tomes, j\u2019ai vite \u00e9t\u00e9 conquis par l\u2019univers mais aussi par l\u2019histoire et surtout par les personnages. Et ce T51, ne d\u00e9roge \u00e0 aucune des r\u00e8gles que j\u2019ai \u00e9nonc\u00e9 plus haut. Les Mugiwara (c\u2019est comme \u00e7a qu\u2019on dit hein ?), restent dans leurs th\u00e9matiques et sont juste g\u00e9niaux, Luffy above all ! Mais ce qui me fascine le plus ce sont les d\u00e9tails dans les dessins de Oda, qui ne sont jamais superflus. Il suffit de regarder une case pour se rendre compte de la richesse de celle-ci. Et il fait tout \u00e7a en UNE semaine. Je sais qu\u2019il est pas mal aid\u00e9 par ses assistants, mais quand m\u00eame, je lui tire mon chapeau.&nbsp;<br><br>Note : 8\/10<\/p>\n\n\n\n<h3 class=\"wp-block-heading\">12\/10\/21 &#8211; Kaiju No 8 &#8211; T1 de Naoya Matsumoto &#8211; Kaz\u00e9 &#8211; <a href=\"https:\/\/www.amazon.fr\/Kaiju-n\u00b08-T01-Naoya-Matsumoto\/dp\/2820341071\/ref=sr_1_2?__mk_fr_FR=\u00c5M\u00c5\u017d\u00d5\u00d1&amp;crid=2BIH37LI78Y6W&amp;dchild=1&amp;keywords=kaiju+no.+8+tome+1&amp;qid=1633983785&amp;s=books&amp;sprefix=Kaiju%2Cstripbooks%2C181&amp;sr=1-2\" target=\"_blank\" rel=\"noreferrer noopener\">Acheter<\/a><\/h3>\n\n\n\n<p>Premier tome de cette nouvelle s\u00e9rie et je dois dire que Naoya Matsumoto a su mettre les petits plats dans les grands. Un humour un peu b\u00eate, mais plut\u00f4t efficace (d\u00e9dicace \u00e0 la fen\u00eatre de l\u2019h\u00f4pital), des dessins sublimes (les Kaiju sont vraiment bien foutu), l\u00e0 o\u00f9 les traits pour les personnages sont simples ce qui les rend facile \u00e0 discerner (au contraire d\u2019un manga comme l\u2019Attaque des Titans d\u2019Hajime Isayawa ou je trouve le trait horrible pour discerner les personnages). J\u2019ai h\u00e2te de voir o\u00f9 elle va nous emmener avec son histoire.&nbsp;<\/p>\n\n\n\n<p>Note : 7.5\/10<\/p>\n\n\n\n<h3 class=\"wp-block-heading\">12\/10\/21 &#8211; L\u2019Attaque des Titans &#8211; T24 de Hajime Isayawa &#8211; Pika &#8211; <a href=\"https:\/\/www.amazon.fr\/LAttaque-Titans-T24-Hajime-Isayama\/dp\/281163990X\" target=\"_blank\" rel=\"noreferrer noopener\">Acheter<\/a><\/h3>\n\n\n\n<p>L\u2019Attaque des Titans est s\u00fbrement la s\u00e9rie qui m\u2019a le plus marqu\u00e9 ces derni\u00e8res ann\u00e9es. Un concept ultra int\u00e9ressant, des dessins incroyables (surtout sur le c\u00f4t\u00e9 gigantisme des Titans ou de la ville de Trost et Shiganshina), m\u00eame si comme je le disais plus haut, les personnages sont parfois dur \u00e0 reconna\u00eetre. Et c\u2019est d\u2019ailleurs ce qui fait que ce tome est vraiment bon. Un personnage revient que je n\u2019avais pas reconnu (a cause du dessin ou du fait qu\u2019il se soit pass\u00e9 quatre ans entre les T22 et T23 ?) et clairement le plot twist qu\u2019il am\u00e8ne rend le tout encore plus int\u00e9ressant. J\u2019adore ce genre de volume o\u00f9 on a une explication pour tout ce qui s\u2019est pass\u00e9 auparavant. Parmi mon top 3 pour ce manga sans aucun doute.&nbsp;<\/p>\n\n\n\n<p>Note : 8.5\/10<\/p>\n\n\n\n<h3 class=\"wp-block-heading\">13\/10\/21 &#8211; One Piece T52 &#8211; Eiichiro Oda &#8211; Glenat\u00a0&#8211; <a href=\"https:\/\/www.amazon.fr\/One-Piece-\u00c9dition-originale-Rayleigh\/dp\/2344001964\/ref=sr_1_1?__mk_fr_FR=\u00c5M\u00c5\u017d\u00d5\u00d1&amp;crid=17DJ6CK2PVAYD&amp;keywords=one+piece+T52&amp;qid=1636361694&amp;s=books&amp;sprefix=one+piece+t52%2Cstripbooks%2C189&amp;sr=1-1\" target=\"_blank\" rel=\"noreferrer noopener\">Acheter<\/a><\/h3>\n\n\n\n<p>Alors que les Mugiwara sont tous sur l\u2019\u00eele des Sabaody, le danger est de plus en plus pr\u00e9sent. Mais quel tome les amis. Quel tome. Pour une fois dans un manga on sent que les h\u00e9ros sont vraiment en danger et qu\u2019ils risquent leurs peaux constamment \u00e0 force d\u2019affronter des adversaires incroyablement fort. Entre Kizaru, Bartholomew Kura et Rayleigh (bien que ce dernier ne soit pas un ennemi), on sent vraiment que Luffy et les autres ne sont pas assez puissant et \u00e7a malgr\u00e9 toute la puissance qu\u2019ils poss\u00e8dent d\u00e9j\u00e0 ! Un excellent tome dans la continuit\u00e9 du 51.&nbsp;<\/p>\n\n\n\n<p>Note : 8\/10.&nbsp;<\/p>\n\n\n\n<h3 class=\"wp-block-heading\">13\/10\/21 &#8211; One Piece T53 &#8211; Eiichiro Oda &#8211; Glenat &#8211; <a href=\"https:\/\/www.cultura.com\/one-piece-tome-53-9782344001974.html\" target=\"_blank\" rel=\"noreferrer noopener\">Acheter<\/a><\/h3>\n\n\n\n<p>Dans la m\u00eame veine que le T52 on sent le danger \u00e9maner de partout. Et pourtant \u2026 On arrive \u00e0 avoir une accalmie en plein milieu d\u2019un r\u00e9cit. C\u2019est assez dingue cette capacit\u00e9 qu\u2019a Oda pour parvenir \u00e0 nous passionner autant avec son histoire. Un superbe tome avec en plus de cela quelques nouveaux personnages et th\u00e9matiques tr\u00e8s int\u00e9ressantes.&nbsp;<\/p>\n\n\n\n<p>Note : 8\/10<\/p>\n\n\n\n<h3 class=\"wp-block-heading\">14\/10\/21 &#8211; Blue Lock &#8211; T4 de Muneyuki Kaneshiro &amp; Yusuke Nomura &#8211; Pika &#8211; <a href=\"https:\/\/www.cultura.com\/blue-lock-t04-9782811661298.html\" target=\"_blank\" rel=\"noreferrer noopener\">Acheter<\/a><\/h3>\n\n\n\n<p>Alors avec celui l\u00e0 c\u2019est un peu particulier. Dans un premier temps parce que c\u2019est gr\u00e2ce \u00e0 la Belgique qu\u2019il existe. Et oui, sans la d\u00e9faite japonaise \u00e0 la Coupe du Monde en 2018, le manga n\u2019aurait pas vu le jour (tout du moins c\u2019est ce qui lance le manga). Quand \u00e0 l\u2019histoire m\u00eame \u2026 C\u2019est un manga de sport. L\u00e0 o\u00f9 normalement le sport est quelque chose de dynamique il faut pouvoir le dessiner via des poses statiques et je trouve qu\u2019\u00e0 ce jeu la, Yusuke Nomura n\u2019est pas trop en r\u00e9ussite. L\u2019incompr\u00e9hension est parfois de mise et \u00e7a g\u00eane la lecture. Mais si c\u2019est le seul d\u00e9faut que j\u2019ai \u00e0 lui donner il a plein de qualit\u00e9. Une vrai connaissance du sujet d\u2019abord ce qui est plut\u00f4t rare (sauf quant le Mangaka est passionn\u00e9 par le sujet ce qui semble \u00eatre le cas ici). Ensuite, malgr\u00e9 le faite que les dessins par rapport aux sc\u00e8nes dynamique ne sont pas toujours tr\u00e8s clair, les dessins en eux-m\u00eames sont extr\u00eamement bien d\u00e9taill\u00e9 et r\u00e9aliser. Le design des personnages est compl\u00e8tement diff\u00e9rent ce qui permet de bien les reconna\u00eetre, et l\u2019histoire \u00e0 la crois\u00e9e entre un Battle royale et un match de football est juste excellente. J\u2019ai h\u00e2te de conna\u00eetre la suite et ainsi d\u00e9couvrir ou les auteurs vont nous emmener.&nbsp;<\/p>\n\n\n\n<p>Note : 7\/10.&nbsp;<\/p>\n\n\n\n<h3 class=\"wp-block-heading\">15\/10\/21 &#8211; L\u2019Attaque des Titans &#8211; T25 de Hajime Isayama &#8211; Pika &#8211; <a href=\"https:\/\/www.cultura.com\/l-attaque-des-titans-t25-9782811642204.html\" target=\"_blank\" rel=\"noreferrer noopener\">Acheter<\/a><\/h3>\n\n\n\n<p>Ce tome est \u2026 un peu d\u00e9cevant je dois l\u2019avouer. M\u00eame si on continue d\u2019en apprendre plus sur le monde dans lequel vivent Eren, Mikasa et Armin, on y d\u00e9couvre ce qui pourrait potentiellement \u00eatre la fin du manga (donc du T34). Heureusement que les trente derni\u00e8res pages donnent un peu plus de rythme que le reste du tome, parce que selon moi \u00e7a le sauve compl\u00e8tement. Apr\u00e8s \u00e7a reste un bon tome de l\u2019Attaque des Titans, un tout petit peu en de\u00e7\u00e0 des autres cependant.&nbsp;<\/p>\n\n\n\n<p>Note : 6\/10<\/p>\n\n\n\n<h3 class=\"wp-block-heading\">15\/10\/21 &#8211; One Piece &#8211; T54 de Eiichiro Oda &#8211; Gl\u00e9nat &#8211; <a href=\"https:\/\/www.cultura.com\/one-piece-tome-54-9782344001981.html\" target=\"_blank\" rel=\"noreferrer noopener\">Acheter<\/a>\u00a0<\/h3>\n\n\n\n<p>Quel tome ! Non mais quel tome ! En plus de nous ramener des personnages qu\u2019on a d\u00e9j\u00e0 croiser dans d\u2019autres tomes, Oda se permet m\u00eame d\u2019emprunter certaines cr\u00e9atures \u00e0 diff\u00e9rentes mythologies ce qui donne un charme fou a cette prison (bien qu\u2019elle soit remplies de criminels notoires). Un excellent tome donc.&nbsp;<\/p>\n\n\n\n<p>Note : 8\/10.&nbsp;<\/p>\n\n\n\n<h3 class=\"wp-block-heading\">19\/10\/21 &#8211; l\u2019Attaque des Titans &#8211; T26 de Hajime Isayama &#8211; Pika &#8211; <a href=\"https:\/\/www.cultura.com\/l-attaque-des-titans-tome-26-9782811644574.html\" target=\"_blank\" rel=\"noreferrer noopener\">Acheter<\/a><\/h3>\n\n\n\n<p>Le manga prend une tournure plut\u00f4t attendue au vu du d\u00e9roulement des \u00e9v\u00e9nements. La seule chose que je ne comprend pas c\u2019est l\u2019attitude d\u2019Eren. Attention, Spoiler.&nbsp;<\/p>\n\n\n\n<p>C\u2019est bon ?&nbsp;<\/p>\n\n\n\n<p>Ok. Alors \u2026 comment tu expliques le revirement si soudain du personnage ? Je veux dire, qu\u2019\u00e0 la base il veut tuer tous les titans. Bon Grand bien lui fasse. Mais maintenant il en vient \u00e0 d\u00e9tester tous les marh, ce qui en soi est justifiable. Mais pas dans la mani\u00e8re dont il le fait. D\u2019apr\u00e8s ce que j\u2019ai compris, le plan de Eren, n\u2019a pas du tout \u00e9t\u00e9 valid\u00e9 par le Bataillon d\u2018exploration. Ce qui fait qu\u2019il ne leur a pas vraiment laiss\u00e9 le choix. Alors que va-t-il se passer ? C\u2019est la grande question. Je n\u2019arrive pas \u00e0 comprendre comment un personnage qui \u00e9tait si d\u00e9vou\u00e9e \u00e0 sa cause, d\u00e9cide de la trahir aussi soudainement. M\u00eame si l\u2019ellipse de quatre ans a probablement et tr\u00e8s certainement fait changer de mentalit\u00e9 Eren, le manque d\u2019explications nuit actuellement \u00e0 l\u2019histoire.<br><br>Note : 5\/10<\/p>\n\n\n\n<h3 class=\"wp-block-heading\">21\/10\/21 &#8211; L\u2019Attaque des Titans &#8211; T27 de Hajime Isayama &#8211; Pika &#8211; <a href=\"https:\/\/www.cultura.com\/l-attaque-des-titans-t27-9782811646394.html\" target=\"_blank\" rel=\"noreferrer noopener\">Acheter<\/a><\/h3>\n\n\n\n<p>Alors la. Si je m\u2019attendais \u00e0 tous ce qui se passe dans ce tome. Je ne suis globalement pas d\u2019accord avec les protagonistes, mais voir les Eldiens se transformer petit \u00e0 petit en Mahr, c\u2019est assez cocasse tout de m\u00eame. De plus, j\u2019ai vraiment h\u00e2te de conna\u00eetre la fin, d\u2019avoir enfin toutes les cartes en main pour tout comprendre. Le tome en lui m\u00eame n\u2019est pas mauvais, mais c\u2019est clairement pas mon pr\u00e9f\u00e9r\u00e9. J\u2019ai ador\u00e9 les plots twists, mais \u00e7a manquait de grandiose.&nbsp;<\/p>\n\n\n\n<p>Note : 6.5\/10<\/p>\n\n\n\n<h3 class=\"wp-block-heading\">22\/10\/21 &#8211; L&rsquo;Attaque des Titans &#8211; T28 de Hajime Isayama &#8211; Pika &#8211; <a href=\"https:\/\/www.cultura.com\/l-attaque-des-titans-t28-9782811648763.html\" target=\"_blank\" rel=\"noreferrer noopener\">Acheter<\/a><\/h3>\n\n\n\n<p>Ce tome est dans la lign\u00e9e du pr\u00e9c\u00e9dent. Des surprises \u00e0 gogo, un sc\u00e9nario qui rebondit dans tous les sens, mais au final, une histoire qui commence \u00e0 tourner un peu en rond. Je me doute qu&rsquo;Isayama nous a pr\u00e9vu un beau finish (et de ce que j&rsquo;ai pu en voir dans les scans de l&rsquo;\u00e9poque \u00e7a m&rsquo;avait l&rsquo;air d&rsquo;\u00eatre le cas), mais la, je trouve que \u00e7a tourne un peu en rond. M\u00eame si certaines explications bienvenue font leurs apparitions (Pour ceux qui ont lu, je parle surtout de l&rsquo;attitude de Mikasa), je commence vraiment \u00e0 d\u00e9tester le personnage d&rsquo;Eren. C&rsquo;est sans doute voulut, mais voil\u00e0, je ne suis absolument pas d&rsquo;accord avec le personnage. Est-ce que justement, \u00e7a ne fait pas de lui un bon personnage ? Seul les prochains tomes nous le diront. <\/p>\n\n\n\n<p>Note : 6.5\/10 <\/p>\n\n\n\n<h3 class=\"wp-block-heading\">26\/10\/21 &#8211; R\u00e9imp&rsquo; &#8211; T1 de Naoko Mazda &#8211; Gl\u00e9nat &#8211; <a href=\"https:\/\/www.glenat.com\/seinen\/reimp-tome-01-9782344049204\" target=\"_blank\" rel=\"noreferrer noopener\">Acheter<\/a><\/h3>\n\n\n\n<p>Nouvelle s\u00e9rie de chez Glenat qui raconte l\u2019envers du decor de l\u2019\u00e9dition mais cette foi du c\u00f4t\u00e9 des \u00c9diteurs, a l\u2019inverse de Bakuman qui se concentre sur les mangaka. J\u2019avais ador\u00e9 Bakuman en partie parce que l\u2019histoire est g\u00e9niale et que les dessins sont \u00e0 la hauteur. Et ici \u2026 Ce n\u2019est pas le cas. L\u2019histoire est super cool, le chara-design est assez bon pour qu\u2019on reconnaisse les personnage (contrairement \u00e0 chez Isayama hein), mais le dessin en g\u00e9n\u00e9ral est grossier. Je me rappelle d\u2019une case en particulier ou les mains de Kokoro, l\u2019h\u00e9ro\u00efne est bien plus grande que son bras, ce qui rend la proportion assez bizarre pour \u00eatre honn\u00eate. Le reste des dessins sont plut\u00f4t moyens et c\u2019est dommage parce que la couverture nous vend un dessin aux traits propres et fin. Pourtant, vers la fin du tome, j\u2019arrivais a mieux discerner les traits et \u00e0 mieux comprendre qui \u00e9tait qui et sa place dans l\u2019histoire. Parlons en justement, elle est plut\u00f4t fun. La comparaison avec Bakuman s\u2019arr\u00eate au moment o\u00f9 on comprend qu\u2019on a ici le point de vue de l\u2019\u00e9diteur plus que du Mangaka. C\u2019est important aussi de comprendre qu\u2019un manga, ce n\u2019est pas juste le Mangaka et ses assistants, mais aussi son responsable \u00e9ditorial et les commerciaux (qui sont parfois responsables de fiasco). Bref, je lirais la suite par curiosit\u00e9 c\u2019est sur.&nbsp;<\/p>\n\n\n\n<p>Note : 6\/10.&nbsp;<\/p>\n\n\n\n<h3 class=\"wp-block-heading\">27\/10\/21 &#8211; L\u2019Attaque des Titans &#8211; T29 de Hajime Isayama &#8211; <a href=\"https:\/\/www.amazon.fr\/LAttaque-Titans-T29-Hajime-Isayama\/dp\/2811650520\" target=\"_blank\" rel=\"noreferrer noopener\">Acheter<\/a>\u00a0<\/h3>\n\n\n\n<p>Ce tome 29 va \u00eatre les pr\u00e9misses d\u2019un truc vraiment lourd je le sens. Enfin Isayama \u00e9met l\u2019hypoth\u00e8se qu\u2019Eren n\u2019a pas changer. Et enfin on a une vraie r\u00e9ponse de la part de Marh. C\u2019est un tr\u00e8s bon tome je dois l\u2019admettre. Les dessins sont juste magnifique, avec le quartier de Shiganshina au centre de tout. Un bon tome.&nbsp;<\/p>\n\n\n\n<p>Note : 7\/10&nbsp;<\/p>\n\n\n\n<h3 class=\"wp-block-heading\">27\/10\/21 &#8211; L\u2019Attaque des Titans &#8211; T30 de Hajime Isayama &#8211; <a href=\"https:\/\/www.amazon.fr\/LAttaque-Titans-T30-Hajime-Isayama\/dp\/281165321X\/ref=sr_1_1?__mk_fr_FR=\u00c5M\u00c5\u017d\u00d5\u00d1&amp;crid=RIR1TH7Y11D2&amp;keywords=attaque+des+titans+T30&amp;qid=1636361597&amp;s=books&amp;sprefix=attaque+des+titans+t30%2Cstripbooks%2C119&amp;sr=1-1\" target=\"_blank\" rel=\"noreferrer noopener\">Acheter<\/a><\/h3>\n\n\n\n<p>Si je m\u2019attendais \u00e0 \u00e7a. Un tome remplit de r\u00e9v\u00e9lations, que \u00e7a soit sur le monde, ou sur les gens en g\u00e9n\u00e9ral. J\u2019ai vraiment d\u00e9vorer ce tome. Je l\u2019ai lu en 30 minutes tellement j\u2019\u00e9tais passionn\u00e9 par l\u2019histoire. C\u2019est clairement le genre de tome qui me fait aimer un manga jusqu\u2019au bout. Et il valait clairement la peine d\u2019attendre. Les r\u00e9ponses sont cens\u00e9s et m\u00eame si tout n\u2019est pas expliqu\u00e9, tout fait sens. Le meilleure tome jusqu\u2019\u00e0 pr\u00e9sent.&nbsp;<\/p>\n\n\n\n<p>Note : 9\/10.\u00a0<\/p>\n\n\n\n<p><\/p>\n\n\n\n<p>Et voil\u00e0, c&rsquo;est tout pour ce mois d&rsquo;octobre ! <\/p>\n","protected":false},"excerpt":{"rendered":"<p>Bienvenue dans ce premier \u00e9pisode de la Liste de Lecture. Vous trouverez ici, tous les bouquins, manga et autres support&hellip;<\/p>\n","protected":false},"author":1,"featured_media":0,"parent":0,"menu_order":0,"comment_status":"closed","ping_status":"closed","template":"","meta":{"footnotes":""},"class_list":["post-90","page","type-page","status-publish","hentry"],"yoast_head":"<!-- This site is optimized with the Yoast SEO plugin v27.5 - https:\/\/yoast.com\/product\/yoast-seo-wordpress\/ -->\n<title>Liste de Lecture - Octobre 2021 - Le Blog de Hirder<\/title>\n<meta name=\"description\" content=\"Les romans et mangas lus par Hirder durant le mois d&#039;octobre 2021 : One Pi\u00e8ce, Attaques des Titans, Reims et Blue Lock !\" \/>\n<meta name=\"robots\" content=\"index, follow, max-snippet:-1, max-image-preview:large, max-video-preview:-1\" \/>\n<link rel=\"canonical\" href=\"https:\/\/hirder.be\/?page_id=90\" \/>\n<meta property=\"og:locale\" content=\"fr_FR\" \/>\n<meta property=\"og:type\" content=\"article\" \/>\n<meta property=\"og:title\" content=\"Liste de Lecture - Octobre 2021 - Le Blog de Hirder\" \/>\n<meta property=\"og:description\" content=\"Les romans et mangas lus par Hirder durant le mois d&#039;octobre 2021 : One Pi\u00e8ce, Attaques des Titans, Reims et Blue Lock !\" \/>\n<meta property=\"og:url\" content=\"https:\/\/hirder.be\/?page_id=90\" \/>\n<meta property=\"og:site_name\" content=\"Le Blog de Hirder\" \/>\n<meta property=\"article:modified_time\" content=\"2021-11-08T08:57:46+00:00\" \/>\n<meta name=\"twitter:card\" content=\"summary_large_image\" \/>\n<meta name=\"twitter:label1\" content=\"Dur\u00e9e de lecture est.\" \/>\n\t<meta name=\"twitter:data1\" content=\"9 minutes\" \/>\n<script type=\"application\/ld+json\" class=\"yoast-schema-graph\">{\"@context\":\"https:\\\/\\\/schema.org\",\"@graph\":[{\"@type\":\"WebPage\",\"@id\":\"https:\\\/\\\/hirder.be\\\/?page_id=90\",\"url\":\"https:\\\/\\\/hirder.be\\\/?page_id=90\",\"name\":\"Liste de Lecture - Octobre 2021 - Le Blog de Hirder\",\"isPartOf\":{\"@id\":\"https:\\\/\\\/hirder.be\\\/#website\"},\"datePublished\":\"2021-11-01T08:00:00+00:00\",\"dateModified\":\"2021-11-08T08:57:46+00:00\",\"description\":\"Les romans et mangas lus par Hirder durant le mois d'octobre 2021 : One Pi\u00e8ce, Attaques des Titans, Reims et Blue Lock !\",\"breadcrumb\":{\"@id\":\"https:\\\/\\\/hirder.be\\\/?page_id=90#breadcrumb\"},\"inLanguage\":\"fr-BE\",\"potentialAction\":[{\"@type\":\"ReadAction\",\"target\":[\"https:\\\/\\\/hirder.be\\\/?page_id=90\"]}]},{\"@type\":\"BreadcrumbList\",\"@id\":\"https:\\\/\\\/hirder.be\\\/?page_id=90#breadcrumb\",\"itemListElement\":[{\"@type\":\"ListItem\",\"position\":1,\"name\":\"Accueil\",\"item\":\"https:\\\/\\\/hirder.be\\\/\"},{\"@type\":\"ListItem\",\"position\":2,\"name\":\"Liste de Lecture &#8211; Octobre 2021\"}]},{\"@type\":\"WebSite\",\"@id\":\"https:\\\/\\\/hirder.be\\\/#website\",\"url\":\"https:\\\/\\\/hirder.be\\\/\",\"name\":\"Le Blog de Hirder\",\"description\":\"Chassez les succ\u00e8s, c&#039;est mon kiff.\",\"potentialAction\":[{\"@type\":\"SearchAction\",\"target\":{\"@type\":\"EntryPoint\",\"urlTemplate\":\"https:\\\/\\\/hirder.be\\\/?s={search_term_string}\"},\"query-input\":{\"@type\":\"PropertyValueSpecification\",\"valueRequired\":true,\"valueName\":\"search_term_string\"}}],\"inLanguage\":\"fr-BE\"}]}<\/script>\n<!-- \/ Yoast SEO plugin. -->","yoast_head_json":{"title":"Liste de Lecture - Octobre 2021 - Le Blog de Hirder","description":"Les romans et mangas lus par Hirder durant le mois d'octobre 2021 : One Pi\u00e8ce, Attaques des Titans, Reims et Blue Lock !","robots":{"index":"index","follow":"follow","max-snippet":"max-snippet:-1","max-image-preview":"max-image-preview:large","max-video-preview":"max-video-preview:-1"},"canonical":"https:\/\/hirder.be\/?page_id=90","og_locale":"fr_FR","og_type":"article","og_title":"Liste de Lecture - Octobre 2021 - Le Blog de Hirder","og_description":"Les romans et mangas lus par Hirder durant le mois d'octobre 2021 : One Pi\u00e8ce, Attaques des Titans, Reims et Blue Lock !","og_url":"https:\/\/hirder.be\/?page_id=90","og_site_name":"Le Blog de Hirder","article_modified_time":"2021-11-08T08:57:46+00:00","twitter_card":"summary_large_image","twitter_misc":{"Dur\u00e9e de lecture est.":"9 minutes"},"schema":{"@context":"https:\/\/schema.org","@graph":[{"@type":"WebPage","@id":"https:\/\/hirder.be\/?page_id=90","url":"https:\/\/hirder.be\/?page_id=90","name":"Liste de Lecture - Octobre 2021 - Le Blog de Hirder","isPartOf":{"@id":"https:\/\/hirder.be\/#website"},"datePublished":"2021-11-01T08:00:00+00:00","dateModified":"2021-11-08T08:57:46+00:00","description":"Les romans et mangas lus par Hirder durant le mois d'octobre 2021 : One Pi\u00e8ce, Attaques des Titans, Reims et Blue Lock !","breadcrumb":{"@id":"https:\/\/hirder.be\/?page_id=90#breadcrumb"},"inLanguage":"fr-BE","potentialAction":[{"@type":"ReadAction","target":["https:\/\/hirder.be\/?page_id=90"]}]},{"@type":"BreadcrumbList","@id":"https:\/\/hirder.be\/?page_id=90#breadcrumb","itemListElement":[{"@type":"ListItem","position":1,"name":"Accueil","item":"https:\/\/hirder.be\/"},{"@type":"ListItem","position":2,"name":"Liste de Lecture &#8211; Octobre 2021"}]},{"@type":"WebSite","@id":"https:\/\/hirder.be\/#website","url":"https:\/\/hirder.be\/","name":"Le Blog de Hirder","description":"Chassez les succ\u00e8s, c&#039;est mon kiff.","potentialAction":[{"@type":"SearchAction","target":{"@type":"EntryPoint","urlTemplate":"https:\/\/hirder.be\/?s={search_term_string}"},"query-input":{"@type":"PropertyValueSpecification","valueRequired":true,"valueName":"search_term_string"}}],"inLanguage":"fr-BE"}]}},"_links":{"self":[{"href":"https:\/\/hirder.be\/index.php?rest_route=\/wp\/v2\/pages\/90","targetHints":{"allow":["GET"]}}],"collection":[{"href":"https:\/\/hirder.be\/index.php?rest_route=\/wp\/v2\/pages"}],"about":[{"href":"https:\/\/hirder.be\/index.php?rest_route=\/wp\/v2\/types\/page"}],"author":[{"embeddable":true,"href":"https:\/\/hirder.be\/index.php?rest_route=\/wp\/v2\/users\/1"}],"replies":[{"embeddable":true,"href":"https:\/\/hirder.be\/index.php?rest_route=%2Fwp%2Fv2%2Fcomments&post=90"}],"version-history":[{"count":4,"href":"https:\/\/hirder.be\/index.php?rest_route=\/wp\/v2\/pages\/90\/revisions"}],"predecessor-version":[{"id":128,"href":"https:\/\/hirder.be\/index.php?rest_route=\/wp\/v2\/pages\/90\/revisions\/128"}],"wp:attachment":[{"href":"https:\/\/hirder.be\/index.php?rest_route=%2Fwp%2Fv2%2Fmedia&parent=90"}],"curies":[{"name":"wp","href":"https:\/\/api.w.org\/{rel}","templated":true}]}}