{"id":78,"date":"2021-10-11T22:09:11","date_gmt":"2021-10-11T20:09:11","guid":{"rendered":"http:\/\/hirder.be\/?page_id=78"},"modified":"2023-01-01T15:23:09","modified_gmt":"2023-01-01T14:23:09","slug":"liste-de-lecture","status":"publish","type":"page","link":"https:\/\/hirder.be\/?page_id=78","title":{"rendered":"Liste de Lecture"},"content":{"rendered":"\n<p>Dans cette page, vous retrouverez toutes mes listes de lecture. mais qu&rsquo;est-ce donc ? Et bien les listes de lecture sont un format que je fais une fois par mois (le premier jour du mois en g\u00e9n\u00e9ral), ou je donne mon avis sur les livres, manges, bandes dessin\u00e9es et autres support que j&rsquo;ai lu durant le mois pr\u00e9c\u00e9dent.<\/p>\n\n\n\n<p>Actuellement, seul deux ann\u00e9es sont disponible. je mettrais cette page \u00e0 jour au fur et \u00e0 mesure que la suite arrive. <\/p>\n\n\n\n<figure class=\"wp-block-table is-style-regular\"><table class=\"has-white-color has-vivid-purple-background-color has-text-color has-background\"><thead><tr><th class=\"has-text-align-center\" data-align=\"center\">Ann\u00e9e<\/th><th class=\"has-text-align-center\" data-align=\"center\">Ann\u00e9e<\/th><\/tr><\/thead><tbody><tr><td class=\"has-text-align-center\" data-align=\"center\"><a href=\"https:\/\/hirder.be\/liste-de-lecture-2021\/\"><mark style=\"background-color:rgba(0, 0, 0, 0)\" class=\"has-inline-color has-white-color\">2021<\/mark><\/a><\/td><td class=\"has-text-align-center\" data-align=\"center\"><a href=\"https:\/\/hirder.be\/liste-de-lecture-2022\/\"><mark style=\"background-color:rgba(0, 0, 0, 0)\" class=\"has-inline-color has-white-color\">2022<\/mark><\/a><\/td><\/tr><\/tbody><\/table><figcaption class=\"wp-element-caption\">Derni\u00e8re mise \u00e0 jour : 01\/01\/2023<\/figcaption><\/figure>\n","protected":false},"excerpt":{"rendered":"<p>Dans cette page, vous retrouverez toutes mes listes de lecture. mais qu&rsquo;est-ce donc ? Et bien les listes de lecture&hellip;<\/p>\n","protected":false},"author":1,"featured_media":0,"parent":0,"menu_order":0,"comment_status":"closed","ping_status":"closed","template":"","meta":{"footnotes":""},"class_list":["post-78","page","type-page","status-publish","hentry"],"yoast_head":"<!-- This site is optimized with the Yoast SEO plugin v27.5 - https:\/\/yoast.com\/product\/yoast-seo-wordpress\/ -->\n<title>Liste de Lecture - Le Blog de Hirder<\/title>\n<meta name=\"description\" content=\"Cette page regroupe les Liste de Lectures de Hirder. - Le Blog de Hirder - Liste de Lecture -\" \/>\n<meta name=\"robots\" content=\"index, follow, max-snippet:-1, max-image-preview:large, max-video-preview:-1\" \/>\n<link rel=\"canonical\" href=\"https:\/\/hirder.be\/?page_id=78\" \/>\n<meta property=\"og:locale\" content=\"fr_FR\" \/>\n<meta property=\"og:type\" content=\"article\" \/>\n<meta property=\"og:title\" content=\"Liste de Lecture - Le Blog de Hirder\" \/>\n<meta property=\"og:description\" content=\"Cette page regroupe les Liste de Lectures de Hirder. - Le Blog de Hirder - Liste de Lecture -\" \/>\n<meta property=\"og:url\" content=\"https:\/\/hirder.be\/?page_id=78\" \/>\n<meta property=\"og:site_name\" content=\"Le Blog de Hirder\" \/>\n<meta property=\"article:modified_time\" content=\"2023-01-01T14:23:09+00:00\" \/>\n<meta name=\"twitter:card\" content=\"summary_large_image\" \/>\n<meta name=\"twitter:label1\" content=\"Dur\u00e9e de lecture est.\" \/>\n\t<meta name=\"twitter:data1\" content=\"1 minute\" \/>\n<script type=\"application\/ld+json\" class=\"yoast-schema-graph\">{\"@context\":\"https:\\\/\\\/schema.org\",\"@graph\":[{\"@type\":\"WebPage\",\"@id\":\"https:\\\/\\\/hirder.be\\\/?page_id=78\",\"url\":\"https:\\\/\\\/hirder.be\\\/?page_id=78\",\"name\":\"Liste de Lecture - Le Blog de Hirder\",\"isPartOf\":{\"@id\":\"https:\\\/\\\/hirder.be\\\/#website\"},\"datePublished\":\"2021-10-11T20:09:11+00:00\",\"dateModified\":\"2023-01-01T14:23:09+00:00\",\"description\":\"Cette page regroupe les Liste de Lectures de Hirder. - Le Blog de Hirder - Liste de Lecture -\",\"breadcrumb\":{\"@id\":\"https:\\\/\\\/hirder.be\\\/?page_id=78#breadcrumb\"},\"inLanguage\":\"fr-BE\",\"potentialAction\":[{\"@type\":\"ReadAction\",\"target\":[\"https:\\\/\\\/hirder.be\\\/?page_id=78\"]}]},{\"@type\":\"BreadcrumbList\",\"@id\":\"https:\\\/\\\/hirder.be\\\/?page_id=78#breadcrumb\",\"itemListElement\":[{\"@type\":\"ListItem\",\"position\":1,\"name\":\"Accueil\",\"item\":\"https:\\\/\\\/hirder.be\\\/\"},{\"@type\":\"ListItem\",\"position\":2,\"name\":\"Liste de Lecture\"}]},{\"@type\":\"WebSite\",\"@id\":\"https:\\\/\\\/hirder.be\\\/#website\",\"url\":\"https:\\\/\\\/hirder.be\\\/\",\"name\":\"Le Blog de Hirder\",\"description\":\"Chassez les succ\u00e8s, c&#039;est mon kiff.\",\"potentialAction\":[{\"@type\":\"SearchAction\",\"target\":{\"@type\":\"EntryPoint\",\"urlTemplate\":\"https:\\\/\\\/hirder.be\\\/?s={search_term_string}\"},\"query-input\":{\"@type\":\"PropertyValueSpecification\",\"valueRequired\":true,\"valueName\":\"search_term_string\"}}],\"inLanguage\":\"fr-BE\"}]}<\/script>\n<!-- \/ Yoast SEO plugin. -->","yoast_head_json":{"title":"Liste de Lecture - Le Blog de Hirder","description":"Cette page regroupe les Liste de Lectures de Hirder. - Le Blog de Hirder - Liste de Lecture -","robots":{"index":"index","follow":"follow","max-snippet":"max-snippet:-1","max-image-preview":"max-image-preview:large","max-video-preview":"max-video-preview:-1"},"canonical":"https:\/\/hirder.be\/?page_id=78","og_locale":"fr_FR","og_type":"article","og_title":"Liste de Lecture - Le Blog de Hirder","og_description":"Cette page regroupe les Liste de Lectures de Hirder. - Le Blog de Hirder - Liste de Lecture -","og_url":"https:\/\/hirder.be\/?page_id=78","og_site_name":"Le Blog de Hirder","article_modified_time":"2023-01-01T14:23:09+00:00","twitter_card":"summary_large_image","twitter_misc":{"Dur\u00e9e de lecture est.":"1 minute"},"schema":{"@context":"https:\/\/schema.org","@graph":[{"@type":"WebPage","@id":"https:\/\/hirder.be\/?page_id=78","url":"https:\/\/hirder.be\/?page_id=78","name":"Liste de Lecture - Le Blog de Hirder","isPartOf":{"@id":"https:\/\/hirder.be\/#website"},"datePublished":"2021-10-11T20:09:11+00:00","dateModified":"2023-01-01T14:23:09+00:00","description":"Cette page regroupe les Liste de Lectures de Hirder. - Le Blog de Hirder - Liste de Lecture -","breadcrumb":{"@id":"https:\/\/hirder.be\/?page_id=78#breadcrumb"},"inLanguage":"fr-BE","potentialAction":[{"@type":"ReadAction","target":["https:\/\/hirder.be\/?page_id=78"]}]},{"@type":"BreadcrumbList","@id":"https:\/\/hirder.be\/?page_id=78#breadcrumb","itemListElement":[{"@type":"ListItem","position":1,"name":"Accueil","item":"https:\/\/hirder.be\/"},{"@type":"ListItem","position":2,"name":"Liste de Lecture"}]},{"@type":"WebSite","@id":"https:\/\/hirder.be\/#website","url":"https:\/\/hirder.be\/","name":"Le Blog de Hirder","description":"Chassez les succ\u00e8s, c&#039;est mon kiff.","potentialAction":[{"@type":"SearchAction","target":{"@type":"EntryPoint","urlTemplate":"https:\/\/hirder.be\/?s={search_term_string}"},"query-input":{"@type":"PropertyValueSpecification","valueRequired":true,"valueName":"search_term_string"}}],"inLanguage":"fr-BE"}]}},"_links":{"self":[{"href":"https:\/\/hirder.be\/index.php?rest_route=\/wp\/v2\/pages\/78","targetHints":{"allow":["GET"]}}],"collection":[{"href":"https:\/\/hirder.be\/index.php?rest_route=\/wp\/v2\/pages"}],"about":[{"href":"https:\/\/hirder.be\/index.php?rest_route=\/wp\/v2\/types\/page"}],"author":[{"embeddable":true,"href":"https:\/\/hirder.be\/index.php?rest_route=\/wp\/v2\/users\/1"}],"replies":[{"embeddable":true,"href":"https:\/\/hirder.be\/index.php?rest_route=%2Fwp%2Fv2%2Fcomments&post=78"}],"version-history":[{"count":2,"href":"https:\/\/hirder.be\/index.php?rest_route=\/wp\/v2\/pages\/78\/revisions"}],"predecessor-version":[{"id":491,"href":"https:\/\/hirder.be\/index.php?rest_route=\/wp\/v2\/pages\/78\/revisions\/491"}],"wp:attachment":[{"href":"https:\/\/hirder.be\/index.php?rest_route=%2Fwp%2Fv2%2Fmedia&parent=78"}],"curies":[{"name":"wp","href":"https:\/\/api.w.org\/{rel}","templated":true}]}}