{"id":59,"date":"2021-09-29T13:10:05","date_gmt":"2021-09-29T11:10:05","guid":{"rendered":"http:\/\/hirder.be\/?page_id=59"},"modified":"2021-09-29T13:10:06","modified_gmt":"2021-09-29T11:10:06","slug":"reseaux-sociaux","status":"publish","type":"page","link":"https:\/\/hirder.be\/?page_id=59","title":{"rendered":"R\u00e9seaux Sociaux"},"content":{"rendered":"\n<h2 class=\"wp-block-heading\">Liens vers mes RS<\/h2>\n\n\n\n<p>Bonjour ! <\/p>\n\n\n\n<p>Si tu es sur cette page, c&rsquo;est que tu cherches forc\u00e9ment \u00e0 retrouver mes r\u00e9seaux sociaux ou je suis bien plus actifs qu&rsquo;ici ou je publie de temps \u00e0 autre. Voici donc la liste de mes principaux RS. <\/p>\n\n\n\n<ol class=\"wp-block-list\"><li><a href=\"http:\/\/facebook.com\/Hirderofficiel\">Facebook<\/a> <\/li><li><a href=\"http:\/\/twitter.com\/TheHirder\" target=\"_blank\" rel=\"noreferrer noopener\">Twitter<\/a><\/li><li><a href=\"http:\/\/twitch.tv\/Hirder\" target=\"_blank\" rel=\"noreferrer noopener\">Twitch<\/a><\/li><li><a href=\"http:\/\/youtube.com\/c\/TheHirder\" target=\"_blank\" rel=\"noreferrer noopener\">Youtube<\/a><\/li><li><a href=\"https:\/\/www.instagram.com\/hirdergram\/\" target=\"_blank\" rel=\"noreferrer noopener\">Instagram<\/a><\/li><\/ol>\n\n\n\n<p>J&rsquo;esp\u00e8re vous aurez trouv\u00e9 votre bonheur ! <\/p>\n","protected":false},"excerpt":{"rendered":"<p>Liens vers mes RS Bonjour ! Si tu es sur cette page, c&rsquo;est que tu cherches forc\u00e9ment \u00e0 retrouver mes&hellip;<\/p>\n","protected":false},"author":1,"featured_media":0,"parent":0,"menu_order":0,"comment_status":"closed","ping_status":"closed","template":"","meta":{"footnotes":""},"class_list":["post-59","page","type-page","status-publish","hentry"],"yoast_head":"<!-- This site is optimized with the Yoast SEO plugin v27.5 - https:\/\/yoast.com\/product\/yoast-seo-wordpress\/ -->\n<title>R\u00e9seaux Sociaux - Le Blog de Hirder<\/title>\n<meta name=\"description\" content=\"R\u00e9seaux sociaux de Hirder afin de le suivre partout ou il est actif sur les Internets. - Le Blog de Hirder -\" \/>\n<meta name=\"robots\" content=\"index, follow, max-snippet:-1, max-image-preview:large, max-video-preview:-1\" \/>\n<link rel=\"canonical\" href=\"https:\/\/hirder.be\/?page_id=59\" \/>\n<meta property=\"og:locale\" content=\"fr_FR\" \/>\n<meta property=\"og:type\" content=\"article\" \/>\n<meta property=\"og:title\" content=\"R\u00e9seaux Sociaux - Le Blog de Hirder\" \/>\n<meta property=\"og:description\" content=\"R\u00e9seaux sociaux de Hirder afin de le suivre partout ou il est actif sur les Internets. - Le Blog de Hirder -\" \/>\n<meta property=\"og:url\" content=\"https:\/\/hirder.be\/?page_id=59\" \/>\n<meta property=\"og:site_name\" content=\"Le Blog de Hirder\" \/>\n<meta property=\"article:modified_time\" content=\"2021-09-29T11:10:06+00:00\" \/>\n<meta name=\"twitter:card\" content=\"summary_large_image\" \/>\n<meta name=\"twitter:label1\" content=\"Dur\u00e9e de lecture est.\" \/>\n\t<meta name=\"twitter:data1\" content=\"1 minute\" \/>\n<script type=\"application\/ld+json\" class=\"yoast-schema-graph\">{\"@context\":\"https:\\\/\\\/schema.org\",\"@graph\":[{\"@type\":\"WebPage\",\"@id\":\"https:\\\/\\\/hirder.be\\\/?page_id=59\",\"url\":\"https:\\\/\\\/hirder.be\\\/?page_id=59\",\"name\":\"R\u00e9seaux Sociaux - Le Blog de Hirder\",\"isPartOf\":{\"@id\":\"https:\\\/\\\/hirder.be\\\/#website\"},\"datePublished\":\"2021-09-29T11:10:05+00:00\",\"dateModified\":\"2021-09-29T11:10:06+00:00\",\"description\":\"R\u00e9seaux sociaux de Hirder afin de le suivre partout ou il est actif sur les Internets. - Le Blog de Hirder -\",\"breadcrumb\":{\"@id\":\"https:\\\/\\\/hirder.be\\\/?page_id=59#breadcrumb\"},\"inLanguage\":\"fr-BE\",\"potentialAction\":[{\"@type\":\"ReadAction\",\"target\":[\"https:\\\/\\\/hirder.be\\\/?page_id=59\"]}]},{\"@type\":\"BreadcrumbList\",\"@id\":\"https:\\\/\\\/hirder.be\\\/?page_id=59#breadcrumb\",\"itemListElement\":[{\"@type\":\"ListItem\",\"position\":1,\"name\":\"Accueil\",\"item\":\"https:\\\/\\\/hirder.be\\\/\"},{\"@type\":\"ListItem\",\"position\":2,\"name\":\"R\u00e9seaux Sociaux\"}]},{\"@type\":\"WebSite\",\"@id\":\"https:\\\/\\\/hirder.be\\\/#website\",\"url\":\"https:\\\/\\\/hirder.be\\\/\",\"name\":\"Le Blog de Hirder\",\"description\":\"Chassez les succ\u00e8s, c&#039;est mon kiff.\",\"potentialAction\":[{\"@type\":\"SearchAction\",\"target\":{\"@type\":\"EntryPoint\",\"urlTemplate\":\"https:\\\/\\\/hirder.be\\\/?s={search_term_string}\"},\"query-input\":{\"@type\":\"PropertyValueSpecification\",\"valueRequired\":true,\"valueName\":\"search_term_string\"}}],\"inLanguage\":\"fr-BE\"}]}<\/script>\n<!-- \/ Yoast SEO plugin. -->","yoast_head_json":{"title":"R\u00e9seaux Sociaux - Le Blog de Hirder","description":"R\u00e9seaux sociaux de Hirder afin de le suivre partout ou il est actif sur les Internets. - Le Blog de Hirder -","robots":{"index":"index","follow":"follow","max-snippet":"max-snippet:-1","max-image-preview":"max-image-preview:large","max-video-preview":"max-video-preview:-1"},"canonical":"https:\/\/hirder.be\/?page_id=59","og_locale":"fr_FR","og_type":"article","og_title":"R\u00e9seaux Sociaux - Le Blog de Hirder","og_description":"R\u00e9seaux sociaux de Hirder afin de le suivre partout ou il est actif sur les Internets. - Le Blog de Hirder -","og_url":"https:\/\/hirder.be\/?page_id=59","og_site_name":"Le Blog de Hirder","article_modified_time":"2021-09-29T11:10:06+00:00","twitter_card":"summary_large_image","twitter_misc":{"Dur\u00e9e de lecture est.":"1 minute"},"schema":{"@context":"https:\/\/schema.org","@graph":[{"@type":"WebPage","@id":"https:\/\/hirder.be\/?page_id=59","url":"https:\/\/hirder.be\/?page_id=59","name":"R\u00e9seaux Sociaux - Le Blog de Hirder","isPartOf":{"@id":"https:\/\/hirder.be\/#website"},"datePublished":"2021-09-29T11:10:05+00:00","dateModified":"2021-09-29T11:10:06+00:00","description":"R\u00e9seaux sociaux de Hirder afin de le suivre partout ou il est actif sur les Internets. - Le Blog de Hirder -","breadcrumb":{"@id":"https:\/\/hirder.be\/?page_id=59#breadcrumb"},"inLanguage":"fr-BE","potentialAction":[{"@type":"ReadAction","target":["https:\/\/hirder.be\/?page_id=59"]}]},{"@type":"BreadcrumbList","@id":"https:\/\/hirder.be\/?page_id=59#breadcrumb","itemListElement":[{"@type":"ListItem","position":1,"name":"Accueil","item":"https:\/\/hirder.be\/"},{"@type":"ListItem","position":2,"name":"R\u00e9seaux Sociaux"}]},{"@type":"WebSite","@id":"https:\/\/hirder.be\/#website","url":"https:\/\/hirder.be\/","name":"Le Blog de Hirder","description":"Chassez les succ\u00e8s, c&#039;est mon kiff.","potentialAction":[{"@type":"SearchAction","target":{"@type":"EntryPoint","urlTemplate":"https:\/\/hirder.be\/?s={search_term_string}"},"query-input":{"@type":"PropertyValueSpecification","valueRequired":true,"valueName":"search_term_string"}}],"inLanguage":"fr-BE"}]}},"_links":{"self":[{"href":"https:\/\/hirder.be\/index.php?rest_route=\/wp\/v2\/pages\/59","targetHints":{"allow":["GET"]}}],"collection":[{"href":"https:\/\/hirder.be\/index.php?rest_route=\/wp\/v2\/pages"}],"about":[{"href":"https:\/\/hirder.be\/index.php?rest_route=\/wp\/v2\/types\/page"}],"author":[{"embeddable":true,"href":"https:\/\/hirder.be\/index.php?rest_route=\/wp\/v2\/users\/1"}],"replies":[{"embeddable":true,"href":"https:\/\/hirder.be\/index.php?rest_route=%2Fwp%2Fv2%2Fcomments&post=59"}],"version-history":[{"count":1,"href":"https:\/\/hirder.be\/index.php?rest_route=\/wp\/v2\/pages\/59\/revisions"}],"predecessor-version":[{"id":60,"href":"https:\/\/hirder.be\/index.php?rest_route=\/wp\/v2\/pages\/59\/revisions\/60"}],"wp:attachment":[{"href":"https:\/\/hirder.be\/index.php?rest_route=%2Fwp%2Fv2%2Fmedia&parent=59"}],"curies":[{"name":"wp","href":"https:\/\/api.w.org\/{rel}","templated":true}]}}