{"id":52,"date":"2021-09-29T12:26:52","date_gmt":"2021-09-29T10:26:52","guid":{"rendered":"http:\/\/hirderr.cluster030.hosting.ovh.net\/?page_id=52"},"modified":"2021-10-11T22:10:37","modified_gmt":"2021-10-11T20:10:37","slug":"donwload","status":"publish","type":"page","link":"https:\/\/hirder.be\/?page_id=52","title":{"rendered":"Donwload"},"content":{"rendered":"\n<p>Vous trouverez ici tous ce que j&rsquo;ai produit du temps ou je faisais des Saga MP3 notamment. Dans un avenir proche, lorsque j&rsquo;aurais tout tri\u00e9, je vous permettrai de t\u00e9l\u00e9charger plus de choses. <br><br><a href=\"https:\/\/hirder.be\/saga-mp3\/\" target=\"_blank\" rel=\"noreferrer noopener\">Saga MP3<\/a><\/p>\n","protected":false},"excerpt":{"rendered":"<p>Vous trouverez ici tous ce que j&rsquo;ai produit du temps ou je faisais des Saga MP3 notamment. Dans un avenir&hellip;<\/p>\n","protected":false},"author":1,"featured_media":0,"parent":0,"menu_order":0,"comment_status":"closed","ping_status":"closed","template":"","meta":{"footnotes":""},"class_list":["post-52","page","type-page","status-publish","hentry"],"yoast_head":"<!-- This site is optimized with the Yoast SEO plugin v27.5 - https:\/\/yoast.com\/product\/yoast-seo-wordpress\/ -->\n<title>Donwload - Le Blog de Hirder<\/title>\n<meta name=\"robots\" content=\"index, follow, max-snippet:-1, max-image-preview:large, max-video-preview:-1\" \/>\n<link rel=\"canonical\" href=\"https:\/\/hirder.be\/?page_id=52\" \/>\n<meta property=\"og:locale\" content=\"fr_FR\" \/>\n<meta property=\"og:type\" content=\"article\" \/>\n<meta property=\"og:title\" content=\"Donwload - Le Blog de Hirder\" \/>\n<meta property=\"og:description\" content=\"Vous trouverez ici tous ce que j&rsquo;ai produit du temps ou je faisais des Saga MP3 notamment. Dans un avenir&hellip;\" \/>\n<meta property=\"og:url\" content=\"https:\/\/hirder.be\/?page_id=52\" \/>\n<meta property=\"og:site_name\" content=\"Le Blog de Hirder\" \/>\n<meta property=\"article:modified_time\" content=\"2021-10-11T20:10:37+00:00\" \/>\n<meta name=\"twitter:card\" content=\"summary_large_image\" \/>\n<meta name=\"twitter:label1\" content=\"Dur\u00e9e de lecture est.\" \/>\n\t<meta name=\"twitter:data1\" content=\"1 minute\" \/>\n<script type=\"application\/ld+json\" class=\"yoast-schema-graph\">{\"@context\":\"https:\\\/\\\/schema.org\",\"@graph\":[{\"@type\":\"WebPage\",\"@id\":\"https:\\\/\\\/hirder.be\\\/?page_id=52\",\"url\":\"https:\\\/\\\/hirder.be\\\/?page_id=52\",\"name\":\"Donwload - Le Blog de Hirder\",\"isPartOf\":{\"@id\":\"https:\\\/\\\/hirder.be\\\/#website\"},\"datePublished\":\"2021-09-29T10:26:52+00:00\",\"dateModified\":\"2021-10-11T20:10:37+00:00\",\"breadcrumb\":{\"@id\":\"https:\\\/\\\/hirder.be\\\/?page_id=52#breadcrumb\"},\"inLanguage\":\"fr-BE\",\"potentialAction\":[{\"@type\":\"ReadAction\",\"target\":[\"https:\\\/\\\/hirder.be\\\/?page_id=52\"]}]},{\"@type\":\"BreadcrumbList\",\"@id\":\"https:\\\/\\\/hirder.be\\\/?page_id=52#breadcrumb\",\"itemListElement\":[{\"@type\":\"ListItem\",\"position\":1,\"name\":\"Accueil\",\"item\":\"https:\\\/\\\/hirder.be\\\/\"},{\"@type\":\"ListItem\",\"position\":2,\"name\":\"Donwload\"}]},{\"@type\":\"WebSite\",\"@id\":\"https:\\\/\\\/hirder.be\\\/#website\",\"url\":\"https:\\\/\\\/hirder.be\\\/\",\"name\":\"Le Blog de Hirder\",\"description\":\"Chassez les succ\u00e8s, c&#039;est mon kiff.\",\"potentialAction\":[{\"@type\":\"SearchAction\",\"target\":{\"@type\":\"EntryPoint\",\"urlTemplate\":\"https:\\\/\\\/hirder.be\\\/?s={search_term_string}\"},\"query-input\":{\"@type\":\"PropertyValueSpecification\",\"valueRequired\":true,\"valueName\":\"search_term_string\"}}],\"inLanguage\":\"fr-BE\"}]}<\/script>\n<!-- \/ Yoast SEO plugin. -->","yoast_head_json":{"title":"Donwload - Le Blog de Hirder","robots":{"index":"index","follow":"follow","max-snippet":"max-snippet:-1","max-image-preview":"max-image-preview:large","max-video-preview":"max-video-preview:-1"},"canonical":"https:\/\/hirder.be\/?page_id=52","og_locale":"fr_FR","og_type":"article","og_title":"Donwload - Le Blog de Hirder","og_description":"Vous trouverez ici tous ce que j&rsquo;ai produit du temps ou je faisais des Saga MP3 notamment. Dans un avenir&hellip;","og_url":"https:\/\/hirder.be\/?page_id=52","og_site_name":"Le Blog de Hirder","article_modified_time":"2021-10-11T20:10:37+00:00","twitter_card":"summary_large_image","twitter_misc":{"Dur\u00e9e de lecture est.":"1 minute"},"schema":{"@context":"https:\/\/schema.org","@graph":[{"@type":"WebPage","@id":"https:\/\/hirder.be\/?page_id=52","url":"https:\/\/hirder.be\/?page_id=52","name":"Donwload - Le Blog de Hirder","isPartOf":{"@id":"https:\/\/hirder.be\/#website"},"datePublished":"2021-09-29T10:26:52+00:00","dateModified":"2021-10-11T20:10:37+00:00","breadcrumb":{"@id":"https:\/\/hirder.be\/?page_id=52#breadcrumb"},"inLanguage":"fr-BE","potentialAction":[{"@type":"ReadAction","target":["https:\/\/hirder.be\/?page_id=52"]}]},{"@type":"BreadcrumbList","@id":"https:\/\/hirder.be\/?page_id=52#breadcrumb","itemListElement":[{"@type":"ListItem","position":1,"name":"Accueil","item":"https:\/\/hirder.be\/"},{"@type":"ListItem","position":2,"name":"Donwload"}]},{"@type":"WebSite","@id":"https:\/\/hirder.be\/#website","url":"https:\/\/hirder.be\/","name":"Le Blog de Hirder","description":"Chassez les succ\u00e8s, c&#039;est mon kiff.","potentialAction":[{"@type":"SearchAction","target":{"@type":"EntryPoint","urlTemplate":"https:\/\/hirder.be\/?s={search_term_string}"},"query-input":{"@type":"PropertyValueSpecification","valueRequired":true,"valueName":"search_term_string"}}],"inLanguage":"fr-BE"}]}},"_links":{"self":[{"href":"https:\/\/hirder.be\/index.php?rest_route=\/wp\/v2\/pages\/52","targetHints":{"allow":["GET"]}}],"collection":[{"href":"https:\/\/hirder.be\/index.php?rest_route=\/wp\/v2\/pages"}],"about":[{"href":"https:\/\/hirder.be\/index.php?rest_route=\/wp\/v2\/types\/page"}],"author":[{"embeddable":true,"href":"https:\/\/hirder.be\/index.php?rest_route=\/wp\/v2\/users\/1"}],"replies":[{"embeddable":true,"href":"https:\/\/hirder.be\/index.php?rest_route=%2Fwp%2Fv2%2Fcomments&post=52"}],"version-history":[{"count":2,"href":"https:\/\/hirder.be\/index.php?rest_route=\/wp\/v2\/pages\/52\/revisions"}],"predecessor-version":[{"id":82,"href":"https:\/\/hirder.be\/index.php?rest_route=\/wp\/v2\/pages\/52\/revisions\/82"}],"wp:attachment":[{"href":"https:\/\/hirder.be\/index.php?rest_route=%2Fwp%2Fv2%2Fmedia&parent=52"}],"curies":[{"name":"wp","href":"https:\/\/api.w.org\/{rel}","templated":true}]}}