{"id":503,"date":"2023-02-01T09:00:00","date_gmt":"2023-02-01T08:00:00","guid":{"rendered":"https:\/\/hirder.be\/?page_id=503"},"modified":"2023-01-31T21:13:13","modified_gmt":"2023-01-31T20:13:13","slug":"liste-de-lecture-janvier-2023","status":"publish","type":"page","link":"https:\/\/hirder.be\/?page_id=503","title":{"rendered":"Liste de lecture &#8211; Janvier 2023"},"content":{"rendered":"\n<p>Bonjour \u00e0 tous ! Soyez les bienvenus dans ce nouvel \u00e9pisode de la Liste de Lecture &#8211; Janvier 2023.<\/p>\n\n\n\n<p>#TheElusiveSamurai de chez Kana<br>#OnePiece de chez Gl\u00e9nat<\/p>\n\n\n\n<h3 class=\"wp-block-heading\">02\/01\/23 &#8211; The Elusive Samurai &#8211; T2 de Yusei Matsui &#8211; Kana &#8211; <a href=\"https:\/\/livre.fnac.com\/a16774207\/The-Elusive-Samurai-Tome-2-The-Elusive-Samurai-Yusei-Matsui\" target=\"_blank\" rel=\"noreferrer noopener\">Acheter <\/a>&#8211; Tiktok<\/h3>\n\n\n<div class=\"wp-block-image\">\n<figure class=\"alignleft size-large is-resized\"><img loading=\"lazy\" decoding=\"async\" src=\"https:\/\/hirder.be\/wp-content\/uploads\/2023\/01\/TES2-768x1024.jpeg\" alt=\"\" class=\"wp-image-504\" width=\"305\" height=\"407\" srcset=\"https:\/\/hirder.be\/wp-content\/uploads\/2023\/01\/TES2-768x1024.jpeg 768w, https:\/\/hirder.be\/wp-content\/uploads\/2023\/01\/TES2-225x300.jpeg 225w, https:\/\/hirder.be\/wp-content\/uploads\/2023\/01\/TES2-1152x1536.jpeg 1152w, https:\/\/hirder.be\/wp-content\/uploads\/2023\/01\/TES2-1536x2048.jpeg 1536w, https:\/\/hirder.be\/wp-content\/uploads\/2023\/01\/TES2-scaled.jpeg 1920w\" sizes=\"auto, (max-width: 305px) 100vw, 305px\" \/><figcaption class=\"wp-element-caption\">La couv&rsquo; de The Elusive Samurai 2, avec le pr\u00eatre omniscient et capable de briser le 4\u00e8me mur. <\/figcaption><\/figure>\n<\/div>\n\n\n<p>C\u2019est un manga historique quelque peu atypique. \u00c9tant donn\u00e9 le fait qu\u2019on peut assez facilement retrouver tout ce qui s\u2019est passer pour Tokiyuki, si on cherche un peu, il serait facile de conna\u00eetre la suite. Pourtant, \u00e0 travers son \u0153uvre, Yusei Matsui, nous pousse \u00e0 ne pas le faire, nous faisant d\u00e9couvrir la vie quotidienne du shogunat (m\u00eame si ici, il n\u2019existe que par Tokiyuki), ainsi que la vie dans un temple religieux.<\/p>\n\n\n\n<p>Les personnages sont plut\u00f4t bons, parce que bien qu\u2019ils soient \u00ab&nbsp;ordinaires&nbsp;\u00bb (dans le sens pas dot\u00e9 de super pouvoirs \u00e9tranges), ils sont n\u00e9anmoins atypique. Je me doute que dans un manga, il faut qu\u2019il y ai un moyen de faire avancer l\u2019histoire et donc, l\u2019auteur a dot\u00e9 certains personnages de pouvoir (comme par exemple Ogasawara, qui peut voir super loin avec ses yeux, ce qui rend la chose particuli\u00e8rement dr\u00f4le et les quelques vannes \u00e0 ce propos sont plut\u00f4t bien trouv\u00e9es), ce qui fait que le manga a une tournure claire du c\u00f4t\u00e9 du Sh\u00f4nen.<\/p>\n\n\n\n<p>Je retrouve cependant une technique de dessin que j\u2019ai vu dans UQ Holder. Impossible \u00e0 expliqu\u00e9 comment ni pourquoi, mais certains dessins se ressemble entre les deux \u0153uvres. Je pense que c\u2019est notamment d\u00fb \u00e0 la rigidit\u00e9 dans les poses, au design un peu quelconque des personnages secondaire et au environnement sans grande originalit\u00e9. Mais bref, je chipote sur des d\u00e9tails, parce que c\u2019est un bon manga (bien plus que UQ Holder auquel je suis pourtant clairement attach\u00e9).<\/p>\n\n\n\n<ul class=\"wp-block-list\">\n<li>Points positifs :\n<ul class=\"wp-block-list\">\n<li>L\u2019humour<\/li>\n\n\n\n<li>Les \u00ab\u00a0super pouvoirs\u00a0\u00bb<\/li>\n\n\n\n<li>Le r\u00e9cit historique<\/li>\n<\/ul>\n<\/li>\n<\/ul>\n\n\n\n<ul class=\"wp-block-list\">\n<li>Points n\u00e9gatifs :\n<ul class=\"wp-block-list\">\n<li>Les environnements banals<\/li>\n<\/ul>\n<\/li>\n<\/ul>\n\n\n\n<p>Note : 7\/10<\/p>\n\n\n\n<h3 class=\"wp-block-heading\">30\/01\/23 &#8211; One Piece &#8211; T74 de Eiichiro Oda &#8211; Gl\u00e9nat &#8211; Acheter &#8211; Tiktok<\/h3>\n\n\n<div class=\"wp-block-image\">\n<figure class=\"alignright size-large is-resized\"><img loading=\"lazy\" decoding=\"async\" src=\"https:\/\/hirder.be\/wp-content\/uploads\/2023\/01\/OP74-768x1024.jpeg\" alt=\"\" class=\"wp-image-505\" width=\"278\" height=\"371\" srcset=\"https:\/\/hirder.be\/wp-content\/uploads\/2023\/01\/OP74-768x1024.jpeg 768w, https:\/\/hirder.be\/wp-content\/uploads\/2023\/01\/OP74-225x300.jpeg 225w, https:\/\/hirder.be\/wp-content\/uploads\/2023\/01\/OP74-1152x1536.jpeg 1152w, https:\/\/hirder.be\/wp-content\/uploads\/2023\/01\/OP74-1536x2048.jpeg 1536w, https:\/\/hirder.be\/wp-content\/uploads\/2023\/01\/OP74-scaled.jpeg 1920w\" sizes=\"auto, (max-width: 278px) 100vw, 278px\" \/><figcaption class=\"wp-element-caption\">La couv&rsquo; du T74 de One Pice, avec les personnages de gauche \u00e0 droite : Tr\u00e9bol, Sugar, Senor Pink, Usopp, Kyros (en soldats), Luffy et Viola. En dessous on retrouve Pica. <\/figcaption><\/figure>\n<\/div>\n\n\n<p>C&rsquo;est pas vraiment la chose la plus compliqu\u00e9 que de d\u00e9crire One Piece et l&rsquo;impact qu&rsquo;il a sur le monde du manga. Comme Michael Jordan ou Tom Brady ont eu sur le monde du sport am\u00e9ricain. Mais ici on entre carr\u00e9ment dans une autre dimension. En tout ce n&rsquo;est que mon avis subjectif. <\/p>\n\n\n\n<p>On se retrouve donc en plein milieu de l&rsquo;action et du sch\u00e9ma classique des histoires de Eiichiro Oda. (Je ne suis m\u00eame plus surpris, m\u00eame si, je n&rsquo;ai pas vu venir certaines choses). On est dans l&rsquo;arc Dressrosa en plein milieu m\u00eame. <\/p>\n\n\n\n<p>Nous sommes donc bien en compagnie de Luffy, le Soldat (qui s&rsquo;av\u00e8re en fait \u00eatre Kyros, le gladiateur de l\u00e9gende dont on parlait il y a plusieurs tomes), ainsi que Viola, qui est la fille du \u00ab\u00a0vrai\u00a0\u00bb roi de Dressrosa.<\/p>\n\n\n\n<p>Dans tout ce foutoir, Sabo (parce que oui, je sais que c&rsquo;est lui), est encore en course pour obtenir le Pyrofruit de Ace. Tandis que Usopp, parvient \u00e0 vaincre Sugar de justesse et lib\u00e9rer ainsi tous les jouets de l\u2019oppression qu&rsquo;ils subissent. C&rsquo;est donc le foutoir \u00e0 Dressrosa, comme d&rsquo;habitude avec Luffy et les Chapeau de Paille. Commence une course pour parvenir \u00e0 vaincre Mingo et ses sbires.<\/p>\n\n\n\n<p>Au final, il s&rsquo;agit d&rsquo;un tome tr\u00e8s classique de One Piece. On retrouve tous les ingr\u00e9dients qui font son succ\u00e8s. Je \u00e9merveille toujours devant la quantit\u00e9 de chose qu&rsquo;on peut lire dans les planches et comme Oda parvient \u00e0 boucler tout ce contenu en une semaine depuis 25 ans. Je suis tout autant subjugu\u00e9 par les diff\u00e9rents pouvoirs des d\u00e9tenteurs de fruits.<\/p>\n\n\n\n<ul class=\"wp-block-list\">\n<li>Point Positif :\n<ul class=\"wp-block-list\">\n<li>Les diff\u00e9rents protagonistes<\/li>\n\n\n\n<li>Mingo qui est quand m\u00eame ultra classe comme m\u00e9chant<\/li>\n\n\n\n<li>L&rsquo;histoire r\u00e9demptrice de Kyros<\/li>\n<\/ul>\n<\/li>\n<\/ul>\n\n\n\n<ul class=\"wp-block-list\">\n<li>Point N\u00e9gatifs :\n<ul class=\"wp-block-list\">\n<li>Une structure toujours similaire aux pr\u00e9c\u00e9dentes pour le d\u00e9veloppement de son histoire. <\/li>\n<\/ul>\n<\/li>\n<\/ul>\n\n\n\n<p>8\/10<\/p>\n","protected":false},"excerpt":{"rendered":"<p>Bonjour \u00e0 tous ! Soyez les bienvenus dans ce nouvel \u00e9pisode de la Liste de Lecture &#8211; Janvier 2023. #TheElusiveSamurai&hellip;<\/p>\n","protected":false},"author":1,"featured_media":0,"parent":0,"menu_order":0,"comment_status":"closed","ping_status":"closed","template":"","meta":{"footnotes":""},"class_list":["post-503","page","type-page","status-publish","hentry"],"yoast_head":"<!-- This site is optimized with the Yoast SEO plugin v27.5 - https:\/\/yoast.com\/product\/yoast-seo-wordpress\/ -->\n<title>Liste de lecture - Janvier 2023 - Le Blog de Hirder<\/title>\n<meta name=\"robots\" content=\"index, follow, max-snippet:-1, max-image-preview:large, max-video-preview:-1\" \/>\n<link rel=\"canonical\" href=\"https:\/\/hirder.be\/?page_id=503\" \/>\n<meta property=\"og:locale\" content=\"fr_FR\" \/>\n<meta property=\"og:type\" content=\"article\" \/>\n<meta property=\"og:title\" content=\"Liste de lecture - Janvier 2023 - Le Blog de Hirder\" \/>\n<meta property=\"og:description\" content=\"Bonjour \u00e0 tous ! Soyez les bienvenus dans ce nouvel \u00e9pisode de la Liste de Lecture &#8211; Janvier 2023. #TheElusiveSamurai&hellip;\" \/>\n<meta property=\"og:url\" content=\"https:\/\/hirder.be\/?page_id=503\" \/>\n<meta property=\"og:site_name\" content=\"Le Blog de Hirder\" \/>\n<meta property=\"og:image\" content=\"https:\/\/hirder.be\/wp-content\/uploads\/2023\/01\/TES2-768x1024.jpeg\" \/>\n<meta name=\"twitter:card\" content=\"summary_large_image\" \/>\n<meta name=\"twitter:label1\" content=\"Dur\u00e9e de lecture est.\" \/>\n\t<meta name=\"twitter:data1\" content=\"4 minutes\" \/>\n<script type=\"application\/ld+json\" class=\"yoast-schema-graph\">{\"@context\":\"https:\\\/\\\/schema.org\",\"@graph\":[{\"@type\":\"WebPage\",\"@id\":\"https:\\\/\\\/hirder.be\\\/?page_id=503\",\"url\":\"https:\\\/\\\/hirder.be\\\/?page_id=503\",\"name\":\"Liste de lecture - Janvier 2023 - Le Blog de Hirder\",\"isPartOf\":{\"@id\":\"https:\\\/\\\/hirder.be\\\/#website\"},\"primaryImageOfPage\":{\"@id\":\"https:\\\/\\\/hirder.be\\\/?page_id=503#primaryimage\"},\"image\":{\"@id\":\"https:\\\/\\\/hirder.be\\\/?page_id=503#primaryimage\"},\"thumbnailUrl\":\"https:\\\/\\\/hirder.be\\\/wp-content\\\/uploads\\\/2023\\\/01\\\/TES2-768x1024.jpeg\",\"datePublished\":\"2023-02-01T08:00:00+00:00\",\"breadcrumb\":{\"@id\":\"https:\\\/\\\/hirder.be\\\/?page_id=503#breadcrumb\"},\"inLanguage\":\"fr-BE\",\"potentialAction\":[{\"@type\":\"ReadAction\",\"target\":[\"https:\\\/\\\/hirder.be\\\/?page_id=503\"]}]},{\"@type\":\"ImageObject\",\"inLanguage\":\"fr-BE\",\"@id\":\"https:\\\/\\\/hirder.be\\\/?page_id=503#primaryimage\",\"url\":\"https:\\\/\\\/hirder.be\\\/wp-content\\\/uploads\\\/2023\\\/01\\\/TES2-768x1024.jpeg\",\"contentUrl\":\"https:\\\/\\\/hirder.be\\\/wp-content\\\/uploads\\\/2023\\\/01\\\/TES2-768x1024.jpeg\"},{\"@type\":\"BreadcrumbList\",\"@id\":\"https:\\\/\\\/hirder.be\\\/?page_id=503#breadcrumb\",\"itemListElement\":[{\"@type\":\"ListItem\",\"position\":1,\"name\":\"Accueil\",\"item\":\"https:\\\/\\\/hirder.be\\\/\"},{\"@type\":\"ListItem\",\"position\":2,\"name\":\"Liste de lecture &#8211; Janvier 2023\"}]},{\"@type\":\"WebSite\",\"@id\":\"https:\\\/\\\/hirder.be\\\/#website\",\"url\":\"https:\\\/\\\/hirder.be\\\/\",\"name\":\"Le Blog de Hirder\",\"description\":\"Chassez les succ\u00e8s, c&#039;est mon kiff.\",\"potentialAction\":[{\"@type\":\"SearchAction\",\"target\":{\"@type\":\"EntryPoint\",\"urlTemplate\":\"https:\\\/\\\/hirder.be\\\/?s={search_term_string}\"},\"query-input\":{\"@type\":\"PropertyValueSpecification\",\"valueRequired\":true,\"valueName\":\"search_term_string\"}}],\"inLanguage\":\"fr-BE\"}]}<\/script>\n<!-- \/ Yoast SEO plugin. -->","yoast_head_json":{"title":"Liste de lecture - Janvier 2023 - Le Blog de Hirder","robots":{"index":"index","follow":"follow","max-snippet":"max-snippet:-1","max-image-preview":"max-image-preview:large","max-video-preview":"max-video-preview:-1"},"canonical":"https:\/\/hirder.be\/?page_id=503","og_locale":"fr_FR","og_type":"article","og_title":"Liste de lecture - Janvier 2023 - Le Blog de Hirder","og_description":"Bonjour \u00e0 tous ! Soyez les bienvenus dans ce nouvel \u00e9pisode de la Liste de Lecture &#8211; Janvier 2023. #TheElusiveSamurai&hellip;","og_url":"https:\/\/hirder.be\/?page_id=503","og_site_name":"Le Blog de Hirder","og_image":[{"url":"https:\/\/hirder.be\/wp-content\/uploads\/2023\/01\/TES2-768x1024.jpeg","type":"","width":"","height":""}],"twitter_card":"summary_large_image","twitter_misc":{"Dur\u00e9e de lecture est.":"4 minutes"},"schema":{"@context":"https:\/\/schema.org","@graph":[{"@type":"WebPage","@id":"https:\/\/hirder.be\/?page_id=503","url":"https:\/\/hirder.be\/?page_id=503","name":"Liste de lecture - Janvier 2023 - Le Blog de Hirder","isPartOf":{"@id":"https:\/\/hirder.be\/#website"},"primaryImageOfPage":{"@id":"https:\/\/hirder.be\/?page_id=503#primaryimage"},"image":{"@id":"https:\/\/hirder.be\/?page_id=503#primaryimage"},"thumbnailUrl":"https:\/\/hirder.be\/wp-content\/uploads\/2023\/01\/TES2-768x1024.jpeg","datePublished":"2023-02-01T08:00:00+00:00","breadcrumb":{"@id":"https:\/\/hirder.be\/?page_id=503#breadcrumb"},"inLanguage":"fr-BE","potentialAction":[{"@type":"ReadAction","target":["https:\/\/hirder.be\/?page_id=503"]}]},{"@type":"ImageObject","inLanguage":"fr-BE","@id":"https:\/\/hirder.be\/?page_id=503#primaryimage","url":"https:\/\/hirder.be\/wp-content\/uploads\/2023\/01\/TES2-768x1024.jpeg","contentUrl":"https:\/\/hirder.be\/wp-content\/uploads\/2023\/01\/TES2-768x1024.jpeg"},{"@type":"BreadcrumbList","@id":"https:\/\/hirder.be\/?page_id=503#breadcrumb","itemListElement":[{"@type":"ListItem","position":1,"name":"Accueil","item":"https:\/\/hirder.be\/"},{"@type":"ListItem","position":2,"name":"Liste de lecture &#8211; Janvier 2023"}]},{"@type":"WebSite","@id":"https:\/\/hirder.be\/#website","url":"https:\/\/hirder.be\/","name":"Le Blog de Hirder","description":"Chassez les succ\u00e8s, c&#039;est mon kiff.","potentialAction":[{"@type":"SearchAction","target":{"@type":"EntryPoint","urlTemplate":"https:\/\/hirder.be\/?s={search_term_string}"},"query-input":{"@type":"PropertyValueSpecification","valueRequired":true,"valueName":"search_term_string"}}],"inLanguage":"fr-BE"}]}},"_links":{"self":[{"href":"https:\/\/hirder.be\/index.php?rest_route=\/wp\/v2\/pages\/503","targetHints":{"allow":["GET"]}}],"collection":[{"href":"https:\/\/hirder.be\/index.php?rest_route=\/wp\/v2\/pages"}],"about":[{"href":"https:\/\/hirder.be\/index.php?rest_route=\/wp\/v2\/types\/page"}],"author":[{"embeddable":true,"href":"https:\/\/hirder.be\/index.php?rest_route=\/wp\/v2\/users\/1"}],"replies":[{"embeddable":true,"href":"https:\/\/hirder.be\/index.php?rest_route=%2Fwp%2Fv2%2Fcomments&post=503"}],"version-history":[{"count":1,"href":"https:\/\/hirder.be\/index.php?rest_route=\/wp\/v2\/pages\/503\/revisions"}],"predecessor-version":[{"id":506,"href":"https:\/\/hirder.be\/index.php?rest_route=\/wp\/v2\/pages\/503\/revisions\/506"}],"wp:attachment":[{"href":"https:\/\/hirder.be\/index.php?rest_route=%2Fwp%2Fv2%2Fmedia&parent=503"}],"curies":[{"name":"wp","href":"https:\/\/api.w.org\/{rel}","templated":true}]}}