{"id":487,"date":"2023-01-01T15:17:22","date_gmt":"2023-01-01T14:17:22","guid":{"rendered":"https:\/\/hirder.be\/?page_id=487"},"modified":"2023-01-01T15:26:16","modified_gmt":"2023-01-01T14:26:16","slug":"liste-de-lecture-2022","status":"publish","type":"page","link":"https:\/\/hirder.be\/?page_id=487","title":{"rendered":"Liste de Lecture &#8211; 2022"},"content":{"rendered":"\n<p>Vous pouvez retrouver toutes les pages de la Liste de Lecture de l&rsquo;ann\u00e9e 2022 ici. <\/p>\n\n\n\n<ul class=\"wp-block-list\">\n<li><a href=\"https:\/\/hirder.be\/liste-de-lecture-janvier-2022\/\">Janvier 2022<\/a><\/li>\n\n\n\n<li><a href=\"https:\/\/hirder.be\/liste-de-lecture-fevrier-2022\/\">F\u00e9vrier 2022<\/a><\/li>\n\n\n\n<li><a href=\"https:\/\/hirder.be\/liste-de-lecture-mars-2022\/\">Mars 2022<\/a><\/li>\n\n\n\n<li><a href=\"https:\/\/hirder.be\/liste-de-lecture-davril-2022\/\">Avril 2022<\/a><\/li>\n\n\n\n<li><a href=\"https:\/\/hirder.be\/liste-de-lecture-mai-2022\/\">Mai 2022<\/a><\/li>\n\n\n\n<li><a href=\"https:\/\/hirder.be\/liste-de-lecture-juin-2022\/\">Juin 2022<\/a><\/li>\n\n\n\n<li><a href=\"https:\/\/hirder.be\/liste-de-lecture-juillet-2022\/\">Juillet 2022<\/a><\/li>\n\n\n\n<li><a href=\"https:\/\/hirder.be\/liste-de-lecture-aout-2022\/\">Aout 2022<\/a><\/li>\n\n\n\n<li><a href=\"https:\/\/hirder.be\/liste-de-lecture-septembre-octobre-2022\/\">Septembre &amp; Octobre 2022<\/a><\/li>\n\n\n\n<li><a href=\"https:\/\/hirder.be\/liste-de-lecture-novembre-2022\/\">Novembre 2022<\/a><\/li>\n\n\n\n<li><a href=\"https:\/\/hirder.be\/liste-de-lecture-decembre-2022\/\">D\u00e9cembre 2022<\/a><\/li>\n<\/ul>\n\n\n\n<p>Pour l&rsquo;ann\u00e9e pr\u00e9c\u00e9dente (2021), <a href=\"https:\/\/hirder.be\/liste-de-lecture-2021\/\">cliquez ici<\/a>. Pour l&rsquo;ann\u00e9e suivante, un peu de patience, \u00e7a arrivera fin 2023.<\/p>\n","protected":false},"excerpt":{"rendered":"<p>Vous pouvez retrouver toutes les pages de la Liste de Lecture de l&rsquo;ann\u00e9e 2022 ici. Pour l&rsquo;ann\u00e9e pr\u00e9c\u00e9dente (2021), cliquez&hellip;<\/p>\n","protected":false},"author":1,"featured_media":0,"parent":0,"menu_order":0,"comment_status":"closed","ping_status":"closed","template":"","meta":{"footnotes":""},"class_list":["post-487","page","type-page","status-publish","hentry"],"yoast_head":"<!-- This site is optimized with the Yoast SEO plugin v27.5 - https:\/\/yoast.com\/product\/yoast-seo-wordpress\/ -->\n<title>Liste de Lecture - 2022 - Le Blog de Hirder<\/title>\n<meta name=\"description\" content=\"La liste compl\u00e8te des Liste de Lecture - 2022, avec tous les mois correspondant \u00e0 cet ann\u00e9e l\u00e0.\" \/>\n<meta name=\"robots\" content=\"index, follow, max-snippet:-1, max-image-preview:large, max-video-preview:-1\" \/>\n<link rel=\"canonical\" href=\"https:\/\/hirder.be\/?page_id=487\" \/>\n<meta property=\"og:locale\" content=\"fr_FR\" \/>\n<meta property=\"og:type\" content=\"article\" \/>\n<meta property=\"og:title\" content=\"Liste de Lecture - 2022 - Le Blog de Hirder\" \/>\n<meta property=\"og:description\" content=\"La liste compl\u00e8te des Liste de Lecture - 2022, avec tous les mois correspondant \u00e0 cet ann\u00e9e l\u00e0.\" \/>\n<meta property=\"og:url\" content=\"https:\/\/hirder.be\/?page_id=487\" \/>\n<meta property=\"og:site_name\" content=\"Le Blog de Hirder\" \/>\n<meta property=\"article:modified_time\" content=\"2023-01-01T14:26:16+00:00\" \/>\n<meta name=\"twitter:card\" content=\"summary_large_image\" \/>\n<script type=\"application\/ld+json\" class=\"yoast-schema-graph\">{\"@context\":\"https:\\\/\\\/schema.org\",\"@graph\":[{\"@type\":\"WebPage\",\"@id\":\"https:\\\/\\\/hirder.be\\\/?page_id=487\",\"url\":\"https:\\\/\\\/hirder.be\\\/?page_id=487\",\"name\":\"Liste de Lecture - 2022 - Le Blog de Hirder\",\"isPartOf\":{\"@id\":\"https:\\\/\\\/hirder.be\\\/#website\"},\"datePublished\":\"2023-01-01T14:17:22+00:00\",\"dateModified\":\"2023-01-01T14:26:16+00:00\",\"description\":\"La liste compl\u00e8te des Liste de Lecture - 2022, avec tous les mois correspondant \u00e0 cet ann\u00e9e l\u00e0.\",\"breadcrumb\":{\"@id\":\"https:\\\/\\\/hirder.be\\\/?page_id=487#breadcrumb\"},\"inLanguage\":\"fr-BE\",\"potentialAction\":[{\"@type\":\"ReadAction\",\"target\":[\"https:\\\/\\\/hirder.be\\\/?page_id=487\"]}]},{\"@type\":\"BreadcrumbList\",\"@id\":\"https:\\\/\\\/hirder.be\\\/?page_id=487#breadcrumb\",\"itemListElement\":[{\"@type\":\"ListItem\",\"position\":1,\"name\":\"Accueil\",\"item\":\"https:\\\/\\\/hirder.be\\\/\"},{\"@type\":\"ListItem\",\"position\":2,\"name\":\"Liste de Lecture &#8211; 2022\"}]},{\"@type\":\"WebSite\",\"@id\":\"https:\\\/\\\/hirder.be\\\/#website\",\"url\":\"https:\\\/\\\/hirder.be\\\/\",\"name\":\"Le Blog de Hirder\",\"description\":\"Chassez les succ\u00e8s, c&#039;est mon kiff.\",\"potentialAction\":[{\"@type\":\"SearchAction\",\"target\":{\"@type\":\"EntryPoint\",\"urlTemplate\":\"https:\\\/\\\/hirder.be\\\/?s={search_term_string}\"},\"query-input\":{\"@type\":\"PropertyValueSpecification\",\"valueRequired\":true,\"valueName\":\"search_term_string\"}}],\"inLanguage\":\"fr-BE\"}]}<\/script>\n<!-- \/ Yoast SEO plugin. -->","yoast_head_json":{"title":"Liste de Lecture - 2022 - Le Blog de Hirder","description":"La liste compl\u00e8te des Liste de Lecture - 2022, avec tous les mois correspondant \u00e0 cet ann\u00e9e l\u00e0.","robots":{"index":"index","follow":"follow","max-snippet":"max-snippet:-1","max-image-preview":"max-image-preview:large","max-video-preview":"max-video-preview:-1"},"canonical":"https:\/\/hirder.be\/?page_id=487","og_locale":"fr_FR","og_type":"article","og_title":"Liste de Lecture - 2022 - Le Blog de Hirder","og_description":"La liste compl\u00e8te des Liste de Lecture - 2022, avec tous les mois correspondant \u00e0 cet ann\u00e9e l\u00e0.","og_url":"https:\/\/hirder.be\/?page_id=487","og_site_name":"Le Blog de Hirder","article_modified_time":"2023-01-01T14:26:16+00:00","twitter_card":"summary_large_image","schema":{"@context":"https:\/\/schema.org","@graph":[{"@type":"WebPage","@id":"https:\/\/hirder.be\/?page_id=487","url":"https:\/\/hirder.be\/?page_id=487","name":"Liste de Lecture - 2022 - Le Blog de Hirder","isPartOf":{"@id":"https:\/\/hirder.be\/#website"},"datePublished":"2023-01-01T14:17:22+00:00","dateModified":"2023-01-01T14:26:16+00:00","description":"La liste compl\u00e8te des Liste de Lecture - 2022, avec tous les mois correspondant \u00e0 cet ann\u00e9e l\u00e0.","breadcrumb":{"@id":"https:\/\/hirder.be\/?page_id=487#breadcrumb"},"inLanguage":"fr-BE","potentialAction":[{"@type":"ReadAction","target":["https:\/\/hirder.be\/?page_id=487"]}]},{"@type":"BreadcrumbList","@id":"https:\/\/hirder.be\/?page_id=487#breadcrumb","itemListElement":[{"@type":"ListItem","position":1,"name":"Accueil","item":"https:\/\/hirder.be\/"},{"@type":"ListItem","position":2,"name":"Liste de Lecture &#8211; 2022"}]},{"@type":"WebSite","@id":"https:\/\/hirder.be\/#website","url":"https:\/\/hirder.be\/","name":"Le Blog de Hirder","description":"Chassez les succ\u00e8s, c&#039;est mon kiff.","potentialAction":[{"@type":"SearchAction","target":{"@type":"EntryPoint","urlTemplate":"https:\/\/hirder.be\/?s={search_term_string}"},"query-input":{"@type":"PropertyValueSpecification","valueRequired":true,"valueName":"search_term_string"}}],"inLanguage":"fr-BE"}]}},"_links":{"self":[{"href":"https:\/\/hirder.be\/index.php?rest_route=\/wp\/v2\/pages\/487","targetHints":{"allow":["GET"]}}],"collection":[{"href":"https:\/\/hirder.be\/index.php?rest_route=\/wp\/v2\/pages"}],"about":[{"href":"https:\/\/hirder.be\/index.php?rest_route=\/wp\/v2\/types\/page"}],"author":[{"embeddable":true,"href":"https:\/\/hirder.be\/index.php?rest_route=\/wp\/v2\/users\/1"}],"replies":[{"embeddable":true,"href":"https:\/\/hirder.be\/index.php?rest_route=%2Fwp%2Fv2%2Fcomments&post=487"}],"version-history":[{"count":2,"href":"https:\/\/hirder.be\/index.php?rest_route=\/wp\/v2\/pages\/487\/revisions"}],"predecessor-version":[{"id":493,"href":"https:\/\/hirder.be\/index.php?rest_route=\/wp\/v2\/pages\/487\/revisions\/493"}],"wp:attachment":[{"href":"https:\/\/hirder.be\/index.php?rest_route=%2Fwp%2Fv2%2Fmedia&parent=487"}],"curies":[{"name":"wp","href":"https:\/\/api.w.org\/{rel}","templated":true}]}}