{"id":459,"date":"2023-01-01T13:15:47","date_gmt":"2023-01-01T12:15:47","guid":{"rendered":"https:\/\/hirder.be\/?page_id=459"},"modified":"2023-01-01T13:15:48","modified_gmt":"2023-01-01T12:15:48","slug":"liste-de-lecture-decembre-2022","status":"publish","type":"page","link":"https:\/\/hirder.be\/?page_id=459","title":{"rendered":"Liste de Lecture &#8211; D\u00e9cembre 2022"},"content":{"rendered":"\n<p>Bonjour \u00e0 tous et bienvenue dans cette liste de lecture du mois de D\u00e9cembre 2022. Parmi les titres lu nous avons :<\/p>\n\n\n\n<p>#TheElusiveSamurai de chez Kana<br>#LesEnfantsDHypocrate de chez Mangetsu<br><br>Vous pouvez retrouvez toute les autres <a href=\"https:\/\/hirder.be\/liste-de-lecture\/\">Listes de Lecture ici<\/a> ! <\/p>\n\n\n\n<h3 class=\"wp-block-heading\">07\/12\/22 &#8211; The Elusive Samurai &#8211; T1 de Yusei Matsui &#8211; Kana &#8211; <a href=\"https:\/\/livre.fnac.com\/a16774205\/The-Elusive-Samurai-Tome-1-The-Elusive-Samurai-Yusei-Matsui\" target=\"_blank\" rel=\"noreferrer noopener\">Acheter <\/a>&#8211; Tiktok<\/h3>\n\n\n<div class=\"wp-block-image\">\n<figure class=\"alignleft size-large is-resized\"><img loading=\"lazy\" decoding=\"async\" src=\"https:\/\/hirder.be\/wp-content\/uploads\/2023\/01\/TES1-768x1024.jpeg\" alt=\"\" class=\"wp-image-460\" width=\"248\" height=\"331\" srcset=\"https:\/\/hirder.be\/wp-content\/uploads\/2023\/01\/TES1-768x1024.jpeg 768w, https:\/\/hirder.be\/wp-content\/uploads\/2023\/01\/TES1-225x300.jpeg 225w, https:\/\/hirder.be\/wp-content\/uploads\/2023\/01\/TES1-1152x1536.jpeg 1152w, https:\/\/hirder.be\/wp-content\/uploads\/2023\/01\/TES1-1536x2048.jpeg 1536w, https:\/\/hirder.be\/wp-content\/uploads\/2023\/01\/TES1-scaled.jpeg 1920w\" sizes=\"auto, (max-width: 248px) 100vw, 248px\" \/><figcaption class=\"wp-element-caption\">La couverture du T1 de The Elusive Samurai, avec Tokiyuki, le h\u00e9ros en couverture<\/figcaption><\/figure>\n<\/div>\n\n\n<p>Ha, pauvre de moi. Je ne suis qu\u2019un victime du capitalisme bien ancr\u00e9e dans notre soci\u00e9t\u00e9. J\u2019ai acheter ce manga parce que l\u2019auteur, Yusei Matsui est celui de Assassination Classroom que je n\u2019ai pas encore termin\u00e9. C\u2019est donc, avec curiosit\u00e9 que j\u2019ai commenc\u00e9 cette \u0153uvre qui parle d\u2019une p\u00e9riode du Japon. Le h\u00e9ros de l\u2019histoire, le jeune Tokiyuki, qui est un personnage historique r\u00e9el (tout du moins c\u2019est comme \u00e7a qu\u2019est vendu le manga), qui voit son shogunat (autrement dit son royaume), se faire trahir par l\u2019un de ses membres qui en prend le pouvoir.<\/p>\n\n\n\n<p>Comment va-t-il r\u00e9agir ? Il va \u2026 fuir. Quoi de plus logique dans une situation comme celle l\u00e0 puisqu\u2019il risque la mort \u00e0 tout les coins de rue et apr\u00e8s chaque bosquet. Mais, l\u00e0 o\u00f9 l\u2019histoire se d\u00e9marque un peu des autres, c\u2019est sur le fait qu\u2019il va r\u00e9ussir \u00e0 reprendre le shogunat, malgr\u00e9 un talent tr\u00e8s impressionnant pour la fuite.<\/p>\n\n\n\n<p>C\u2019est un peu pauvre comme d\u00e9but, surtout parce qu\u2019il y a une multitude de personnage et de choses \u00e0 apprendre. Shogunat, samurai, d\u00e9crets imp\u00e9riaux, etc. De ce fait l\u2019histoire para\u00eet un peu brouillonne, surtout pour quelqu\u2019un comme moi qui n\u2019a pas les r\u00e9f\u00e9rences historiques n\u00e9cessaires pour bien comprendre les tenants et aboutissants de l\u2019histoire.<\/p>\n\n\n\n<p>Et malgr\u00e9 quelques pages d\u2019explications (avec des noms plus compliqu\u00e9s les uns des autres), le sentiment de confusion est assez pr\u00e9sent. Quant est-il des dessins et de l\u2019ambiance g\u00e9n\u00e9ral du manga ? C\u2019est plut\u00f4t bon dans l\u2019ensemble. Le design des personnages est assez bon pour qu\u2019on les reconnaissent tous au premiers coup d\u2019\u0153il, les dessins sont propres et compr\u00e9hensibles et lors des actions d\u00e9cisives, il y a beaucoup de clart\u00e9s. J\u2019aurais juste voulut une carte de la r\u00e9gion pour pouvoir mieux m\u2019y retrouver.<\/p>\n\n\n\n<ul class=\"wp-block-list\">\n<li>Points positifs :\n<ul class=\"wp-block-list\">\n<li>Les dessins<\/li>\n\n\n\n<li>Les personnages au design assez diff\u00e9rent<\/li>\n\n\n\n<li>L\u2019humour<\/li>\n<\/ul>\n<\/li>\n<\/ul>\n\n\n\n<ul class=\"wp-block-list\">\n<li>Points n\u00e9gatifs \n<ul class=\"wp-block-list\">\n<li>Trop d\u2019informations \u00e9crites incompr\u00e9hensibles<\/li>\n\n\n\n<li>Manque d\u2019une carte pour mieux situ\u00e9 l\u2019action<\/li>\n\n\n\n<li>Le personnage du pr\u00eatre omniscient.<\/li>\n<\/ul>\n<\/li>\n<\/ul>\n\n\n\n<p>6\/10<\/p>\n\n\n\n<h3 class=\"wp-block-heading\">08\/12\/22 &#8211; Les Enfants d\u2019Hippocrate &#8211; T1 de Higashimoto Toshiya &#8211; Mangetsu &#8211; <a href=\"https:\/\/livre.fnac.com\/a16836076\/Les-Enfants-d-Hippocrate-Tome-01-Les-Enfants-d-Hippocrate-Toshiya-Higashimoto#omnsearchpos=1\" target=\"_blank\" rel=\"noreferrer noopener\">Acheter <\/a>&#8211; Tiktok<\/h3>\n\n\n<div class=\"wp-block-image\">\n<figure class=\"alignright size-large is-resized\"><img loading=\"lazy\" decoding=\"async\" src=\"https:\/\/hirder.be\/wp-content\/uploads\/2023\/01\/Hippocrate1-768x1024.jpeg\" alt=\"\" class=\"wp-image-461\" width=\"252\" height=\"336\" srcset=\"https:\/\/hirder.be\/wp-content\/uploads\/2023\/01\/Hippocrate1-768x1024.jpeg 768w, https:\/\/hirder.be\/wp-content\/uploads\/2023\/01\/Hippocrate1-225x300.jpeg 225w, https:\/\/hirder.be\/wp-content\/uploads\/2023\/01\/Hippocrate1-1152x1536.jpeg 1152w, https:\/\/hirder.be\/wp-content\/uploads\/2023\/01\/Hippocrate1-1536x2048.jpeg 1536w, https:\/\/hirder.be\/wp-content\/uploads\/2023\/01\/Hippocrate1-scaled.jpeg 1920w\" sizes=\"auto, (max-width: 252px) 100vw, 252px\" \/><figcaption class=\"wp-element-caption\">La couverture du T1 des Enfants D&rsquo;Hippocrate, avec Maco et un nounours.<\/figcaption><\/figure>\n<\/div>\n\n\n<p>Les Enfants d\u2019Hippocrate est le r\u00e9cit humain d\u2019un p\u00e9diatre un peu loufoque qui prend son m\u00e9tier tr\u00e8s \u00e0 c\u0153ur. Quand je dis que c\u2019est un r\u00e9cit humain, c\u2019est parce que chaque bribe d\u2019histoire, est supplant\u00e9 par une trame humaine, ou chaque personnage, qu\u2019il soit un homme ou une femme, fait de son mieux dans le monde qui est le n\u00f4tre.<\/p>\n\n\n\n<p>Un r\u00e9cit bouleversant d\u2019humanit\u00e9, entre restriction budg\u00e9taire, humanisme, tension, soin, et autres sympt\u00f4mes typique d\u2019une \u00e9poque tout va \u00e0 100 \u00e0 l\u2019heure et o\u00f9 certains patients, voir certains parents, remettent en cause la parole de professionnel.<\/p>\n\n\n\n<p>De ce fait, on a enfin le point de vue des m\u00e9decins qui font de leur mieux pour parvenir \u00e0 soigner nos enfants, ou nous m\u00eames parfois. Ici, le manga se concentre principalement sur Maco, un jeune p\u00e9diatre qui r\u00eavent plus que tout de rendre les enfants malades, heureux. Mais est-ce possible dans de t\u00e9l circonstances ? Avec tout ce que l\u00e0 on conna\u00eet ?<\/p>\n\n\n\n<ul class=\"wp-block-list\">\n<li>Points positif :\n<ul class=\"wp-block-list\">\n<li>Le dessin des personnages tr\u00e8s humain<\/li>\n\n\n\n<li>L\u2019histoire humaine<\/li>\n\n\n\n<li>Les maladies qui sont pr\u00e9sent\u00e9es<\/li>\n<\/ul>\n<\/li>\n<\/ul>\n\n\n\n<ul class=\"wp-block-list\">\n<li>Points N\u00e9gatifs \n<ul class=\"wp-block-list\">\n<li>Le design des environnements fait cheap<\/li>\n<\/ul>\n<\/li>\n<\/ul>\n\n\n\n<p>8\/10<\/p>\n\n\n\n<h3 class=\"wp-block-heading\">12\/12\/22 &#8211; Les Enfants d\u2019Hippocrate &#8211; T2 de Higashimoto Toshiya &#8211; Mangetsu &#8211; <a href=\"https:\/\/livre.fnac.com\/a16836077\/Les-Enfants-d-Hippocrate-Tome-02-Les-Enfants-d-Hippocrate-Toshiya-Higashimoto#omnsearchpos=5\" target=\"_blank\" rel=\"noreferrer noopener\">Acheter <\/a>&#8211; Tiktok<\/h3>\n\n\n<div class=\"wp-block-image\">\n<figure class=\"alignleft size-large is-resized\"><img loading=\"lazy\" decoding=\"async\" src=\"https:\/\/hirder.be\/wp-content\/uploads\/2023\/01\/Hippocrate2-768x1024.jpeg\" alt=\"\" class=\"wp-image-462\" width=\"266\" height=\"355\" srcset=\"https:\/\/hirder.be\/wp-content\/uploads\/2023\/01\/Hippocrate2-768x1024.jpeg 768w, https:\/\/hirder.be\/wp-content\/uploads\/2023\/01\/Hippocrate2-225x300.jpeg 225w, https:\/\/hirder.be\/wp-content\/uploads\/2023\/01\/Hippocrate2-1152x1536.jpeg 1152w, https:\/\/hirder.be\/wp-content\/uploads\/2023\/01\/Hippocrate2-1536x2048.jpeg 1536w, https:\/\/hirder.be\/wp-content\/uploads\/2023\/01\/Hippocrate2-scaled.jpeg 1920w\" sizes=\"auto, (max-width: 266px) 100vw, 266px\" \/><figcaption class=\"wp-element-caption\">La couv&rsquo; du T2 des Enfants d&rsquo;Hippocrate, avec une nouvelle fois Maco<\/figcaption><\/figure>\n<\/div>\n\n\n<p>Ce tome deux des enfants d\u2019Hippocrate, commence l\u00e0 o\u00f9 le premier tome s\u2019\u00e9tait arr\u00eat\u00e9. Maco rencontre Tomorin, une jeune pianiste ultra dou\u00e9e qui s\u2019av\u00e8re \u00eatre atteinte de leuc\u00e9mie, comme sa m\u00e8re. Maco se met alors en t\u00eate de la sauver et pour cela, il d\u00e9cide d\u2019accepter le poste que son p\u00e8re (un ancien m\u00e9decin\/administrateur qui a fait fermer un service p\u00e9diatrique non rentable dans un h\u00f4pital dans lequel travaillait sa propre femme et qui n\u2019a pas laiss\u00e9 de bon souvenirs \u00e0 Maco), lui propose dans sa nouvelle clinique priv\u00e9e.<\/p>\n\n\n\n<p>De ce fait, il va \u00eatre oblig\u00e9 de travailler avec un p\u00e8re qu\u2019il tiens pour responsable (en partie) de la mort de sa m\u00e8re et qu\u2019il d\u00e9teste au plus au point. Mais est-ce que ce p\u00e8re aurait changer ? C\u2019est ce que se demande Maco, parce que l\u2019approche qu\u2019il a avec les patients est la m\u00eame que Maco lui m\u00eame poss\u00e8de.<\/p>\n\n\n\n<p>C\u2019est encore une fois un tome tr\u00e8s humain qui aborde des th\u00e8mes dans ses petits r\u00e9cits qui sont g\u00e9n\u00e9ralement snobb\u00e9 m\u00eame dans les discussions politiques. J\u2019ai par exemple, eu aucun mal \u00e0 me mettre \u00e0 la place du chauffeur de Taxi qui voit son fils grandir sous l\u2019attention d\u2019une m\u00e8re ultra protectrice, qui ne veut que le bien de son fils, dans une soci\u00e9t\u00e9 japonaise ou l\u2019\u00e9ducation passe avant tout.<\/p>\n\n\n\n<ul class=\"wp-block-list\">\n<li>Points positifs :\n<ul class=\"wp-block-list\">\n<li>Les dessins des personnages<\/li>\n\n\n\n<li>L\u2019humanisation de l\u2019histoire<\/li>\n\n\n\n<li>Le r\u00e9cit du chauffeur de Taxi<\/li>\n<\/ul>\n<\/li>\n<\/ul>\n\n\n\n<ul class=\"wp-block-list\">\n<li>Point N\u00e9gatifs :\n<ul class=\"wp-block-list\">\n<li>Les environnements ext\u00e9rieur sont trop banal.<\/li>\n<\/ul>\n<\/li>\n<\/ul>\n\n\n\n<p>8\/10<\/p>\n","protected":false},"excerpt":{"rendered":"<p>Bonjour \u00e0 tous et bienvenue dans cette liste de lecture du mois de D\u00e9cembre 2022. Parmi les titres lu nous&hellip;<\/p>\n","protected":false},"author":1,"featured_media":0,"parent":0,"menu_order":0,"comment_status":"closed","ping_status":"closed","template":"","meta":{"footnotes":""},"class_list":["post-459","page","type-page","status-publish","hentry"],"yoast_head":"<!-- This site is optimized with the Yoast SEO plugin v27.5 - https:\/\/yoast.com\/product\/yoast-seo-wordpress\/ -->\n<title>Liste de Lecture - D\u00e9cembre 2022 - Le Blog de Hirder<\/title>\n<meta name=\"description\" content=\"La liste de Lecture de D\u00e9cembre 2022 de Hirder avec les titres suivants : The Elusive Samurai et Les Enfants d&#039;Hippocrate\" \/>\n<meta name=\"robots\" content=\"index, follow, max-snippet:-1, max-image-preview:large, max-video-preview:-1\" \/>\n<link rel=\"canonical\" href=\"https:\/\/hirder.be\/?page_id=459\" \/>\n<meta property=\"og:locale\" content=\"fr_FR\" \/>\n<meta property=\"og:type\" content=\"article\" \/>\n<meta property=\"og:title\" content=\"Liste de Lecture - D\u00e9cembre 2022 - Le Blog de Hirder\" \/>\n<meta property=\"og:description\" content=\"La liste de Lecture de D\u00e9cembre 2022 de Hirder avec les titres suivants : The Elusive Samurai et Les Enfants d&#039;Hippocrate\" \/>\n<meta property=\"og:url\" content=\"https:\/\/hirder.be\/?page_id=459\" \/>\n<meta property=\"og:site_name\" content=\"Le Blog de Hirder\" \/>\n<meta property=\"article:modified_time\" content=\"2023-01-01T12:15:48+00:00\" \/>\n<meta property=\"og:image\" content=\"https:\/\/hirder.be\/wp-content\/uploads\/2023\/01\/TES1-768x1024.jpeg\" \/>\n<meta name=\"twitter:card\" content=\"summary_large_image\" \/>\n<meta name=\"twitter:label1\" content=\"Dur\u00e9e de lecture est.\" \/>\n\t<meta name=\"twitter:data1\" content=\"5 minutes\" \/>\n<script type=\"application\/ld+json\" class=\"yoast-schema-graph\">{\"@context\":\"https:\\\/\\\/schema.org\",\"@graph\":[{\"@type\":\"WebPage\",\"@id\":\"https:\\\/\\\/hirder.be\\\/?page_id=459\",\"url\":\"https:\\\/\\\/hirder.be\\\/?page_id=459\",\"name\":\"Liste de Lecture - D\u00e9cembre 2022 - Le Blog de Hirder\",\"isPartOf\":{\"@id\":\"https:\\\/\\\/hirder.be\\\/#website\"},\"primaryImageOfPage\":{\"@id\":\"https:\\\/\\\/hirder.be\\\/?page_id=459#primaryimage\"},\"image\":{\"@id\":\"https:\\\/\\\/hirder.be\\\/?page_id=459#primaryimage\"},\"thumbnailUrl\":\"https:\\\/\\\/hirder.be\\\/wp-content\\\/uploads\\\/2023\\\/01\\\/TES1-768x1024.jpeg\",\"datePublished\":\"2023-01-01T12:15:47+00:00\",\"dateModified\":\"2023-01-01T12:15:48+00:00\",\"description\":\"La liste de Lecture de D\u00e9cembre 2022 de Hirder avec les titres suivants : The Elusive Samurai et Les Enfants d'Hippocrate\",\"breadcrumb\":{\"@id\":\"https:\\\/\\\/hirder.be\\\/?page_id=459#breadcrumb\"},\"inLanguage\":\"fr-BE\",\"potentialAction\":[{\"@type\":\"ReadAction\",\"target\":[\"https:\\\/\\\/hirder.be\\\/?page_id=459\"]}]},{\"@type\":\"ImageObject\",\"inLanguage\":\"fr-BE\",\"@id\":\"https:\\\/\\\/hirder.be\\\/?page_id=459#primaryimage\",\"url\":\"https:\\\/\\\/hirder.be\\\/wp-content\\\/uploads\\\/2023\\\/01\\\/TES1-768x1024.jpeg\",\"contentUrl\":\"https:\\\/\\\/hirder.be\\\/wp-content\\\/uploads\\\/2023\\\/01\\\/TES1-768x1024.jpeg\"},{\"@type\":\"BreadcrumbList\",\"@id\":\"https:\\\/\\\/hirder.be\\\/?page_id=459#breadcrumb\",\"itemListElement\":[{\"@type\":\"ListItem\",\"position\":1,\"name\":\"Accueil\",\"item\":\"https:\\\/\\\/hirder.be\\\/\"},{\"@type\":\"ListItem\",\"position\":2,\"name\":\"Liste de Lecture &#8211; D\u00e9cembre 2022\"}]},{\"@type\":\"WebSite\",\"@id\":\"https:\\\/\\\/hirder.be\\\/#website\",\"url\":\"https:\\\/\\\/hirder.be\\\/\",\"name\":\"Le Blog de Hirder\",\"description\":\"Chassez les succ\u00e8s, c&#039;est mon kiff.\",\"potentialAction\":[{\"@type\":\"SearchAction\",\"target\":{\"@type\":\"EntryPoint\",\"urlTemplate\":\"https:\\\/\\\/hirder.be\\\/?s={search_term_string}\"},\"query-input\":{\"@type\":\"PropertyValueSpecification\",\"valueRequired\":true,\"valueName\":\"search_term_string\"}}],\"inLanguage\":\"fr-BE\"}]}<\/script>\n<!-- \/ Yoast SEO plugin. -->","yoast_head_json":{"title":"Liste de Lecture - D\u00e9cembre 2022 - Le Blog de Hirder","description":"La liste de Lecture de D\u00e9cembre 2022 de Hirder avec les titres suivants : The Elusive Samurai et Les Enfants d'Hippocrate","robots":{"index":"index","follow":"follow","max-snippet":"max-snippet:-1","max-image-preview":"max-image-preview:large","max-video-preview":"max-video-preview:-1"},"canonical":"https:\/\/hirder.be\/?page_id=459","og_locale":"fr_FR","og_type":"article","og_title":"Liste de Lecture - D\u00e9cembre 2022 - Le Blog de Hirder","og_description":"La liste de Lecture de D\u00e9cembre 2022 de Hirder avec les titres suivants : The Elusive Samurai et Les Enfants d'Hippocrate","og_url":"https:\/\/hirder.be\/?page_id=459","og_site_name":"Le Blog de Hirder","article_modified_time":"2023-01-01T12:15:48+00:00","og_image":[{"url":"https:\/\/hirder.be\/wp-content\/uploads\/2023\/01\/TES1-768x1024.jpeg","type":"","width":"","height":""}],"twitter_card":"summary_large_image","twitter_misc":{"Dur\u00e9e de lecture est.":"5 minutes"},"schema":{"@context":"https:\/\/schema.org","@graph":[{"@type":"WebPage","@id":"https:\/\/hirder.be\/?page_id=459","url":"https:\/\/hirder.be\/?page_id=459","name":"Liste de Lecture - D\u00e9cembre 2022 - Le Blog de Hirder","isPartOf":{"@id":"https:\/\/hirder.be\/#website"},"primaryImageOfPage":{"@id":"https:\/\/hirder.be\/?page_id=459#primaryimage"},"image":{"@id":"https:\/\/hirder.be\/?page_id=459#primaryimage"},"thumbnailUrl":"https:\/\/hirder.be\/wp-content\/uploads\/2023\/01\/TES1-768x1024.jpeg","datePublished":"2023-01-01T12:15:47+00:00","dateModified":"2023-01-01T12:15:48+00:00","description":"La liste de Lecture de D\u00e9cembre 2022 de Hirder avec les titres suivants : The Elusive Samurai et Les Enfants d'Hippocrate","breadcrumb":{"@id":"https:\/\/hirder.be\/?page_id=459#breadcrumb"},"inLanguage":"fr-BE","potentialAction":[{"@type":"ReadAction","target":["https:\/\/hirder.be\/?page_id=459"]}]},{"@type":"ImageObject","inLanguage":"fr-BE","@id":"https:\/\/hirder.be\/?page_id=459#primaryimage","url":"https:\/\/hirder.be\/wp-content\/uploads\/2023\/01\/TES1-768x1024.jpeg","contentUrl":"https:\/\/hirder.be\/wp-content\/uploads\/2023\/01\/TES1-768x1024.jpeg"},{"@type":"BreadcrumbList","@id":"https:\/\/hirder.be\/?page_id=459#breadcrumb","itemListElement":[{"@type":"ListItem","position":1,"name":"Accueil","item":"https:\/\/hirder.be\/"},{"@type":"ListItem","position":2,"name":"Liste de Lecture &#8211; D\u00e9cembre 2022"}]},{"@type":"WebSite","@id":"https:\/\/hirder.be\/#website","url":"https:\/\/hirder.be\/","name":"Le Blog de Hirder","description":"Chassez les succ\u00e8s, c&#039;est mon kiff.","potentialAction":[{"@type":"SearchAction","target":{"@type":"EntryPoint","urlTemplate":"https:\/\/hirder.be\/?s={search_term_string}"},"query-input":{"@type":"PropertyValueSpecification","valueRequired":true,"valueName":"search_term_string"}}],"inLanguage":"fr-BE"}]}},"_links":{"self":[{"href":"https:\/\/hirder.be\/index.php?rest_route=\/wp\/v2\/pages\/459","targetHints":{"allow":["GET"]}}],"collection":[{"href":"https:\/\/hirder.be\/index.php?rest_route=\/wp\/v2\/pages"}],"about":[{"href":"https:\/\/hirder.be\/index.php?rest_route=\/wp\/v2\/types\/page"}],"author":[{"embeddable":true,"href":"https:\/\/hirder.be\/index.php?rest_route=\/wp\/v2\/users\/1"}],"replies":[{"embeddable":true,"href":"https:\/\/hirder.be\/index.php?rest_route=%2Fwp%2Fv2%2Fcomments&post=459"}],"version-history":[{"count":1,"href":"https:\/\/hirder.be\/index.php?rest_route=\/wp\/v2\/pages\/459\/revisions"}],"predecessor-version":[{"id":464,"href":"https:\/\/hirder.be\/index.php?rest_route=\/wp\/v2\/pages\/459\/revisions\/464"}],"wp:attachment":[{"href":"https:\/\/hirder.be\/index.php?rest_route=%2Fwp%2Fv2%2Fmedia&parent=459"}],"curies":[{"name":"wp","href":"https:\/\/api.w.org\/{rel}","templated":true}]}}