{"id":450,"date":"2022-11-01T22:04:04","date_gmt":"2022-11-01T21:04:04","guid":{"rendered":"https:\/\/hirder.be\/?page_id=450"},"modified":"2022-11-01T22:04:05","modified_gmt":"2022-11-01T21:04:05","slug":"liste-de-lecture-septembre-octobre-2022","status":"publish","type":"page","link":"https:\/\/hirder.be\/?page_id=450","title":{"rendered":"Liste de Lecture &#8211; Septembre &#038; Octobre 2022"},"content":{"rendered":"\n<p>Bonjour \u00e0 tous ! Bienvenue dans cette nouvelle <a href=\"https:\/\/hirder.be\/liste-de-lecture\/\">Liste de Lecture<\/a>. Aujourd&rsquo;hui, c&rsquo;est une double page combin\u00e9, comme indiqu\u00e9 dans le titre qui est je le rappelle \u00ab\u00a0Liste de Lecture &#8211; Septembre &amp; Octobre 2022\u00a0\u00bb, puisque durant cette p\u00e9riode, je n&rsquo;ai lu qu&rsquo;un seul bouquin, et c&rsquo;\u00e9tait le magnifique<strong> Dune<\/strong> de <em>Frank Herbert<\/em>. <\/p>\n\n\n\n<h3 class=\"wp-block-heading\">29\/10\/22 &#8211; Dune &#8211; T1 de Frank Herbert &#8211; Robert Laffont &#8211; <a href=\"https:\/\/www.fr.fnac.be\/a14961844\/Dune-Tome-1-Dune-Edition-collector-traduction-revue-et-corrigee-Frank-Herbert#omnsearchpos=2\" target=\"_blank\" rel=\"noreferrer noopener\">Acheter <\/a>&#8211; Tiktok<\/h3>\n\n\n<div class=\"wp-block-image\">\n<figure class=\"alignleft size-large is-resized\"><img loading=\"lazy\" decoding=\"async\" src=\"https:\/\/hirder.be\/wp-content\/uploads\/2022\/11\/Dune--768x1024.jpeg\" alt=\"\" class=\"wp-image-453\" width=\"278\" height=\"371\" srcset=\"https:\/\/hirder.be\/wp-content\/uploads\/2022\/11\/Dune--768x1024.jpeg 768w, https:\/\/hirder.be\/wp-content\/uploads\/2022\/11\/Dune--225x300.jpeg 225w, https:\/\/hirder.be\/wp-content\/uploads\/2022\/11\/Dune--1152x1536.jpeg 1152w, https:\/\/hirder.be\/wp-content\/uploads\/2022\/11\/Dune--1536x2048.jpeg 1536w, https:\/\/hirder.be\/wp-content\/uploads\/2022\/11\/Dune--scaled.jpeg 1920w\" sizes=\"auto, (max-width: 278px) 100vw, 278px\" \/><figcaption>La couverture du T1 de Dune dans une superbe \u00e9dition. Malheureusement, le carton de la couv&rsquo; est de mauvaise qualit\u00e9. <\/figcaption><\/figure>\n<\/div>\n\n\n<p>D\u00e9crire Dune de Frank Herbet n&rsquo;est pas tr\u00e8s compliqu\u00e9, tant l\u2019histoire de d\u00e9part est simple. Une famille r\u00e9gnante, les Atr\u00e9ides, sont envoy\u00e9s sur Dune par l&rsquo;Empereur dont le but secret est l\u2019annihilation de leur maison, car elle devient un peu trop influente au sein du Landsraad. Il complote ainsi avec les Harkonen, ennemis mortel des Atr\u00e9ides. Paul Atr\u00e9ides, fils du Duc Leto et de Dame Jessica sa concubine, est le personnage principal du roman. Il n&rsquo;aurait pas du exister, si Jessica, membre de l&rsquo;ordre Bene Geserit, une secte religieuse, aux but obscurs, n&rsquo;avait pas, par amour d\u00e9cid\u00e9 de donner un fils \u00e0 Leto plut\u00f4t qu&rsquo;une fille comme cela lui avait \u00e9t\u00e9 ordonn\u00e9. De ce fait, Paul est \u00e9duqu\u00e9 selon la \u00ab\u00a0Mani\u00e8re\u00a0\u00bb des Bene Geserit, mais aussi par les meilleurs ma\u00eetres d&rsquo;armes de l&rsquo;Univers.<\/p>\n\n\n\n<p>C&rsquo;est dans ce contexte, qu&rsquo;ils prennent possessions d&rsquo;Arrakis, la plan\u00e8te des sables, seuls endroit connu ou est produit l&rsquo;\u00e9pice g\u00e9riatrique, aussi appel\u00e9 le M\u00e9lange, sorte de drogue, permettant de voir dans certain cas, l&rsquo;avenir. l&rsquo;\u00e9pice est utilis\u00e9 par la Guilde pour permettre des voyages spatiaux s\u00fbr, puisque les personnes qui l&rsquo;utilisent peuvent trouver des routes s\u00fbrs. De ce fait, cela en fait la chose la plus pr\u00e9cieuse de l&rsquo;Univers et donc, une ressource tr\u00e8s pris\u00e9e. C&rsquo;est l\u00e0 que d\u00e9bute l&rsquo;histoire. Je n&rsquo;en dirais pas plus, donc place \u00e0 ma critique.<\/p>\n\n\n\n<p>J&rsquo;ai d\u00e9couvert Dune gr\u00e2ce au film de Denis Villeneuve, sortit en 2021. Je ne comprenais pas tout ce qu&rsquo;il s&rsquo;y passait, du coup, j&rsquo;ai pris les devants et achet\u00e9 le premier livre. Dans une \u00e9dition plut\u00f4t jolie, mais qui s&rsquo;est \u00e9rod\u00e9 avec le temps et les frottement du tissu de mon sac. Bref. J&rsquo;ai donc commenc\u00e9 la lecture et j&rsquo;ai directement accroch\u00e9. Que \u00e7a soit l&rsquo;univers, ou l&rsquo;ambiance du livre, c&rsquo;est simplement bon. J&rsquo;aime beaucoup le c\u00f4t\u00e9 religieux des Fremens, qui voue carr\u00e9ment un culte \u00e0 Muad&rsquo;Dib, alias Paul. <\/p>\n\n\n\n<p>J&rsquo;ai aussi particuli\u00e8rement ador\u00e9 la mani\u00e8re dont est abord\u00e9 le sujet de l&rsquo;eau, et toute la sacralisation qui l&rsquo;entoure sur une plan\u00e8te d\u00e9sertique. On ne se rend pas compte, nous autres Europ\u00e9ens \u00e0 quel point nous sommes chanceux d&rsquo;avoir de l&rsquo;eau \u00e0 dispositions en permanence. Mais ici, sur Dune (du nom que donne les Fremen \u00e0 leur plan\u00e8te), l&rsquo;Eau vaut plus que l&rsquo;\u00e9pice. Et quand tu manques d&rsquo;eau, tu meurs. Aussi simplement que cela.<\/p>\n\n\n\n<h3 class=\"wp-block-heading\">Mais qu&rsquo;est-ce que j&rsquo;en pense ? <\/h3>\n\n\n\n<p>Du coup, qu&rsquo;est ce que \u00e7a donne dans des termes Narratifs ? Et bien, c&rsquo;est excellent, mais je pense l&rsquo;avoir d\u00e9j\u00e0 dis plus haut. Je n&rsquo;ai pas grand choses \u00e0 lui reprocher si ce n&rsquo;est les constant \u00e9tat psychologiques des personnages, qui peuvent parfois \u00eatre un peu lourd dans la compr\u00e9hension de l\u2019\u0153uvre, mais si c&rsquo;est votre d\u00e9lire, vous passerez un excellent moment en lisant ce livre. J&rsquo;aime aussi beaucoup le fait de voir Paul \u00e9voluer dans sa compr\u00e9hension de son univers. Il est d\u00e9j\u00e0 prescient, mais avec l&rsquo;\u00e9pice, il s&rsquo;enfonce encore plus dans cette prescience et cherche absolument \u00e0 \u00e9viter le Jihad. Mais je pense que plus tu cherches \u00e0 \u00e9viter quelque chose, plus \u00e7a se rapproche et \u00e7a a de chance de se produire.<\/p>\n\n\n\n<p>En conclusion, je vous dirais de lire Dune, si vous aimez la SF simple, les complots politiques et la trahison menant \u00e0 l\u2019annihilation. Parce que ce n&rsquo;est pas un roman qui a beaucoup \u00e0 nous en apprendre sur la politique, mais qui peut nous apprendre la gestion de l&rsquo;eau, le conditionnement de personnes plac\u00e9s dans de bonnes conditions, si leur psychologie est assez faible. Bref, lisez Dune parce que c&rsquo;est bon.<\/p>\n\n\n\n<p>Points Positifs :<\/p>\n\n\n\n<ul class=\"wp-block-list\"><li>L&rsquo;histoire<\/li><li>La prescience de Paul<\/li><li>Les Fremens<\/li><li>La gestion de l&rsquo;eau<\/li><li>Le Baron Vladimir Harkonnen<\/li><\/ul>\n\n\n\n<p>Points N\u00e9gatifs :<\/p>\n\n\n\n<ul class=\"wp-block-list\"><li>La description trop pouss\u00e9s des \u00e9tats psychologiques des personnages<\/li><li>La politique confuses entres les diff\u00e9rents membres de l&rsquo;Univers (du Landsraad \u00e0 la compagnie CHOM)<\/li><li>La qualit\u00e9 de la couverture. <\/li><\/ul>\n\n\n\n<p>9\/10<\/p>\n","protected":false},"excerpt":{"rendered":"<p>Bonjour \u00e0 tous ! Bienvenue dans cette nouvelle Liste de Lecture. Aujourd&rsquo;hui, c&rsquo;est une double page combin\u00e9, comme indiqu\u00e9 dans&hellip;<\/p>\n","protected":false},"author":1,"featured_media":0,"parent":0,"menu_order":0,"comment_status":"closed","ping_status":"closed","template":"","meta":{"footnotes":""},"class_list":["post-450","page","type-page","status-publish","hentry"],"yoast_head":"<!-- This site is optimized with the Yoast SEO plugin v27.4 - https:\/\/yoast.com\/product\/yoast-seo-wordpress\/ -->\n<title>Liste de Lecture - Septembre &amp; Octobre 2022 - Le Blog de Hirder<\/title>\n<meta name=\"description\" content=\"Page parlant de la Liste de Lecture de Septembre &amp; Octobre 2022, retra\u00e7ant les lectures de Hirder sur son site\" \/>\n<meta name=\"robots\" content=\"index, follow, max-snippet:-1, max-image-preview:large, max-video-preview:-1\" \/>\n<link rel=\"canonical\" href=\"https:\/\/hirder.be\/?page_id=450\" \/>\n<meta property=\"og:locale\" content=\"fr_FR\" \/>\n<meta property=\"og:type\" content=\"article\" \/>\n<meta property=\"og:title\" content=\"Liste de Lecture - Septembre &amp; Octobre 2022 - Le Blog de Hirder\" \/>\n<meta property=\"og:description\" content=\"Page parlant de la Liste de Lecture de Septembre &amp; Octobre 2022, retra\u00e7ant les lectures de Hirder sur son site\" \/>\n<meta property=\"og:url\" content=\"https:\/\/hirder.be\/?page_id=450\" \/>\n<meta property=\"og:site_name\" content=\"Le Blog de Hirder\" \/>\n<meta property=\"article:modified_time\" content=\"2022-11-01T21:04:05+00:00\" \/>\n<meta property=\"og:image\" content=\"https:\/\/hirder.be\/wp-content\/uploads\/2022\/11\/Dune--768x1024.jpeg\" \/>\n<meta name=\"twitter:card\" content=\"summary_large_image\" \/>\n<meta name=\"twitter:label1\" content=\"Dur\u00e9e de lecture est.\" \/>\n\t<meta name=\"twitter:data1\" content=\"4 minutes\" \/>\n<script type=\"application\/ld+json\" class=\"yoast-schema-graph\">{\"@context\":\"https:\\\/\\\/schema.org\",\"@graph\":[{\"@type\":\"WebPage\",\"@id\":\"https:\\\/\\\/hirder.be\\\/?page_id=450\",\"url\":\"https:\\\/\\\/hirder.be\\\/?page_id=450\",\"name\":\"Liste de Lecture - Septembre & Octobre 2022 - Le Blog de Hirder\",\"isPartOf\":{\"@id\":\"https:\\\/\\\/hirder.be\\\/#website\"},\"primaryImageOfPage\":{\"@id\":\"https:\\\/\\\/hirder.be\\\/?page_id=450#primaryimage\"},\"image\":{\"@id\":\"https:\\\/\\\/hirder.be\\\/?page_id=450#primaryimage\"},\"thumbnailUrl\":\"https:\\\/\\\/hirder.be\\\/wp-content\\\/uploads\\\/2022\\\/11\\\/Dune--768x1024.jpeg\",\"datePublished\":\"2022-11-01T21:04:04+00:00\",\"dateModified\":\"2022-11-01T21:04:05+00:00\",\"description\":\"Page parlant de la Liste de Lecture de Septembre & Octobre 2022, retra\u00e7ant les lectures de Hirder sur son site\",\"breadcrumb\":{\"@id\":\"https:\\\/\\\/hirder.be\\\/?page_id=450#breadcrumb\"},\"inLanguage\":\"fr-BE\",\"potentialAction\":[{\"@type\":\"ReadAction\",\"target\":[\"https:\\\/\\\/hirder.be\\\/?page_id=450\"]}]},{\"@type\":\"ImageObject\",\"inLanguage\":\"fr-BE\",\"@id\":\"https:\\\/\\\/hirder.be\\\/?page_id=450#primaryimage\",\"url\":\"https:\\\/\\\/hirder.be\\\/wp-content\\\/uploads\\\/2022\\\/11\\\/Dune--768x1024.jpeg\",\"contentUrl\":\"https:\\\/\\\/hirder.be\\\/wp-content\\\/uploads\\\/2022\\\/11\\\/Dune--768x1024.jpeg\"},{\"@type\":\"BreadcrumbList\",\"@id\":\"https:\\\/\\\/hirder.be\\\/?page_id=450#breadcrumb\",\"itemListElement\":[{\"@type\":\"ListItem\",\"position\":1,\"name\":\"Accueil\",\"item\":\"https:\\\/\\\/hirder.be\\\/\"},{\"@type\":\"ListItem\",\"position\":2,\"name\":\"Liste de Lecture &#8211; Septembre &#038; Octobre 2022\"}]},{\"@type\":\"WebSite\",\"@id\":\"https:\\\/\\\/hirder.be\\\/#website\",\"url\":\"https:\\\/\\\/hirder.be\\\/\",\"name\":\"Le Blog de Hirder\",\"description\":\"Chassez les succ\u00e8s, c&#039;est mon kiff.\",\"potentialAction\":[{\"@type\":\"SearchAction\",\"target\":{\"@type\":\"EntryPoint\",\"urlTemplate\":\"https:\\\/\\\/hirder.be\\\/?s={search_term_string}\"},\"query-input\":{\"@type\":\"PropertyValueSpecification\",\"valueRequired\":true,\"valueName\":\"search_term_string\"}}],\"inLanguage\":\"fr-BE\"}]}<\/script>\n<!-- \/ Yoast SEO plugin. -->","yoast_head_json":{"title":"Liste de Lecture - Septembre & Octobre 2022 - Le Blog de Hirder","description":"Page parlant de la Liste de Lecture de Septembre & Octobre 2022, retra\u00e7ant les lectures de Hirder sur son site","robots":{"index":"index","follow":"follow","max-snippet":"max-snippet:-1","max-image-preview":"max-image-preview:large","max-video-preview":"max-video-preview:-1"},"canonical":"https:\/\/hirder.be\/?page_id=450","og_locale":"fr_FR","og_type":"article","og_title":"Liste de Lecture - Septembre & Octobre 2022 - Le Blog de Hirder","og_description":"Page parlant de la Liste de Lecture de Septembre & Octobre 2022, retra\u00e7ant les lectures de Hirder sur son site","og_url":"https:\/\/hirder.be\/?page_id=450","og_site_name":"Le Blog de Hirder","article_modified_time":"2022-11-01T21:04:05+00:00","og_image":[{"url":"https:\/\/hirder.be\/wp-content\/uploads\/2022\/11\/Dune--768x1024.jpeg","type":"","width":"","height":""}],"twitter_card":"summary_large_image","twitter_misc":{"Dur\u00e9e de lecture est.":"4 minutes"},"schema":{"@context":"https:\/\/schema.org","@graph":[{"@type":"WebPage","@id":"https:\/\/hirder.be\/?page_id=450","url":"https:\/\/hirder.be\/?page_id=450","name":"Liste de Lecture - Septembre & Octobre 2022 - Le Blog de Hirder","isPartOf":{"@id":"https:\/\/hirder.be\/#website"},"primaryImageOfPage":{"@id":"https:\/\/hirder.be\/?page_id=450#primaryimage"},"image":{"@id":"https:\/\/hirder.be\/?page_id=450#primaryimage"},"thumbnailUrl":"https:\/\/hirder.be\/wp-content\/uploads\/2022\/11\/Dune--768x1024.jpeg","datePublished":"2022-11-01T21:04:04+00:00","dateModified":"2022-11-01T21:04:05+00:00","description":"Page parlant de la Liste de Lecture de Septembre & Octobre 2022, retra\u00e7ant les lectures de Hirder sur son site","breadcrumb":{"@id":"https:\/\/hirder.be\/?page_id=450#breadcrumb"},"inLanguage":"fr-BE","potentialAction":[{"@type":"ReadAction","target":["https:\/\/hirder.be\/?page_id=450"]}]},{"@type":"ImageObject","inLanguage":"fr-BE","@id":"https:\/\/hirder.be\/?page_id=450#primaryimage","url":"https:\/\/hirder.be\/wp-content\/uploads\/2022\/11\/Dune--768x1024.jpeg","contentUrl":"https:\/\/hirder.be\/wp-content\/uploads\/2022\/11\/Dune--768x1024.jpeg"},{"@type":"BreadcrumbList","@id":"https:\/\/hirder.be\/?page_id=450#breadcrumb","itemListElement":[{"@type":"ListItem","position":1,"name":"Accueil","item":"https:\/\/hirder.be\/"},{"@type":"ListItem","position":2,"name":"Liste de Lecture &#8211; Septembre &#038; Octobre 2022"}]},{"@type":"WebSite","@id":"https:\/\/hirder.be\/#website","url":"https:\/\/hirder.be\/","name":"Le Blog de Hirder","description":"Chassez les succ\u00e8s, c&#039;est mon kiff.","potentialAction":[{"@type":"SearchAction","target":{"@type":"EntryPoint","urlTemplate":"https:\/\/hirder.be\/?s={search_term_string}"},"query-input":{"@type":"PropertyValueSpecification","valueRequired":true,"valueName":"search_term_string"}}],"inLanguage":"fr-BE"}]}},"_links":{"self":[{"href":"https:\/\/hirder.be\/index.php?rest_route=\/wp\/v2\/pages\/450","targetHints":{"allow":["GET"]}}],"collection":[{"href":"https:\/\/hirder.be\/index.php?rest_route=\/wp\/v2\/pages"}],"about":[{"href":"https:\/\/hirder.be\/index.php?rest_route=\/wp\/v2\/types\/page"}],"author":[{"embeddable":true,"href":"https:\/\/hirder.be\/index.php?rest_route=\/wp\/v2\/users\/1"}],"replies":[{"embeddable":true,"href":"https:\/\/hirder.be\/index.php?rest_route=%2Fwp%2Fv2%2Fcomments&post=450"}],"version-history":[{"count":1,"href":"https:\/\/hirder.be\/index.php?rest_route=\/wp\/v2\/pages\/450\/revisions"}],"predecessor-version":[{"id":455,"href":"https:\/\/hirder.be\/index.php?rest_route=\/wp\/v2\/pages\/450\/revisions\/455"}],"wp:attachment":[{"href":"https:\/\/hirder.be\/index.php?rest_route=%2Fwp%2Fv2%2Fmedia&parent=450"}],"curies":[{"name":"wp","href":"https:\/\/api.w.org\/{rel}","templated":true}]}}