{"id":394,"date":"2022-09-19T11:56:38","date_gmt":"2022-09-19T09:56:38","guid":{"rendered":"https:\/\/hirder.be\/?page_id=394"},"modified":"2022-09-19T11:56:39","modified_gmt":"2022-09-19T09:56:39","slug":"liste-de-lecture-juin-2022","status":"publish","type":"page","link":"https:\/\/hirder.be\/?page_id=394","title":{"rendered":"Liste de Lecture &#8211; Juin 2022"},"content":{"rendered":"\n<p><strong>Liste de lecture &#8211; Juin 2022&nbsp;<\/strong><\/p>\n\n\n\n<p>Ce mois ci dans la liste de lecture :&nbsp;<\/p>\n\n\n\n<p>#Un\u00c9clatDeGivre de Estelle Faye\u00a0<\/p>\n\n\n\n<h3 class=\"wp-block-heading\">10\/06\/22 &#8211; Un \u00c9clat de Givre de Estelle Faye &#8211; Gallimard &#8211; <a href=\"https:\/\/livre.fnac.com\/a10801185\/Estelle-Faye-Un-eclat-de-givre\">Acheter<\/a> &#8211; Tiktok<\/h3>\n\n\n<div class=\"wp-block-image\">\n<figure class=\"alignleft size-large is-resized\"><a href=\"https:\/\/livre.fnac.com\/a10801185\/Estelle-Faye-Un-eclat-de-givre\"><img loading=\"lazy\" decoding=\"async\" src=\"https:\/\/hirder.be\/wp-content\/uploads\/2022\/09\/Eclat_de_givre-768x1024.jpeg\" alt=\"\" class=\"wp-image-395\" width=\"306\" height=\"408\" srcset=\"https:\/\/hirder.be\/wp-content\/uploads\/2022\/09\/Eclat_de_givre-768x1024.jpeg 768w, https:\/\/hirder.be\/wp-content\/uploads\/2022\/09\/Eclat_de_givre-225x300.jpeg 225w, https:\/\/hirder.be\/wp-content\/uploads\/2022\/09\/Eclat_de_givre-1152x1536.jpeg 1152w, https:\/\/hirder.be\/wp-content\/uploads\/2022\/09\/Eclat_de_givre-1536x2048.jpeg 1536w, https:\/\/hirder.be\/wp-content\/uploads\/2022\/09\/Eclat_de_givre-scaled.jpeg 1920w\" sizes=\"auto, (max-width: 306px) 100vw, 306px\" \/><\/a><figcaption>La couverture super bien faite du roman \u00ab\u00a0Un \u00e9clat de givre\u00a0\u00bb<\/figcaption><\/figure>\n<\/div>\n\n\n<p>D\u00e9crire l\u2019univers dans lequel \u00e9volue Chet, le personnage principal du roman est plut\u00f4t facile. Il s\u2019agit d\u2019un monde post-apocalyptique, probablement bien plus r\u00e9aliste que tout ce que j\u2019ai pu imaginer. Plus je m\u2019enfon\u00e7ais dans la lecture d\u2019un \u00c9clat de Givre, plus le monde d\u00e9crit par Estelle Faye me semblait proche du notre. Est-ce parce que je pense all\u00e8grement que notre monde est d\u00e9j\u00e0 foutu ? Sans doute.&nbsp;<\/p>\n\n\n\n<p>Ce livre raconte donc l\u2019histoire de Chet, chanteur travestis de Jazz dans un bar, qui collectionne les conqu\u00eates, hommes ou femme, comme je collectionne les cartes Pok\u00e9mon. Alors qu\u2019il termine l\u2019une de ses nombreuses performances, il est approch\u00e9 un homme, un Frelot, qui veut l\u2019engager pour une mission p\u00e9rilleuse au c\u0153ur de l\u2019Enfer.&nbsp;<\/p>\n\n\n\n<p>Des les premi\u00e8res pages, l\u2019ambiance install\u00e9 par l\u2019autrice nous suffoque. On a chaud. Parce que dans le Paris du XII\u00e8me si\u00e8cle, il fait chaud. Chaud a un point que nous n\u2019avons encore jamais connu. Les diff\u00e9rentes guerres, l\u2019\u00e9puisement des ressources, et la cruaut\u00e9 humaine, ont laiss\u00e9 la plan\u00e8te dans un \u00e9tat d\u00e9plorable. C\u2019est dans ce milieu naus\u00e9abond, remplit d\u2019ordures et de d\u00e9chets (ou l\u2019inverse), que Chet \u00e9volue. Mais c\u2019est aussi dans cet atsmosphere que nous apprenons \u00e0 le conna\u00eetre. Lentement d\u2019abord, puis avec de plus en plus de vigueur nous comprenons son point de vue. Nous sommes en quelques sortes les spectateurs de sa vie, de ses choix et surtout de ses relations.&nbsp;<\/p>\n\n\n\n<p>Car bien que le roman \u00e9pouse all\u00e8grement le registre de la science-fiction, il n\u2019en reste pas moins une romance. Une romance entre Chet, sa main, Galaad et Tess. Une romance que seul les paroles ou les actes de Chet peuvent influencer. Alors est ce que ce livre est r\u00e9ussit ? Et bien oui. L\u2019intrigue est simple mais prenante, car du d\u00e9but \u00e0 la fin, on ne sait pas o\u00f9 veux nous emmener Estelle Faye. Et pourtant, lorsque le mot Fin appara\u00eet devant nos yeux, on ne peut qu\u2019est d\u00e9sol\u00e9. D\u00e9sol\u00e9 pour Chet, certes, mais aussi pour nous m\u00eames. Je ne dois pas \u00eatre le seul \u00e0 vouloir en savoir plus sur Chet et Tess. Et j\u2019esp\u00e8re qu\u2019un autre roman viendra embellir leur relation.&nbsp;<\/p>\n\n\n\n<p>8\/10\u00a0<\/p>\n\n\n\n<p><\/p>\n\n\n\n<p>Et c&rsquo;est tout pour ce mois de juin. Le roman m&rsquo;ayant pris beaucoup de temps, je n&rsquo;ai lu que \u00e7a. Pour voir (ou revoir, voire lire ou relire), les autres chroniques, c&rsquo;est par <a href=\"https:\/\/hirder.be\/liste-de-lecture\/\">ici<\/a>.<\/p>\n","protected":false},"excerpt":{"rendered":"<p>Liste de lecture &#8211; Juin 2022&nbsp; Ce mois ci dans la liste de lecture :&nbsp; #Un\u00c9clatDeGivre de Estelle Faye\u00a0 10\/06\/22&hellip;<\/p>\n","protected":false},"author":1,"featured_media":0,"parent":0,"menu_order":0,"comment_status":"closed","ping_status":"closed","template":"","meta":{"footnotes":""},"class_list":["post-394","page","type-page","status-publish","hentry"],"yoast_head":"<!-- This site is optimized with the Yoast SEO plugin v27.4 - https:\/\/yoast.com\/product\/yoast-seo-wordpress\/ -->\n<title>Liste de Lecture - Juin 2022 - Le Blog de Hirder<\/title>\n<meta name=\"description\" content=\"Liste de Lecture Juin 2022 - On parle surtout du seul roman que j&#039;ai lu, \u00e0 savoir, &quot;Un \u00e9clat de Givre&quot; de Estelle Faye.\" \/>\n<meta name=\"robots\" content=\"index, follow, max-snippet:-1, max-image-preview:large, max-video-preview:-1\" \/>\n<link rel=\"canonical\" href=\"https:\/\/hirder.be\/?page_id=394\" \/>\n<meta property=\"og:locale\" content=\"fr_FR\" \/>\n<meta property=\"og:type\" content=\"article\" \/>\n<meta property=\"og:title\" content=\"Liste de Lecture - Juin 2022 - Le Blog de Hirder\" \/>\n<meta property=\"og:description\" content=\"Liste de Lecture Juin 2022 - On parle surtout du seul roman que j&#039;ai lu, \u00e0 savoir, &quot;Un \u00e9clat de Givre&quot; de Estelle Faye.\" \/>\n<meta property=\"og:url\" content=\"https:\/\/hirder.be\/?page_id=394\" \/>\n<meta property=\"og:site_name\" content=\"Le Blog de Hirder\" \/>\n<meta property=\"article:modified_time\" content=\"2022-09-19T09:56:39+00:00\" \/>\n<meta property=\"og:image\" content=\"https:\/\/hirder.be\/wp-content\/uploads\/2022\/09\/Eclat_de_givre-768x1024.jpeg\" \/>\n<meta name=\"twitter:card\" content=\"summary_large_image\" \/>\n<meta name=\"twitter:label1\" content=\"Dur\u00e9e de lecture est.\" \/>\n\t<meta name=\"twitter:data1\" content=\"2 minutes\" \/>\n<script type=\"application\/ld+json\" class=\"yoast-schema-graph\">{\"@context\":\"https:\\\/\\\/schema.org\",\"@graph\":[{\"@type\":\"WebPage\",\"@id\":\"https:\\\/\\\/hirder.be\\\/?page_id=394\",\"url\":\"https:\\\/\\\/hirder.be\\\/?page_id=394\",\"name\":\"Liste de Lecture - Juin 2022 - Le Blog de Hirder\",\"isPartOf\":{\"@id\":\"https:\\\/\\\/hirder.be\\\/#website\"},\"primaryImageOfPage\":{\"@id\":\"https:\\\/\\\/hirder.be\\\/?page_id=394#primaryimage\"},\"image\":{\"@id\":\"https:\\\/\\\/hirder.be\\\/?page_id=394#primaryimage\"},\"thumbnailUrl\":\"https:\\\/\\\/hirder.be\\\/wp-content\\\/uploads\\\/2022\\\/09\\\/Eclat_de_givre-768x1024.jpeg\",\"datePublished\":\"2022-09-19T09:56:38+00:00\",\"dateModified\":\"2022-09-19T09:56:39+00:00\",\"description\":\"Liste de Lecture Juin 2022 - On parle surtout du seul roman que j'ai lu, \u00e0 savoir, \\\"Un \u00e9clat de Givre\\\" de Estelle Faye.\",\"breadcrumb\":{\"@id\":\"https:\\\/\\\/hirder.be\\\/?page_id=394#breadcrumb\"},\"inLanguage\":\"fr-BE\",\"potentialAction\":[{\"@type\":\"ReadAction\",\"target\":[\"https:\\\/\\\/hirder.be\\\/?page_id=394\"]}]},{\"@type\":\"ImageObject\",\"inLanguage\":\"fr-BE\",\"@id\":\"https:\\\/\\\/hirder.be\\\/?page_id=394#primaryimage\",\"url\":\"https:\\\/\\\/hirder.be\\\/wp-content\\\/uploads\\\/2022\\\/09\\\/Eclat_de_givre-768x1024.jpeg\",\"contentUrl\":\"https:\\\/\\\/hirder.be\\\/wp-content\\\/uploads\\\/2022\\\/09\\\/Eclat_de_givre-768x1024.jpeg\"},{\"@type\":\"BreadcrumbList\",\"@id\":\"https:\\\/\\\/hirder.be\\\/?page_id=394#breadcrumb\",\"itemListElement\":[{\"@type\":\"ListItem\",\"position\":1,\"name\":\"Accueil\",\"item\":\"https:\\\/\\\/hirder.be\\\/\"},{\"@type\":\"ListItem\",\"position\":2,\"name\":\"Liste de Lecture &#8211; Juin 2022\"}]},{\"@type\":\"WebSite\",\"@id\":\"https:\\\/\\\/hirder.be\\\/#website\",\"url\":\"https:\\\/\\\/hirder.be\\\/\",\"name\":\"Le Blog de Hirder\",\"description\":\"Chassez les succ\u00e8s, c&#039;est mon kiff.\",\"potentialAction\":[{\"@type\":\"SearchAction\",\"target\":{\"@type\":\"EntryPoint\",\"urlTemplate\":\"https:\\\/\\\/hirder.be\\\/?s={search_term_string}\"},\"query-input\":{\"@type\":\"PropertyValueSpecification\",\"valueRequired\":true,\"valueName\":\"search_term_string\"}}],\"inLanguage\":\"fr-BE\"}]}<\/script>\n<!-- \/ Yoast SEO plugin. -->","yoast_head_json":{"title":"Liste de Lecture - Juin 2022 - Le Blog de Hirder","description":"Liste de Lecture Juin 2022 - On parle surtout du seul roman que j'ai lu, \u00e0 savoir, \"Un \u00e9clat de Givre\" de Estelle Faye.","robots":{"index":"index","follow":"follow","max-snippet":"max-snippet:-1","max-image-preview":"max-image-preview:large","max-video-preview":"max-video-preview:-1"},"canonical":"https:\/\/hirder.be\/?page_id=394","og_locale":"fr_FR","og_type":"article","og_title":"Liste de Lecture - Juin 2022 - Le Blog de Hirder","og_description":"Liste de Lecture Juin 2022 - On parle surtout du seul roman que j'ai lu, \u00e0 savoir, \"Un \u00e9clat de Givre\" de Estelle Faye.","og_url":"https:\/\/hirder.be\/?page_id=394","og_site_name":"Le Blog de Hirder","article_modified_time":"2022-09-19T09:56:39+00:00","og_image":[{"url":"https:\/\/hirder.be\/wp-content\/uploads\/2022\/09\/Eclat_de_givre-768x1024.jpeg","type":"","width":"","height":""}],"twitter_card":"summary_large_image","twitter_misc":{"Dur\u00e9e de lecture est.":"2 minutes"},"schema":{"@context":"https:\/\/schema.org","@graph":[{"@type":"WebPage","@id":"https:\/\/hirder.be\/?page_id=394","url":"https:\/\/hirder.be\/?page_id=394","name":"Liste de Lecture - Juin 2022 - Le Blog de Hirder","isPartOf":{"@id":"https:\/\/hirder.be\/#website"},"primaryImageOfPage":{"@id":"https:\/\/hirder.be\/?page_id=394#primaryimage"},"image":{"@id":"https:\/\/hirder.be\/?page_id=394#primaryimage"},"thumbnailUrl":"https:\/\/hirder.be\/wp-content\/uploads\/2022\/09\/Eclat_de_givre-768x1024.jpeg","datePublished":"2022-09-19T09:56:38+00:00","dateModified":"2022-09-19T09:56:39+00:00","description":"Liste de Lecture Juin 2022 - On parle surtout du seul roman que j'ai lu, \u00e0 savoir, \"Un \u00e9clat de Givre\" de Estelle Faye.","breadcrumb":{"@id":"https:\/\/hirder.be\/?page_id=394#breadcrumb"},"inLanguage":"fr-BE","potentialAction":[{"@type":"ReadAction","target":["https:\/\/hirder.be\/?page_id=394"]}]},{"@type":"ImageObject","inLanguage":"fr-BE","@id":"https:\/\/hirder.be\/?page_id=394#primaryimage","url":"https:\/\/hirder.be\/wp-content\/uploads\/2022\/09\/Eclat_de_givre-768x1024.jpeg","contentUrl":"https:\/\/hirder.be\/wp-content\/uploads\/2022\/09\/Eclat_de_givre-768x1024.jpeg"},{"@type":"BreadcrumbList","@id":"https:\/\/hirder.be\/?page_id=394#breadcrumb","itemListElement":[{"@type":"ListItem","position":1,"name":"Accueil","item":"https:\/\/hirder.be\/"},{"@type":"ListItem","position":2,"name":"Liste de Lecture &#8211; Juin 2022"}]},{"@type":"WebSite","@id":"https:\/\/hirder.be\/#website","url":"https:\/\/hirder.be\/","name":"Le Blog de Hirder","description":"Chassez les succ\u00e8s, c&#039;est mon kiff.","potentialAction":[{"@type":"SearchAction","target":{"@type":"EntryPoint","urlTemplate":"https:\/\/hirder.be\/?s={search_term_string}"},"query-input":{"@type":"PropertyValueSpecification","valueRequired":true,"valueName":"search_term_string"}}],"inLanguage":"fr-BE"}]}},"_links":{"self":[{"href":"https:\/\/hirder.be\/index.php?rest_route=\/wp\/v2\/pages\/394","targetHints":{"allow":["GET"]}}],"collection":[{"href":"https:\/\/hirder.be\/index.php?rest_route=\/wp\/v2\/pages"}],"about":[{"href":"https:\/\/hirder.be\/index.php?rest_route=\/wp\/v2\/types\/page"}],"author":[{"embeddable":true,"href":"https:\/\/hirder.be\/index.php?rest_route=\/wp\/v2\/users\/1"}],"replies":[{"embeddable":true,"href":"https:\/\/hirder.be\/index.php?rest_route=%2Fwp%2Fv2%2Fcomments&post=394"}],"version-history":[{"count":1,"href":"https:\/\/hirder.be\/index.php?rest_route=\/wp\/v2\/pages\/394\/revisions"}],"predecessor-version":[{"id":397,"href":"https:\/\/hirder.be\/index.php?rest_route=\/wp\/v2\/pages\/394\/revisions\/397"}],"wp:attachment":[{"href":"https:\/\/hirder.be\/index.php?rest_route=%2Fwp%2Fv2%2Fmedia&parent=394"}],"curies":[{"name":"wp","href":"https:\/\/api.w.org\/{rel}","templated":true}]}}