{"id":228,"date":"2022-03-01T09:18:27","date_gmt":"2022-03-01T08:18:27","guid":{"rendered":"https:\/\/hirder.be\/?page_id=228"},"modified":"2022-03-01T09:18:29","modified_gmt":"2022-03-01T08:18:29","slug":"liste-de-lecture-fevrier-2022","status":"publish","type":"page","link":"https:\/\/hirder.be\/?page_id=228","title":{"rendered":"Liste de Lecture &#8211; F\u00e9vrier 2022"},"content":{"rendered":"\n<p>Bonjour \u00e0 tous ! Bienvenue dans cette nouvelle Liste de Lecture ! Au programme : <\/p>\n\n\n\n<ul class=\"wp-block-list\"><li>UQ Holder de chez Pika<\/li><li>I am a Hero de chez Kana <\/li><\/ul>\n\n\n\n<h3 class=\"wp-block-heading\">01\/02\/2022 &#8211; UQ Holder &#8211; T3 &#8211; Ken Akamatsu &#8211; Pika &#8211; <a href=\"https:\/\/www.momox-shop.fr\/ken-akamatsu-uq-holder-tome-3-taschenbuch-M02811616144.html?variant=UsedGood\" target=\"_blank\" rel=\"noreferrer noopener\">Acheter<\/a><\/h3>\n\n\n\n<p>Est-ce que je suis en train de kiffer UQ Holder malgr\u00e9 toutes les faiblesses du sc\u00e9nario et de ses personnages ? Oui. Ce tome, me r\u00e9concilie l\u00e9g\u00e8rement avec la s\u00e9rie. Oui, je trouve toujours le personnage de Tota tr\u00e8s mal \u00e9crit, oui je trouve qu\u2019il y a encore de la sexualit\u00e9 utilis\u00e9 \u00e0 mauvais escient, mais les dessins de ce tome sont juste sublimes (surtout les doubles pages). M\u00eame si je sais que c\u2019est un Sh\u00f4nen, et que par cet aspect il a des codes a respecter (qu\u00eate initiatique, cycle du h\u00e9ros, pouvoir de l\u2019amiti\u00e9 et de l\u2019effort), il est quand m\u00eame d\u00e9cevant d\u2019avoir des personnages si caricaturaux dans leur choix, leur apparence ou dans leur mani\u00e8re de penser. Pourtant, le sc\u00e9nario fait un virage plut\u00f4t bons, avec l\u2019introduction de quelques myst\u00e8res plut\u00f4t bien sentis (le type de magie de Tota, le fait que seul deux \u00eatres au monde l\u2019a maitrise, etc). Pour ces deux raisons, je pense que malgr\u00e9 tout je vais continuer \u00e0 lire la s\u00e9rie. Pour tout vous dire, j\u2019ai mis quelques jours a vraiment entam\u00e9 le T3. J\u2019aurais pu le faire d\u00e8s hier (le 31 janvier), voir m\u00eame quelques jours auparavant, lors de la lecture du T2, mais \u00e7a me pesait sur le moral, parce que je trouvais le tout un peu nul. Ce tome rattrape vraiment les choses et j\u2019ai h\u00e2te de lire la suite.<\/p>\n\n\n\n<p>6.5\/10<\/p>\n\n\n\n<h3 class=\"wp-block-heading\">02\/02\/2022 &#8211; I am a Hero &#8211; T2 de Kengo Hanazawa &#8211; Kana &#8211; <a href=\"https:\/\/livre.fnac.com\/a4053747\/I-am-a-hero-Tome-2-I-am-a-hero-Kengo-Hanazawa\" target=\"_blank\" rel=\"noreferrer noopener\">Acheter<\/a><\/h3>\n\n\n\n<p>Comment pourrais-je d\u00e9crire ce manga ? Il s\u2019agit de l\u2019histoire un type, qui est assistant mangaka, \u00e0 d\u00e9faut de l\u2019\u00eatre lui-m\u00eame, qui vit une vie mis\u00e9rable o\u00f9 il est m\u00e9pris\u00e9 par ses coll\u00e8gues, m\u00e9pris\u00e9 par son \u00e9diteur et m\u00e9pris\u00e9 par sa petite amie qui r\u00eave secr\u00e8tement de retourner avec son ex. A cela il faut rajouter les troubles psychologiques qui lui font voir des gens qui n\u2019existent pas et vous avez le contexte du personnage, qui doit \u00e9voluer dans un monde au bord du gouffre, suite \u00e0 l\u2019apparition d\u2019un virus qui zombifie la population. Le scenario est incroyable et particuli\u00e8rement bien men\u00e9. Si bien que certains chapitre sont d\u00e9pourvus de dialogue, l\u2019histoire et les \u00e9motions passant uniquement par le dessin. Les dessins justement sont d\u2019une justesse incroyable et ont du demander des centaines d\u2019heures de travail tant ils paraissent r\u00e9alistes, a la fois sur les environnements, que sur les personnages (m\u00eame si un des zombies de ce tome a un design ridicule au possible). Mais alors qu\u2019il parvient \u00e0 s\u2019\u00e9chapper, notre h\u00e9ros se retrouve dans un remake d\u2019un train pour Busan, version japonaise.&nbsp;<\/p>\n\n\n\n<p>9\/10<\/p>\n\n\n\n<h3 class=\"wp-block-heading\">05\/02\/2022 &#8211; UQ Holder &#8211; T4 &#8211; Ken Akamatsu &#8211; Pika &#8211; <a href=\"https:\/\/www.momox-shop.fr\/ken-akamatsu-uq-holder-tome-4-taschenbuch-M02811618414.html?variant=UsedVeryGood\" target=\"_blank\" rel=\"noreferrer noopener\">Acheter<\/a><\/h3>\n\n\n\n<p>Bon j\u2019ai probablement \u00e9t\u00e9 un peu m\u00e9prisant avec ce manga. C\u2019est s\u00fbrement du au fait que j\u2019ai pris l\u2019aventure en cours de route sans avoir lu Negima du m\u00eame auteur. Cela dis, m\u00eame si les persos sont toujours aussi mal \u00e9cris, l\u2019histoire elle prend un tournant tr\u00e8s int\u00e9ressant. Je dois m\u00eame avouer que Yukihime ne me laisse pas indiff\u00e9rent sous sa forme de femme (et non de fillette, \u00e7a serait glauque). Le myst\u00e8re s\u2019\u00e9paissit autour de T\u00f4ta que je trouve toujours autant ridicule.&nbsp;<\/p>\n\n\n\n<p>6\/10<\/p>\n\n\n\n<h3 class=\"wp-block-heading\">06\/02\/2022 &#8211; I am a Hero &#8211; T3 de Kengo Hanazawa &#8211; Kana &#8211; <a href=\"https:\/\/livre.fnac.com\/a4084292\/I-am-a-hero-Tome-3-I-am-a-hero-Kengo-Hanazawa\" target=\"_blank\" rel=\"noreferrer noopener\">Acheter<\/a><\/h3>\n\n\n\n<p>Ce manga est clairement une perle du genre. Entre ses dessins semi r\u00e9alistes, son histoire ultra prenante et ses personnages loin d\u2019\u00eatre les clich\u00e9s du genre, on se retrouve face \u00e0 un manga de zombie d\u2019un nouveau genre. Dans ce tome, en plus de fuir une situation, qui pour tout amateur de film de zombie, semble d\u2019avance tr\u00e8s compliqu\u00e9, on se concentre sur Hideo, qui en plus de ses hallucinations (sans doute due \u00e0 des troubles psychiatriques), est compl\u00e8tement paniqu\u00e9 et tente malgr\u00e9 tout de maintenir un semblant d\u2019ordre \u00e0 la japonaise (comme par exemple le fait de ne pas utiliser son arme car c\u2019est contraire \u00e0 la loi, etc). \u00c7a donne un ton tr\u00e8s \u00e9trange, mais tout aussi fascinant.&nbsp;<\/p>\n\n\n\n<p>9\/10<\/p>\n\n\n\n<h3 class=\"wp-block-heading\">06\/02\/2022 &#8211; I am a Hero &#8211; T4 de Kengo Hanazawa &#8211; Kana &#8211; <a href=\"https:\/\/www.fr.fnac.be\/a4195774\/I-am-a-hero-Tome-4-I-am-a-hero-Kengo-Hanazawa\" target=\"_blank\" rel=\"noreferrer noopener\">Acheter<\/a><\/h3>\n\n\n\n<p>Dans ce tome, Kengo Hanazawa nous introduit un nouveau personnage mais cette fois de sexe f\u00e9minin qui se nomme Hiromi (d\u2019ailleurs, il y a plusieurs allusions sur le fait qu\u2019Hideo veut dire Hero et que Hiromi, quant il se mit a l\u2019anglaise, on peut y lire Hero aussi haha), qui a une histoire tout aussi tragique que celle d\u2019Hideo. Bien qu\u2019elle ne soit pas maltrait\u00e9 au coll\u00e8ge, elle est la jeune fille discr\u00e8te sans ami, qui fait l\u00e9gion dans les \u00e9coles. De ce fait lorsque quelqu\u2019un s\u2019int\u00e9resse \u00e0 elle, elle se lie rapidement d\u2019amiti\u00e9 avec cette personne et ex\u00e9cute ce qu\u2019on lui demande sans vraiment broncher. Ce qui fait qu\u2019elle se retrouve dans la fameuse for\u00eat Aokigahara, au pied du mont Fuji, \u00e0 cause d\u2019un d\u00e9fi stupide lanc\u00e9e par ses amies. De ce fait elle rencontre Hideo qui est compl\u00e8tement paniqu\u00e9, \u00e0 cause de ses hallucinations mais aussi de la journ\u00e9e qu\u2019il vient d\u2019avoir. Et c\u2019est la que l\u2019aventure commence pour nous deux jeunes gens qui sont oppos\u00e9s par bien des points dans la soci\u00e9t\u00e9 japonaise, mais semblable dans leurs caract\u00e8re et leur fa\u00e7on de voir les choses. Le sc\u00e9nario est men\u00e9 de main de ma\u00eetre et la ou on s\u2019attendrait \u00e0 un rebondissement bien venu, il n\u2019en fait rien et prend m\u00eame le temps de nous faire des dessins qui se laissent observer. Magnifique transition pour parler du dessin, qui se sublime encore plus dans ce tome.&nbsp;<\/p>\n\n\n\n<p>10\/10<\/p>\n\n\n\n<h3 class=\"wp-block-heading\">10\/02\/2022 &#8211; UQ Holder &#8211; T5 de Ken Akamatsu &#8211; Pika &#8211; <a href=\"https:\/\/www.momox-shop.fr\/ken-akamatsu-uq-holder-05-taschenbuch-M03770492692.html?variant=UsedVeryGood\" target=\"_blank\" rel=\"noreferrer noopener\">Acheter<\/a><\/h3>\n\n\n\n<p>On prend les m\u00eames et on recommence. J&rsquo;aime l&rsquo;histoire, non pas qu&rsquo;elle me fasse voyager, mais au bout de 5 tomes \u00e0 suivre les aventures du simplet T\u00f4ta, je me retrouve \u00e0 aimer, par habitude de lecture. Du coup, lorsque dans ce tome, on aborde une enqu\u00eate polici\u00e8re, qui va mener au recrutement d&rsquo;un nouveau membre d&rsquo;UQ Holder (dont on ne connait toujours pas les origines, mais passons), le manga prend un ton particuli\u00e8rement s\u00e9rieux et \u00e7a lui va bien. Entre les enjeux dramatiques et les le\u00e7ons de morale, qui m\u00eame si elles ont d\u00e9j\u00e0 \u00e9t\u00e9 utilis\u00e9 par d&rsquo;autres auteurs, restent tr\u00e8s accrocheuse, ce tome promet une bonne suite si il continue sur cette lanc\u00e9e. Et s&rsquo;il vous plait, faite en sorte qu&rsquo;on voit moins de nudit\u00e9 gratuite. <br><br>6\/10 <\/p>\n\n\n\n<h3 class=\"wp-block-heading\">10\/02\/2022 &#8211; UQ Holder &#8211; T6 de Ken Akamastu &#8211; Pika &#8211; <a href=\"https:\/\/livre.fnac.com\/a8646749\/UQ-Holder-Tome-06-UQ-Holder-Ken-Akamatsu\" target=\"_blank\" rel=\"noreferrer noopener\">Acheter<\/a><\/h3>\n\n\n\n<p>D\u00e9cid\u00e9ment. J\u2019aime bien l\u2019histoire de ce manga, malgr\u00e9 le fait que je trouve que l\u2019auteur fait n\u2019importe quoi. J\u2019aurais par exemple pr\u00e9senter UQ Holder diff\u00e9remment en expliquant ses origines, ses ambitions etc. J\u2019aurais aussi des le d\u00e9part pr\u00e9sente T\u00f4ta comme un ben\u00eat dont le pass\u00e9 est myst\u00e9rieux, et dont le seul lien avec le monde est Yukihime, qui est bien myst\u00e9rieuse elle aussi. J\u2019aurais aussi pr\u00e9sent\u00e9 les diff\u00e9rentes formes d\u2019immortalit\u00e9, quitte \u00e0 devoir en rajouter via une simplification scenaristique (un personnage qui donne toutes les infos puis au moment de d\u00e9couvrir un nouveau type d\u2019immortalit\u00e9 dis \u00ab&nbsp;Je vous en ai pas parler parce qu\u2019ils sont super rare&nbsp;\u00bb), j\u2019aurais pr\u00e9senter le monde aussi dans le pr\u00e9ambule. Bref, je pense que l\u2019\u00e9diteur et l\u2019auteur n\u2019ont pas fait un bon travail. Reste que si on s\u2019accroche bien, le manga reste lisible et cool. Les dessins sont franchement bons et m\u00eame si je vous les facilites scenaristiques utilis\u00e9e par Akamatsu, j\u2019appr\u00e9cie n\u00e9anmoins lire ce manga.&nbsp;<\/p>\n\n\n\n<p>6\/10<\/p>\n\n\n\n<h3 class=\"wp-block-heading\">22\/02\/2022 &#8211; UQ Holder &#8211; T7 de Ken Akamatsu &#8211; Pika &#8211; <a href=\"https:\/\/www.momox-shop.fr\/ken-akamatsu-uq-holder-07-taschenbuch-M03770492714.html?variant=UsedVeryGood\" target=\"_blank\" rel=\"noreferrer noopener\">Acheter<\/a><\/h3>\n\n\n\n<p>Voil\u00e0 que je dis du bien de UQ Holder pour que l\u2019auteur fasse n\u2019importe quoi. Entre ses deus ex machina et autres pr\u00e9texte pour faire appara\u00eetre des personnages ultra puissant\u2026 je ne comprend m\u00eame pas comment la s\u00e9rie a pu aller jusqu\u2019\u00e0 plus de&nbsp; 20 tomes tant c\u2019est un fouillis d\u2019id\u00e9e sans queue ni t\u00eate. Heureusement que le dessin rattrape vraiment tous le reste parce que sinon ce manga serait \u00e0 jeter. Et pourtant, pourtant il parvient avec son sc\u00e9nario \u00e0 susciter en moi l\u2019envie de lire la suite. Est-ce que le pari est r\u00e9ussit ? Je ne sais pas.&nbsp;<\/p>\n\n\n\n<p>5.5\/10<\/p>\n\n\n\n<h3 class=\"wp-block-heading\">22\/02\/2022 &#8211; UQ Holder &#8211; T8 de Ken Akamatsu &#8211; Pika &#8211; <a href=\"https:\/\/livre.fnac.com\/a9212720\/UQ-Holder-Tome-08-UQ-Holder-Ken-Akamatsu\" target=\"_blank\" rel=\"noreferrer noopener\">Acheter<\/a><\/h3>\n\n\n\n<p>C\u2019est vraiment un mangas avec deux vitesses. Donc c\u00f4t\u00e9 on retrouve le dessin absolument magnifique de Ken Akamatsu et de l\u2019autre son sc\u00e9nario plut\u00f4t bancal. De se fait le mangas a des c\u00f4t\u00e9s absolument g\u00e9niaux, comme la relation entre certains personnages, l\u2019utilisation de certains pouvoirs qui sont extr\u00eamement bien pens\u00e9. Et d\u2019un autre c\u00f4t\u00e9 il y a des trucs qui ont ni queue ni t\u00eate. Je prends par exemple ici l\u2019histoire de la jeune Kitty, qui par un concours de circonstances se retrouve li\u00e9 en quelque sorte \u00e0 notre ami T\u00f4ta. Elle ressemble tr\u00e8s fortement \u00e0 Yukihime, jusqu\u2019\u00e0 m\u00eame utiliser le m\u00eame surnom que cette derni\u00e8re qui se trouve \u00eatre Kitty aussi, mais apparemment c\u2019est pas la m\u00eame personne. Alors je suis un peu perdu est-ce que c\u2019est une Kitty d\u2019une autre \u00e9poque, ou carr\u00e9ment une autre ? En tout cas j\u2019ai h\u00e2te de conna\u00eetre la suite, Mais je ne veux pas m\u2019emballer pour rien. Je me rappelle que tome six j\u2019avais absolument ador\u00e9 l\u2019id\u00e9e avant qu\u2019elle soit massacr\u00e9 en partie dans le tome sept.&nbsp;<\/p>\n\n\n\n<p>7\/10<\/p>\n\n\n\n<h2 class=\"wp-block-heading\">24\/02\/2022 &#8211; UQ Holder &#8211; T9 de Ken Akamatsu &#8211; Pika &#8211; <a href=\"https:\/\/www.momox-shop.fr\/ken-akamatsu-uq-holder-tome-9-taschenbuch-M02811626352.html?variant=UsedVeryGood\" target=\"_blank\" rel=\"noreferrer noopener\">Acheter<\/a>\u00a0<\/h2>\n\n\n\n<p>Enfin un bon tome ! Tout est fait pour aller dans ce tome. Entre le nouveau personnage qui apporte enfin quelque chose \u00e0 l\u2019histoire et le fait qu\u2019on explore le pass\u00e9 de Yukihime, par flashback (et je confirme c\u2019\u00e9tait bien elle dans le tome pr\u00e9c\u00e9dent et c\u2019est valid\u00e9), et le fait que l\u2019entra\u00eenement est enfin quelque chose qui sert \u00e0 quelque chose c\u2019est une bonne surprise. Et que dire des dessins ? Ils sont exceptionnels. Je n\u2019ai pas d\u2019autre mots. Moi qui adore les pieds par exemple, je les trouve magnifique \u00e0 chaque tome. Et pour une fois, la sexualit\u00e9 n\u2019est pas sp\u00e9cialement mis en avant.<br><br>7\/10<\/p>\n\n\n\n<h3 class=\"wp-block-heading\">26\/02\/2022 &#8211; UQ Holder &#8211; T10 de Ken Akamatsu &#8211; Pika &#8211; <a href=\"https:\/\/livre.fnac.com\/a9650395\/UQ-Holder-Tome-10-UQ-Holder-Ken-Akamatsu\" target=\"_blank\" rel=\"noreferrer noopener\">Acheter<\/a>\u00a0<\/h3>\n\n\n\n<p>BIEN SUR ! Il fallait que je dise que dans le tome pr\u00e9c\u00e9dents la sexualit\u00e9 n\u2019est pas trop exploit\u00e9s pour que BOUM ! Trois pages compl\u00e8te ou on voit les filles du mangas nue, un chapitre ou elles passent leur temps \u00e0 poil \u00e0 courir apr\u00e8s T\u00f4ta, sans AUCUNE raison valable. Et le pire l\u00e0 dedans c\u2019est que tu as l\u2019impression que c\u2019est l\u00e0 dessus que veut jouer Akamatsu ! A part cela, le fait que tous le monde tombe amoureux de T\u00f4ta je trouve \u00e7a un peu niais. J\u2019aime bien hein, mais c\u2019est niais au possible et pas du tout coh\u00e9rent avec ce qui se fait en g\u00e9n\u00e9ral dans les \u0153uvres litt\u00e9raires. Je me demande m\u00eame si Akamatsu ne se laisse pas une marge de man\u0153uvre en op\u00e9rant de la sorte, comme \u00e7a il peut conclure son \u0153uvre par une relation amoureuse avec n\u2019importe quel personnages, que \u00e7a passerait cr\u00e8me.&nbsp;<\/p>\n\n\n\n<p>5\/10<\/p>\n\n\n\n<h3 class=\"wp-block-heading\">28\/02\/22 &#8211; UQ Holder &#8211; T11 de Ken Akamatsu &#8211; Pika &#8211; <a href=\"https:\/\/www.fr.fnac.be\/a10108664\/UQ-Holder-Tome-11-UQ-Holder-Ken-Akamatsu\" target=\"_blank\" rel=\"noreferrer noopener\">Acheter<\/a>\u00a0<\/h3>\n\n\n\n<p>D\u00e9cid\u00e9ment. L\u00e0 ce ne sont plus des pages enti\u00e8res d\u2019un chapitre qui sont vou\u00e9s \u00e0 la nudit\u00e9 mais carr\u00e9ment les pages de garde des chapitres (d\u2019ailleurs c\u2019est un peu malsain puisque Kiri\u00e9, l\u2019un des personnages f\u00e9minins est cens\u00e9e avoir \u2026 10 ans). C\u2019est pas un truc d\u00e9rangeant non plus, mais c\u2019est exasp\u00e9rant. Mais pas autant que la technique de T\u00f4ta qui COMME PAR HASARD, d\u00e9chire les v\u00eatements des filles. Et pourtant apr\u00e8s 11 tomes, des cafouillis dans tout les sens, des persos qui sont en admiration totale devant T\u00f4ta puis devant Yukihime, je ne peux pas m\u2019emp\u00eacher de vouloir conna\u00eetre la suite. J\u2019attendrais par contre de trouver les tomes en occasions.&nbsp;<\/p>\n\n\n\n<p>7\/10<\/p>\n\n\n\n<p><\/p>\n\n\n\n<p>Voil\u00e0, c&rsquo;est tout pour ce mois de f\u00e9vrier ! On se retrouve dans un mois pile, pour la suite ! <\/p>\n","protected":false},"excerpt":{"rendered":"<p>Bonjour \u00e0 tous ! Bienvenue dans cette nouvelle Liste de Lecture ! Au programme : UQ Holder de chez Pika&hellip;<\/p>\n","protected":false},"author":1,"featured_media":0,"parent":0,"menu_order":0,"comment_status":"closed","ping_status":"closed","template":"","meta":{"footnotes":""},"class_list":["post-228","page","type-page","status-publish","hentry"],"yoast_head":"<!-- This site is optimized with the Yoast SEO plugin v27.5 - https:\/\/yoast.com\/product\/yoast-seo-wordpress\/ -->\n<title>Liste de Lecture - F\u00e9vrier 2022 - Le Blog de Hirder<\/title>\n<meta name=\"description\" content=\"La Liste de lecture est une s\u00e9rie de critique des livres et mangas lus par Hirder. A d\u00e9couvrir ce mois-ci, UQ Holder et I am a Hero\" \/>\n<meta name=\"robots\" content=\"index, follow, max-snippet:-1, max-image-preview:large, max-video-preview:-1\" \/>\n<link rel=\"canonical\" href=\"https:\/\/hirder.be\/?page_id=228\" \/>\n<meta property=\"og:locale\" content=\"fr_FR\" \/>\n<meta property=\"og:type\" content=\"article\" \/>\n<meta property=\"og:title\" content=\"Liste de Lecture - F\u00e9vrier 2022 - Le Blog de Hirder\" \/>\n<meta property=\"og:description\" content=\"La Liste de lecture est une s\u00e9rie de critique des livres et mangas lus par Hirder. A d\u00e9couvrir ce mois-ci, UQ Holder et I am a Hero\" \/>\n<meta property=\"og:url\" content=\"https:\/\/hirder.be\/?page_id=228\" \/>\n<meta property=\"og:site_name\" content=\"Le Blog de Hirder\" \/>\n<meta property=\"article:modified_time\" content=\"2022-03-01T08:18:29+00:00\" \/>\n<meta name=\"twitter:card\" content=\"summary_large_image\" \/>\n<meta name=\"twitter:label1\" content=\"Dur\u00e9e de lecture est.\" \/>\n\t<meta name=\"twitter:data1\" content=\"10 minutes\" \/>\n<script type=\"application\/ld+json\" class=\"yoast-schema-graph\">{\"@context\":\"https:\\\/\\\/schema.org\",\"@graph\":[{\"@type\":\"WebPage\",\"@id\":\"https:\\\/\\\/hirder.be\\\/?page_id=228\",\"url\":\"https:\\\/\\\/hirder.be\\\/?page_id=228\",\"name\":\"Liste de Lecture - F\u00e9vrier 2022 - Le Blog de Hirder\",\"isPartOf\":{\"@id\":\"https:\\\/\\\/hirder.be\\\/#website\"},\"datePublished\":\"2022-03-01T08:18:27+00:00\",\"dateModified\":\"2022-03-01T08:18:29+00:00\",\"description\":\"La Liste de lecture est une s\u00e9rie de critique des livres et mangas lus par Hirder. A d\u00e9couvrir ce mois-ci, UQ Holder et I am a Hero\",\"breadcrumb\":{\"@id\":\"https:\\\/\\\/hirder.be\\\/?page_id=228#breadcrumb\"},\"inLanguage\":\"fr-BE\",\"potentialAction\":[{\"@type\":\"ReadAction\",\"target\":[\"https:\\\/\\\/hirder.be\\\/?page_id=228\"]}]},{\"@type\":\"BreadcrumbList\",\"@id\":\"https:\\\/\\\/hirder.be\\\/?page_id=228#breadcrumb\",\"itemListElement\":[{\"@type\":\"ListItem\",\"position\":1,\"name\":\"Accueil\",\"item\":\"https:\\\/\\\/hirder.be\\\/\"},{\"@type\":\"ListItem\",\"position\":2,\"name\":\"Liste de Lecture &#8211; F\u00e9vrier 2022\"}]},{\"@type\":\"WebSite\",\"@id\":\"https:\\\/\\\/hirder.be\\\/#website\",\"url\":\"https:\\\/\\\/hirder.be\\\/\",\"name\":\"Le Blog de Hirder\",\"description\":\"Chassez les succ\u00e8s, c&#039;est mon kiff.\",\"potentialAction\":[{\"@type\":\"SearchAction\",\"target\":{\"@type\":\"EntryPoint\",\"urlTemplate\":\"https:\\\/\\\/hirder.be\\\/?s={search_term_string}\"},\"query-input\":{\"@type\":\"PropertyValueSpecification\",\"valueRequired\":true,\"valueName\":\"search_term_string\"}}],\"inLanguage\":\"fr-BE\"}]}<\/script>\n<!-- \/ Yoast SEO plugin. -->","yoast_head_json":{"title":"Liste de Lecture - F\u00e9vrier 2022 - Le Blog de Hirder","description":"La Liste de lecture est une s\u00e9rie de critique des livres et mangas lus par Hirder. A d\u00e9couvrir ce mois-ci, UQ Holder et I am a Hero","robots":{"index":"index","follow":"follow","max-snippet":"max-snippet:-1","max-image-preview":"max-image-preview:large","max-video-preview":"max-video-preview:-1"},"canonical":"https:\/\/hirder.be\/?page_id=228","og_locale":"fr_FR","og_type":"article","og_title":"Liste de Lecture - F\u00e9vrier 2022 - Le Blog de Hirder","og_description":"La Liste de lecture est une s\u00e9rie de critique des livres et mangas lus par Hirder. A d\u00e9couvrir ce mois-ci, UQ Holder et I am a Hero","og_url":"https:\/\/hirder.be\/?page_id=228","og_site_name":"Le Blog de Hirder","article_modified_time":"2022-03-01T08:18:29+00:00","twitter_card":"summary_large_image","twitter_misc":{"Dur\u00e9e de lecture est.":"10 minutes"},"schema":{"@context":"https:\/\/schema.org","@graph":[{"@type":"WebPage","@id":"https:\/\/hirder.be\/?page_id=228","url":"https:\/\/hirder.be\/?page_id=228","name":"Liste de Lecture - F\u00e9vrier 2022 - Le Blog de Hirder","isPartOf":{"@id":"https:\/\/hirder.be\/#website"},"datePublished":"2022-03-01T08:18:27+00:00","dateModified":"2022-03-01T08:18:29+00:00","description":"La Liste de lecture est une s\u00e9rie de critique des livres et mangas lus par Hirder. A d\u00e9couvrir ce mois-ci, UQ Holder et I am a Hero","breadcrumb":{"@id":"https:\/\/hirder.be\/?page_id=228#breadcrumb"},"inLanguage":"fr-BE","potentialAction":[{"@type":"ReadAction","target":["https:\/\/hirder.be\/?page_id=228"]}]},{"@type":"BreadcrumbList","@id":"https:\/\/hirder.be\/?page_id=228#breadcrumb","itemListElement":[{"@type":"ListItem","position":1,"name":"Accueil","item":"https:\/\/hirder.be\/"},{"@type":"ListItem","position":2,"name":"Liste de Lecture &#8211; F\u00e9vrier 2022"}]},{"@type":"WebSite","@id":"https:\/\/hirder.be\/#website","url":"https:\/\/hirder.be\/","name":"Le Blog de Hirder","description":"Chassez les succ\u00e8s, c&#039;est mon kiff.","potentialAction":[{"@type":"SearchAction","target":{"@type":"EntryPoint","urlTemplate":"https:\/\/hirder.be\/?s={search_term_string}"},"query-input":{"@type":"PropertyValueSpecification","valueRequired":true,"valueName":"search_term_string"}}],"inLanguage":"fr-BE"}]}},"_links":{"self":[{"href":"https:\/\/hirder.be\/index.php?rest_route=\/wp\/v2\/pages\/228","targetHints":{"allow":["GET"]}}],"collection":[{"href":"https:\/\/hirder.be\/index.php?rest_route=\/wp\/v2\/pages"}],"about":[{"href":"https:\/\/hirder.be\/index.php?rest_route=\/wp\/v2\/types\/page"}],"author":[{"embeddable":true,"href":"https:\/\/hirder.be\/index.php?rest_route=\/wp\/v2\/users\/1"}],"replies":[{"embeddable":true,"href":"https:\/\/hirder.be\/index.php?rest_route=%2Fwp%2Fv2%2Fcomments&post=228"}],"version-history":[{"count":1,"href":"https:\/\/hirder.be\/index.php?rest_route=\/wp\/v2\/pages\/228\/revisions"}],"predecessor-version":[{"id":230,"href":"https:\/\/hirder.be\/index.php?rest_route=\/wp\/v2\/pages\/228\/revisions\/230"}],"wp:attachment":[{"href":"https:\/\/hirder.be\/index.php?rest_route=%2Fwp%2Fv2%2Fmedia&parent=228"}],"curies":[{"name":"wp","href":"https:\/\/api.w.org\/{rel}","templated":true}]}}