{"id":171,"date":"2022-01-10T12:01:00","date_gmt":"2022-01-10T11:01:00","guid":{"rendered":"https:\/\/hirder.be\/?page_id=171"},"modified":"2023-01-01T14:47:47","modified_gmt":"2023-01-01T13:47:47","slug":"hinriel-avancements","status":"publish","type":"page","link":"https:\/\/hirder.be\/?page_id=171","title":{"rendered":"Hinriel &#8211; Avancements"},"content":{"rendered":"\n<p>Comme je vous en parlais dans mon article du 10\/01\/2022, que vous pouvez lire, <a href=\"http:\/\/10\/01\/2022\">ici<\/a>, voici une page cr\u00e9e dans l&rsquo;unique but que vous puissiez voir l&rsquo;avancement du projet. Je vais la diviser en plusieurs parties. La premi\u00e8re partie, sera consacr\u00e9 au r\u00e9sum\u00e9 de l&rsquo;oeuvre. Par r\u00e9sum\u00e9, j&rsquo;entend que j&rsquo;ai fait une version du roman, qui r\u00e9sume les \u00e9v\u00e8nements majeurs qui s&rsquo;y d\u00e9roulent. En deuxi\u00e8me partie, je vous parlerai des trilogies, ou elles en sont, et comment elles se nomment. La troisi\u00e8me partie concernera les tomes en eux-m\u00eames. La derni\u00e8re partie, sera consacr\u00e9 au wiki. <\/p>\n\n\n\n<h3 class=\"wp-block-heading\" id=\"resume\">R\u00e9sum\u00e9 <\/h3>\n\n\n\n<p>Le r\u00e9sum\u00e9 contient \u00e0 l&rsquo;heure actuelle, le <strong>10\/01\/2022<\/strong> donc, <strong>193 pages<\/strong>, d&rsquo;ou sont \u00e9crit <strong>113.206 mots<\/strong>, qui correspondent \u00e0 + ou -, <strong>672.000 signes<\/strong>. Si je devais le mettre en roman, en prenant comme ordre de grandeur, 1500 caract\u00e8res par pages, le r\u00e9sum\u00e9 ferait pr\u00e8s de <strong>448 pages<\/strong>. Et pour que vous sachiez, il n&rsquo;est actuellement le r\u00e9sum\u00e9 que de trois tomes, sans aucune autre forme de mise en page ou de dialogue. <\/p>\n\n\n\n<h3 class=\"wp-block-heading\" id=\"les-trilogies\">Les Trilogies<\/h3>\n\n\n\n<p>Le travail sur les trois trilogie \u00e0 commenc\u00e9 en m\u00eame temps que j&rsquo;ai commenc\u00e9 \u00e0 travailler sur le roman en lui m\u00eame, c&rsquo;est \u00e0 dire, le <strong>02 janvier 2022<\/strong>. Pour le moment, seul la premi\u00e8re trilogie est en route et si je devais donner un pourcentage, je dirais que seul <strong>20%<\/strong> de la premi\u00e8re trilogie est dans la boite. <\/p>\n\n\n\n<h3 class=\"wp-block-heading\" id=\"les-tomes\">Les Tomes<\/h3>\n\n\n\n<p>On touche ici, le sujet le plus sensible, tant il est sujet \u00e0 modification. Ce que je vais faire, c&rsquo;est vous mettre un petit tableau comprenant : <\/p>\n\n\n\n<ul class=\"wp-block-list\">\n<li>Nombre de chapitres<\/li>\n\n\n\n<li>Nombre de pages<\/li>\n\n\n\n<li>Nombre de mots<\/li>\n\n\n\n<li>Nombre de caract\u00e8re (espaces compris)<\/li>\n\n\n\n<li>Nombre de pages, dites effectives (comprenez par l\u00e0, le nombre de pages qu&rsquo;aurait le roman si il \u00e9tait publi\u00e9 \u00e0 l&rsquo;instant T). <\/li>\n\n\n\n<li>Pourcentage estimatif de finition<\/li>\n<\/ul>\n\n\n\n<p>Voici donc le petit tableau en question. <\/p>\n\n\n\n<figure class=\"wp-block-table is-style-regular\"><table class=\"has-white-color has-text-color has-background has-fixed-layout\" style=\"background:radial-gradient(rgb(2,3,129) 0%,rgb(40,116,252) 100%)\"><thead><tr><th class=\"has-text-align-center\" data-align=\"center\">Nom de la cat\u00e9gorie<\/th><th class=\"has-text-align-center\" data-align=\"center\">Nombre dans la cat\u00e9gorie<\/th><th class=\"has-text-align-center\" data-align=\"center\">Diff\u00e9rence par rapport \u00e0 la derni\u00e8re M\u00e0J<\/th><\/tr><\/thead><tbody><tr><td class=\"has-text-align-center\" data-align=\"center\">Nombre de chapitres<\/td><td class=\"has-text-align-center\" data-align=\"center\">24 chapitres (un prologue et 23 chapitres)<\/td><td class=\"has-text-align-center\" data-align=\"center\">+ 6 chapitre(s)<\/td><\/tr><tr><td class=\"has-text-align-center\" data-align=\"center\">Nombre de pages<\/td><td class=\"has-text-align-center\" data-align=\"center\">187 pages (dont une page de garde)<\/td><td class=\"has-text-align-center\" data-align=\"center\">+ 73 pages<\/td><\/tr><tr><td class=\"has-text-align-center\" data-align=\"center\">Nombre de mots<\/td><td class=\"has-text-align-center\" data-align=\"center\">118.643 mots<\/td><td class=\"has-text-align-center\" data-align=\"center\">+ 44.073 mots<\/td><\/tr><tr><td class=\"has-text-align-center\" data-align=\"center\">Nombre de caract\u00e8re (espace compris)<\/td><td class=\"has-text-align-center\" data-align=\"center\">708.861 caract\u00e8res (espaces compris)<\/td><td class=\"has-text-align-center\" data-align=\"center\">+ 263.473 caract\u00e8res<\/td><\/tr><tr><td class=\"has-text-align-center\" data-align=\"center\">Nombre de pages effectives<\/td><td class=\"has-text-align-center\" data-align=\"center\">472 pages effectives<\/td><td class=\"has-text-align-center\" data-align=\"center\">+ 176 pages<\/td><\/tr><tr><td class=\"has-text-align-center\" data-align=\"center\">Pourcentage estimatif de finition<\/td><td class=\"has-text-align-center\" data-align=\"center\">80%<\/td><td class=\"has-text-align-center\" data-align=\"center\">+ 15%<\/td><\/tr><\/tbody><\/table><figcaption class=\"wp-element-caption\">Derni\u00e8re mise \u00e0 jour : 01\/01\/2023 (53\u00e8me semaine)<\/figcaption><\/figure>\n\n\n\n<h3 class=\"wp-block-heading\" id=\"le-wiki\">Le Wiki<\/h3>\n\n\n\n<p>Cette partie est un petit peu particuli\u00e8re, car je ne peux pas vous en r\u00e9v\u00e9lez grand chose. Cependant, je peux vous dire qu&rsquo;il contient pr\u00e8s de <strong>287 pages de contenu<\/strong>, certaines d\u00e9passant les<strong> 5.000 mots.<\/strong> <\/p>\n\n\n\n<p><\/p>\n\n\n\n<p>Et voil\u00e0 ! En r\u00e9sulte une superbe avanc\u00e9 en quelques jours ! <br><\/p>\n","protected":false},"excerpt":{"rendered":"<p>Comme je vous en parlais dans mon article du 10\/01\/2022, que vous pouvez lire, ici, voici une page cr\u00e9e dans&hellip;<\/p>\n","protected":false},"author":1,"featured_media":0,"parent":0,"menu_order":0,"comment_status":"closed","ping_status":"closed","template":"","meta":{"footnotes":""},"class_list":["post-171","page","type-page","status-publish","hentry"],"yoast_head":"<!-- This site is optimized with the Yoast SEO plugin v27.5 - https:\/\/yoast.com\/product\/yoast-seo-wordpress\/ -->\n<title>Hinriel - Avancements - Le Blog de Hirder<\/title>\n<meta name=\"description\" content=\"Sur cette page, vous trouverez l&#039;avancement de l&#039;\u00e9criture du roman, Hinriel. On parle ici de chiffre et de statistiques.\" \/>\n<meta name=\"robots\" content=\"index, follow, max-snippet:-1, max-image-preview:large, max-video-preview:-1\" \/>\n<link rel=\"canonical\" href=\"https:\/\/hirder.be\/?page_id=171\" \/>\n<meta property=\"og:locale\" content=\"fr_FR\" \/>\n<meta property=\"og:type\" content=\"article\" \/>\n<meta property=\"og:title\" content=\"Hinriel - Avancements - Le Blog de Hirder\" \/>\n<meta property=\"og:description\" content=\"Sur cette page, vous trouverez l&#039;avancement de l&#039;\u00e9criture du roman, Hinriel. On parle ici de chiffre et de statistiques.\" \/>\n<meta property=\"og:url\" content=\"https:\/\/hirder.be\/?page_id=171\" \/>\n<meta property=\"og:site_name\" content=\"Le Blog de Hirder\" \/>\n<meta property=\"article:modified_time\" content=\"2023-01-01T13:47:47+00:00\" \/>\n<meta name=\"twitter:card\" content=\"summary_large_image\" \/>\n<meta name=\"twitter:label1\" content=\"Dur\u00e9e de lecture est.\" \/>\n\t<meta name=\"twitter:data1\" content=\"3 minutes\" \/>\n<script type=\"application\/ld+json\" class=\"yoast-schema-graph\">{\"@context\":\"https:\\\/\\\/schema.org\",\"@graph\":[{\"@type\":\"WebPage\",\"@id\":\"https:\\\/\\\/hirder.be\\\/?page_id=171\",\"url\":\"https:\\\/\\\/hirder.be\\\/?page_id=171\",\"name\":\"Hinriel - Avancements - Le Blog de Hirder\",\"isPartOf\":{\"@id\":\"https:\\\/\\\/hirder.be\\\/#website\"},\"datePublished\":\"2022-01-10T11:01:00+00:00\",\"dateModified\":\"2023-01-01T13:47:47+00:00\",\"description\":\"Sur cette page, vous trouverez l'avancement de l'\u00e9criture du roman, Hinriel. On parle ici de chiffre et de statistiques.\",\"breadcrumb\":{\"@id\":\"https:\\\/\\\/hirder.be\\\/?page_id=171#breadcrumb\"},\"inLanguage\":\"fr-BE\",\"potentialAction\":[{\"@type\":\"ReadAction\",\"target\":[\"https:\\\/\\\/hirder.be\\\/?page_id=171\"]}]},{\"@type\":\"BreadcrumbList\",\"@id\":\"https:\\\/\\\/hirder.be\\\/?page_id=171#breadcrumb\",\"itemListElement\":[{\"@type\":\"ListItem\",\"position\":1,\"name\":\"Accueil\",\"item\":\"https:\\\/\\\/hirder.be\\\/\"},{\"@type\":\"ListItem\",\"position\":2,\"name\":\"Hinriel &#8211; Avancements\"}]},{\"@type\":\"WebSite\",\"@id\":\"https:\\\/\\\/hirder.be\\\/#website\",\"url\":\"https:\\\/\\\/hirder.be\\\/\",\"name\":\"Le Blog de Hirder\",\"description\":\"Chassez les succ\u00e8s, c&#039;est mon kiff.\",\"potentialAction\":[{\"@type\":\"SearchAction\",\"target\":{\"@type\":\"EntryPoint\",\"urlTemplate\":\"https:\\\/\\\/hirder.be\\\/?s={search_term_string}\"},\"query-input\":{\"@type\":\"PropertyValueSpecification\",\"valueRequired\":true,\"valueName\":\"search_term_string\"}}],\"inLanguage\":\"fr-BE\"}]}<\/script>\n<!-- \/ Yoast SEO plugin. -->","yoast_head_json":{"title":"Hinriel - Avancements - Le Blog de Hirder","description":"Sur cette page, vous trouverez l'avancement de l'\u00e9criture du roman, Hinriel. On parle ici de chiffre et de statistiques.","robots":{"index":"index","follow":"follow","max-snippet":"max-snippet:-1","max-image-preview":"max-image-preview:large","max-video-preview":"max-video-preview:-1"},"canonical":"https:\/\/hirder.be\/?page_id=171","og_locale":"fr_FR","og_type":"article","og_title":"Hinriel - Avancements - Le Blog de Hirder","og_description":"Sur cette page, vous trouverez l'avancement de l'\u00e9criture du roman, Hinriel. On parle ici de chiffre et de statistiques.","og_url":"https:\/\/hirder.be\/?page_id=171","og_site_name":"Le Blog de Hirder","article_modified_time":"2023-01-01T13:47:47+00:00","twitter_card":"summary_large_image","twitter_misc":{"Dur\u00e9e de lecture est.":"3 minutes"},"schema":{"@context":"https:\/\/schema.org","@graph":[{"@type":"WebPage","@id":"https:\/\/hirder.be\/?page_id=171","url":"https:\/\/hirder.be\/?page_id=171","name":"Hinriel - Avancements - Le Blog de Hirder","isPartOf":{"@id":"https:\/\/hirder.be\/#website"},"datePublished":"2022-01-10T11:01:00+00:00","dateModified":"2023-01-01T13:47:47+00:00","description":"Sur cette page, vous trouverez l'avancement de l'\u00e9criture du roman, Hinriel. On parle ici de chiffre et de statistiques.","breadcrumb":{"@id":"https:\/\/hirder.be\/?page_id=171#breadcrumb"},"inLanguage":"fr-BE","potentialAction":[{"@type":"ReadAction","target":["https:\/\/hirder.be\/?page_id=171"]}]},{"@type":"BreadcrumbList","@id":"https:\/\/hirder.be\/?page_id=171#breadcrumb","itemListElement":[{"@type":"ListItem","position":1,"name":"Accueil","item":"https:\/\/hirder.be\/"},{"@type":"ListItem","position":2,"name":"Hinriel &#8211; Avancements"}]},{"@type":"WebSite","@id":"https:\/\/hirder.be\/#website","url":"https:\/\/hirder.be\/","name":"Le Blog de Hirder","description":"Chassez les succ\u00e8s, c&#039;est mon kiff.","potentialAction":[{"@type":"SearchAction","target":{"@type":"EntryPoint","urlTemplate":"https:\/\/hirder.be\/?s={search_term_string}"},"query-input":{"@type":"PropertyValueSpecification","valueRequired":true,"valueName":"search_term_string"}}],"inLanguage":"fr-BE"}]}},"_links":{"self":[{"href":"https:\/\/hirder.be\/index.php?rest_route=\/wp\/v2\/pages\/171","targetHints":{"allow":["GET"]}}],"collection":[{"href":"https:\/\/hirder.be\/index.php?rest_route=\/wp\/v2\/pages"}],"about":[{"href":"https:\/\/hirder.be\/index.php?rest_route=\/wp\/v2\/types\/page"}],"author":[{"embeddable":true,"href":"https:\/\/hirder.be\/index.php?rest_route=\/wp\/v2\/users\/1"}],"replies":[{"embeddable":true,"href":"https:\/\/hirder.be\/index.php?rest_route=%2Fwp%2Fv2%2Fcomments&post=171"}],"version-history":[{"count":15,"href":"https:\/\/hirder.be\/index.php?rest_route=\/wp\/v2\/pages\/171\/revisions"}],"predecessor-version":[{"id":473,"href":"https:\/\/hirder.be\/index.php?rest_route=\/wp\/v2\/pages\/171\/revisions\/473"}],"wp:attachment":[{"href":"https:\/\/hirder.be\/index.php?rest_route=%2Fwp%2Fv2%2Fmedia&parent=171"}],"curies":[{"name":"wp","href":"https:\/\/api.w.org\/{rel}","templated":true}]}}