{"id":160,"date":"2021-12-28T13:54:31","date_gmt":"2021-12-28T12:54:31","guid":{"rendered":"http:\/\/hirder.be\/?page_id=160"},"modified":"2022-03-28T12:01:48","modified_gmt":"2022-03-28T10:01:48","slug":"buynovideogames","status":"publish","type":"page","link":"https:\/\/hirder.be\/?page_id=160","title":{"rendered":"#BuyNoVideoGames"},"content":{"rendered":"\n<p>Le principe de cet objectif est assez simple. Il consiste \u00e0 compl\u00e9ter \u00e0 100% (ce qui inclut le platine dans certains cas), les jeux vid\u00e9os que je poss\u00e8de, avant d&rsquo;en acheter d&rsquo;autre. C&rsquo;\u00e9tait une id\u00e9e que j&rsquo;avais lanc\u00e9e en 2020, mais que je compte continuer. D&rsquo;ailleurs, le Playstation Day que je fais sur ma cha\u00eene Twitch part de ce principe simple. <br><br>Voici donc la liste des jeux que je poss\u00e8de, ainsi que les plateformes sur lesquels je les poss\u00e8de. Je pars du principe que si je l&rsquo;ai finis sur une plateforme mais commenc\u00e9 sur une autre, je dois le faire sur les deux. <\/p>\n\n\n\n<figure class=\"wp-block-table alignleft\"><table><tbody><tr><td class=\"has-text-align-center\" data-align=\"center\">Nom<\/td><td>Plateforme<\/td><td>Platin\u00e9s ?<\/td><td>100% ?<\/td><td>A finir ?<\/td><\/tr><tr><td class=\"has-text-align-center\" data-align=\"center\">World of Warcraft<\/td><td>PC<\/td><td><\/td><td>70%<\/td><td>Oui<\/td><\/tr><tr><td class=\"has-text-align-center\" data-align=\"center\">New World<\/td><td>PC<\/td><td><\/td><td>7,72%<\/td><td>Oui<\/td><\/tr><tr><td class=\"has-text-align-center\" data-align=\"center\">Assassin&rsquo;s Creed II<\/td><td>PS4<\/td><td>Oui<\/td><td>100%<\/td><td>Non<\/td><\/tr><tr><td class=\"has-text-align-center\" data-align=\"center\">The Last of Us Part 2<\/td><td>PS4<\/td><td>Oui<\/td><td>98%<\/td><td>Oui<\/td><\/tr><tr><td class=\"has-text-align-center\" data-align=\"center\">Spiderman<\/td><td>PS4<\/td><td>Oui<\/td><td>98%<\/td><td>Oui<\/td><\/tr><tr><td class=\"has-text-align-center\" data-align=\"center\">Animal Crossing<\/td><td>Switch<\/td><td><\/td><td>15%<\/td><td>Oui<\/td><\/tr><tr><td class=\"has-text-align-center\" data-align=\"center\">Professeur Layton<\/td><td>Switch<\/td><td><\/td><td>50%<\/td><td>Oui<\/td><\/tr><tr><td class=\"has-text-align-center\" data-align=\"center\">Pok\u00e9mon : Let&rsquo;s Go Pikachu<\/td><td>Switch<\/td><td><\/td><td>42%<\/td><td>Oui<\/td><\/tr><tr><td class=\"has-text-align-center\" data-align=\"center\">Pok\u00e9mon : \u00c9p\u00e9e<\/td><td>Switch<\/td><td><\/td><td>70%<\/td><td>Oui<\/td><\/tr><tr><td class=\"has-text-align-center\" data-align=\"center\">Pok\u00e9mon : Bouclier<\/td><td>Switch<\/td><td><\/td><td>5%<\/td><td>Oui<\/td><\/tr><tr><td class=\"has-text-align-center\" data-align=\"center\">Pok\u00e9mon : Diamant Etincelant <\/td><td>Switch<\/td><td><\/td><td>15%<\/td><td>Oui<\/td><\/tr><tr><td class=\"has-text-align-center\" data-align=\"center\">Pok\u00e9mon : Perle Scintillante<\/td><td>Switch<\/td><td><\/td><td>0%<\/td><td>Oui<\/td><\/tr><tr><td class=\"has-text-align-center\" data-align=\"center\">Zelda : Link&rsquo;s Awakening<\/td><td>Switch<\/td><td><\/td><td>25%<\/td><td>Oui<\/td><\/tr><tr><td class=\"has-text-align-center\" data-align=\"center\"><\/td><td><\/td><td><\/td><td><\/td><td><\/td><\/tr><tr><td class=\"has-text-align-center\" data-align=\"center\"><\/td><td><\/td><td><\/td><td><\/td><td><\/td><\/tr><tr><td class=\"has-text-align-center\" data-align=\"center\"><\/td><td><\/td><td><\/td><td><\/td><td><\/td><\/tr><tr><td class=\"has-text-align-center\" data-align=\"center\"><\/td><td><\/td><td><\/td><td><\/td><td><\/td><\/tr><tr><td class=\"has-text-align-center\" data-align=\"center\"><\/td><td><\/td><td><\/td><td><\/td><td><\/td><\/tr><tr><td class=\"has-text-align-center\" data-align=\"center\"><\/td><td><\/td><td><\/td><td><\/td><td><\/td><\/tr><tr><td class=\"has-text-align-center\" data-align=\"center\"><\/td><td><\/td><td><\/td><td><\/td><td><\/td><\/tr><tr><td class=\"has-text-align-center\" data-align=\"center\"><\/td><td><\/td><td><\/td><td><\/td><td><\/td><\/tr><tr><td class=\"has-text-align-center\" data-align=\"center\"><\/td><td><\/td><td><\/td><td><\/td><td><\/td><\/tr><tr><td class=\"has-text-align-center\" data-align=\"center\"><\/td><td><\/td><td><\/td><td><\/td><td><\/td><\/tr><tr><td class=\"has-text-align-center\" data-align=\"center\"><\/td><td><\/td><td><\/td><td><\/td><td><\/td><\/tr><tr><td class=\"has-text-align-center\" data-align=\"center\"><\/td><td><\/td><td><\/td><td><\/td><td><\/td><\/tr><tr><td class=\"has-text-align-center\" data-align=\"center\"><\/td><td><\/td><td><\/td><td><\/td><td><\/td><\/tr><tr><td class=\"has-text-align-center\" data-align=\"center\"><\/td><td><\/td><td><\/td><td><\/td><td><\/td><\/tr><tr><td class=\"has-text-align-center\" data-align=\"center\"><\/td><td><\/td><td><\/td><td><\/td><td><\/td><\/tr><tr><td class=\"has-text-align-center\" data-align=\"center\"><\/td><td><\/td><td><\/td><td><\/td><td><\/td><\/tr><tr><td class=\"has-text-align-center\" data-align=\"center\"><\/td><td><\/td><td><\/td><td><\/td><td><\/td><\/tr><tr><td class=\"has-text-align-center\" data-align=\"center\"><\/td><td><\/td><td><\/td><td><\/td><td><\/td><\/tr><tr><td class=\"has-text-align-center\" data-align=\"center\"><\/td><td><\/td><td><\/td><td><\/td><td><\/td><\/tr><tr><td class=\"has-text-align-center\" data-align=\"center\"><\/td><td><\/td><td><\/td><td><\/td><td><\/td><\/tr><tr><td class=\"has-text-align-center\" data-align=\"center\"><\/td><td><\/td><td><\/td><td><\/td><td><\/td><\/tr><tr><td class=\"has-text-align-center\" data-align=\"center\"><\/td><td><\/td><td><\/td><td><\/td><td><\/td><\/tr><tr><td class=\"has-text-align-center\" data-align=\"center\"><\/td><td><\/td><td><\/td><td><\/td><td><\/td><\/tr><tr><td class=\"has-text-align-center\" data-align=\"center\"><\/td><td><\/td><td><\/td><td><\/td><td><\/td><\/tr><tr><td class=\"has-text-align-center\" data-align=\"center\"><\/td><td><\/td><td><\/td><td><\/td><td><\/td><\/tr><tr><td class=\"has-text-align-center\" data-align=\"center\"><\/td><td><\/td><td><\/td><td><\/td><td><\/td><\/tr><tr><td class=\"has-text-align-center\" data-align=\"center\"><\/td><td><\/td><td><\/td><td><\/td><td><\/td><\/tr><tr><td class=\"has-text-align-center\" data-align=\"center\"><\/td><td><\/td><td><\/td><td><\/td><td><\/td><\/tr><tr><td class=\"has-text-align-center\" data-align=\"center\"><\/td><td><\/td><td><\/td><td><\/td><td><\/td><\/tr><tr><td class=\"has-text-align-center\" data-align=\"center\"><\/td><td><\/td><td><\/td><td><\/td><td><\/td><\/tr><tr><td class=\"has-text-align-center\" data-align=\"center\"><\/td><td><\/td><td><\/td><td><\/td><td><\/td><\/tr><tr><td class=\"has-text-align-center\" data-align=\"center\"><\/td><td><\/td><td><\/td><td><\/td><td><\/td><\/tr><tr><td class=\"has-text-align-center\" data-align=\"center\"><\/td><td><\/td><td><\/td><td><\/td><td><\/td><\/tr><tr><td class=\"has-text-align-center\" data-align=\"center\"><\/td><td><\/td><td><\/td><td><\/td><td><\/td><\/tr><tr><td class=\"has-text-align-center\" data-align=\"center\"><\/td><td><\/td><td><\/td><td><\/td><td><\/td><\/tr><tr><td class=\"has-text-align-center\" data-align=\"center\"><\/td><td><\/td><td><\/td><td><\/td><td><\/td><\/tr><tr><td class=\"has-text-align-center\" data-align=\"center\"><\/td><td><\/td><td><\/td><td><\/td><td><\/td><\/tr><tr><td class=\"has-text-align-center\" data-align=\"center\"><\/td><td><\/td><td><\/td><td><\/td><td><\/td><\/tr><tr><td class=\"has-text-align-center\" data-align=\"center\"><\/td><td><\/td><td><\/td><td><\/td><td><\/td><\/tr><tr><td class=\"has-text-align-center\" data-align=\"center\"><\/td><td><\/td><td><\/td><td><\/td><td><\/td><\/tr><tr><td class=\"has-text-align-center\" data-align=\"center\"><\/td><td><\/td><td><\/td><td><\/td><td><\/td><\/tr><tr><td class=\"has-text-align-center\" data-align=\"center\"><\/td><td><\/td><td><\/td><td><\/td><td><\/td><\/tr><tr><td class=\"has-text-align-center\" data-align=\"center\"><\/td><td><\/td><td><\/td><td><\/td><td><\/td><\/tr><tr><td class=\"has-text-align-center\" data-align=\"center\"><\/td><td><\/td><td><\/td><td><\/td><td><\/td><\/tr><tr><td class=\"has-text-align-center\" data-align=\"center\"><\/td><td><\/td><td><\/td><td><\/td><td><\/td><\/tr><tr><td class=\"has-text-align-center\" data-align=\"center\"><\/td><td><\/td><td><\/td><td><\/td><td><\/td><\/tr><tr><td class=\"has-text-align-center\" data-align=\"center\"><\/td><td><\/td><td><\/td><td><\/td><td><\/td><\/tr><tr><td class=\"has-text-align-center\" data-align=\"center\"><\/td><td><\/td><td><\/td><td><\/td><td><\/td><\/tr><tr><td class=\"has-text-align-center\" data-align=\"center\"><\/td><td><\/td><td><\/td><td><\/td><td><\/td><\/tr><tr><td class=\"has-text-align-center\" data-align=\"center\"><\/td><td><\/td><td><\/td><td><\/td><td><\/td><\/tr><tr><td class=\"has-text-align-center\" data-align=\"center\"><\/td><td><\/td><td><\/td><td><\/td><td><\/td><\/tr><tr><td class=\"has-text-align-center\" data-align=\"center\"><\/td><td><\/td><td><\/td><td><\/td><td><\/td><\/tr><tr><td class=\"has-text-align-center\" data-align=\"center\"><\/td><td><\/td><td><\/td><td><\/td><td><\/td><\/tr><tr><td class=\"has-text-align-center\" data-align=\"center\"><\/td><td><\/td><td><\/td><td><\/td><td><\/td><\/tr><tr><td class=\"has-text-align-center\" data-align=\"center\"><\/td><td><\/td><td><\/td><td><\/td><td><\/td><\/tr><tr><td class=\"has-text-align-center\" data-align=\"center\"><\/td><td><\/td><td><\/td><td><\/td><td><\/td><\/tr><tr><td class=\"has-text-align-center\" data-align=\"center\"><\/td><td><\/td><td><\/td><td><\/td><td><\/td><\/tr><tr><td class=\"has-text-align-center\" data-align=\"center\"><\/td><td><\/td><td><\/td><td><\/td><td><\/td><\/tr><tr><td class=\"has-text-align-center\" data-align=\"center\"><\/td><td><\/td><td><\/td><td><\/td><td><\/td><\/tr><tr><td class=\"has-text-align-center\" data-align=\"center\"><\/td><td><\/td><td><\/td><td><\/td><td><\/td><\/tr><tr><td class=\"has-text-align-center\" data-align=\"center\"><\/td><td><\/td><td><\/td><td><\/td><td><\/td><\/tr><tr><td class=\"has-text-align-center\" data-align=\"center\"><\/td><td><\/td><td><\/td><td><\/td><td><\/td><\/tr><tr><td class=\"has-text-align-center\" data-align=\"center\"><\/td><td><\/td><td><\/td><td><\/td><td><\/td><\/tr><tr><td class=\"has-text-align-center\" data-align=\"center\"><\/td><td><\/td><td><\/td><td><\/td><td><\/td><\/tr><tr><td class=\"has-text-align-center\" data-align=\"center\"><\/td><td><\/td><td><\/td><td><\/td><td><\/td><\/tr><tr><td class=\"has-text-align-center\" data-align=\"center\"><\/td><td><\/td><td><\/td><td><\/td><td><\/td><\/tr><tr><td class=\"has-text-align-center\" data-align=\"center\"><\/td><td><\/td><td><\/td><td><\/td><td><\/td><\/tr><tr><td class=\"has-text-align-center\" data-align=\"center\"><\/td><td><\/td><td><\/td><td><\/td><td><\/td><\/tr><tr><td class=\"has-text-align-center\" data-align=\"center\"><\/td><td><\/td><td><\/td><td><\/td><td><\/td><\/tr><tr><td class=\"has-text-align-center\" data-align=\"center\"><\/td><td><\/td><td><\/td><td><\/td><td><\/td><\/tr><tr><td class=\"has-text-align-center\" data-align=\"center\"><\/td><td><\/td><td><\/td><td><\/td><td><\/td><\/tr><tr><td class=\"has-text-align-center\" data-align=\"center\"><\/td><td><\/td><td><\/td><td><\/td><td><\/td><\/tr><tr><td class=\"has-text-align-center\" data-align=\"center\"><\/td><td><\/td><td><\/td><td><\/td><td><\/td><\/tr><tr><td class=\"has-text-align-center\" data-align=\"center\"><\/td><td><\/td><td><\/td><td><\/td><td><\/td><\/tr><tr><td class=\"has-text-align-center\" data-align=\"center\"><\/td><td><\/td><td><\/td><td><\/td><td><\/td><\/tr><tr><td class=\"has-text-align-center\" data-align=\"center\"><\/td><td><\/td><td><\/td><td><\/td><td><\/td><\/tr><tr><td class=\"has-text-align-center\" data-align=\"center\"><\/td><td><\/td><td><\/td><td><\/td><td><\/td><\/tr><tr><td class=\"has-text-align-center\" data-align=\"center\"><\/td><td><\/td><td><\/td><td><\/td><td><\/td><\/tr><tr><td class=\"has-text-align-center\" data-align=\"center\"><\/td><td><\/td><td><\/td><td><\/td><td><\/td><\/tr><tr><td class=\"has-text-align-center\" data-align=\"center\"><\/td><td><\/td><td><\/td><td><\/td><td><\/td><\/tr><tr><td class=\"has-text-align-center\" data-align=\"center\"><\/td><td><\/td><td><\/td><td><\/td><td><\/td><\/tr><tr><td class=\"has-text-align-center\" data-align=\"center\"><\/td><td><\/td><td><\/td><td><\/td><td><\/td><\/tr><tr><td class=\"has-text-align-center\" data-align=\"center\"><\/td><td><\/td><td><\/td><td><\/td><td><\/td><\/tr><tr><td class=\"has-text-align-center\" data-align=\"center\"><\/td><td><\/td><td><\/td><td><\/td><td><\/td><\/tr><\/tbody><\/table><figcaption>Liste des Jeu Vid\u00e9o \u00e0 finir<\/figcaption><\/figure>\n\n\n\n<p>Dans ce tableau vous trouverez le nom des jeux en question ainsi que la plateforme. Pour une question de simplisme, je n&rsquo;ai pas indiqu\u00e9 le temps pass\u00e9 sur les diff\u00e9rents jeux. De plus, comme seuls la Playstation poss\u00e8de un syst\u00e8me de troph\u00e9e, seule les jeux sur cette plateforme seront consid\u00e9r\u00e9s comme fini une fois le platine obtenus (Par exemple, Spiderman est finis, m\u00eame si il me reste 2 troph\u00e9e \u00e0 obtenir)<\/p>\n","protected":false},"excerpt":{"rendered":"<p>Le principe de cet objectif est assez simple. Il consiste \u00e0 compl\u00e9ter \u00e0 100% (ce qui inclut le platine dans&hellip;<\/p>\n","protected":false},"author":1,"featured_media":0,"parent":0,"menu_order":0,"comment_status":"closed","ping_status":"closed","template":"","meta":{"footnotes":""},"class_list":["post-160","page","type-page","status-publish","hentry"],"yoast_head":"<!-- This site is optimized with the Yoast SEO plugin v27.5 - https:\/\/yoast.com\/product\/yoast-seo-wordpress\/ -->\n<title>#BuyNoVideoGames - Le Blog de Hirder<\/title>\n<meta name=\"description\" content=\"Le BuyNoVideoGames est un challenge que s&#039;est lanc\u00e9s Hirder afin de finir tous les jeux de sa biblioth\u00e8que de jeux.\" \/>\n<meta name=\"robots\" content=\"index, follow, max-snippet:-1, max-image-preview:large, max-video-preview:-1\" \/>\n<link rel=\"canonical\" href=\"https:\/\/hirder.be\/?page_id=160\" \/>\n<meta property=\"og:locale\" content=\"fr_FR\" \/>\n<meta property=\"og:type\" content=\"article\" \/>\n<meta property=\"og:title\" content=\"#BuyNoVideoGames - Le Blog de Hirder\" \/>\n<meta property=\"og:description\" content=\"Le BuyNoVideoGames est un challenge que s&#039;est lanc\u00e9s Hirder afin de finir tous les jeux de sa biblioth\u00e8que de jeux.\" \/>\n<meta property=\"og:url\" content=\"https:\/\/hirder.be\/?page_id=160\" \/>\n<meta property=\"og:site_name\" content=\"Le Blog de Hirder\" \/>\n<meta property=\"article:modified_time\" content=\"2022-03-28T10:01:48+00:00\" \/>\n<meta name=\"twitter:card\" content=\"summary_large_image\" \/>\n<meta name=\"twitter:label1\" content=\"Dur\u00e9e de lecture est.\" \/>\n\t<meta name=\"twitter:data1\" content=\"2 minutes\" \/>\n<script type=\"application\/ld+json\" class=\"yoast-schema-graph\">{\"@context\":\"https:\\\/\\\/schema.org\",\"@graph\":[{\"@type\":\"WebPage\",\"@id\":\"https:\\\/\\\/hirder.be\\\/?page_id=160\",\"url\":\"https:\\\/\\\/hirder.be\\\/?page_id=160\",\"name\":\"#BuyNoVideoGames - Le Blog de Hirder\",\"isPartOf\":{\"@id\":\"https:\\\/\\\/hirder.be\\\/#website\"},\"datePublished\":\"2021-12-28T12:54:31+00:00\",\"dateModified\":\"2022-03-28T10:01:48+00:00\",\"description\":\"Le BuyNoVideoGames est un challenge que s'est lanc\u00e9s Hirder afin de finir tous les jeux de sa biblioth\u00e8que de jeux.\",\"breadcrumb\":{\"@id\":\"https:\\\/\\\/hirder.be\\\/?page_id=160#breadcrumb\"},\"inLanguage\":\"fr-BE\",\"potentialAction\":[{\"@type\":\"ReadAction\",\"target\":[\"https:\\\/\\\/hirder.be\\\/?page_id=160\"]}]},{\"@type\":\"BreadcrumbList\",\"@id\":\"https:\\\/\\\/hirder.be\\\/?page_id=160#breadcrumb\",\"itemListElement\":[{\"@type\":\"ListItem\",\"position\":1,\"name\":\"Accueil\",\"item\":\"https:\\\/\\\/hirder.be\\\/\"},{\"@type\":\"ListItem\",\"position\":2,\"name\":\"#BuyNoVideoGames\"}]},{\"@type\":\"WebSite\",\"@id\":\"https:\\\/\\\/hirder.be\\\/#website\",\"url\":\"https:\\\/\\\/hirder.be\\\/\",\"name\":\"Le Blog de Hirder\",\"description\":\"Chassez les succ\u00e8s, c&#039;est mon kiff.\",\"potentialAction\":[{\"@type\":\"SearchAction\",\"target\":{\"@type\":\"EntryPoint\",\"urlTemplate\":\"https:\\\/\\\/hirder.be\\\/?s={search_term_string}\"},\"query-input\":{\"@type\":\"PropertyValueSpecification\",\"valueRequired\":true,\"valueName\":\"search_term_string\"}}],\"inLanguage\":\"fr-BE\"}]}<\/script>\n<!-- \/ Yoast SEO plugin. -->","yoast_head_json":{"title":"#BuyNoVideoGames - Le Blog de Hirder","description":"Le BuyNoVideoGames est un challenge que s'est lanc\u00e9s Hirder afin de finir tous les jeux de sa biblioth\u00e8que de jeux.","robots":{"index":"index","follow":"follow","max-snippet":"max-snippet:-1","max-image-preview":"max-image-preview:large","max-video-preview":"max-video-preview:-1"},"canonical":"https:\/\/hirder.be\/?page_id=160","og_locale":"fr_FR","og_type":"article","og_title":"#BuyNoVideoGames - Le Blog de Hirder","og_description":"Le BuyNoVideoGames est un challenge que s'est lanc\u00e9s Hirder afin de finir tous les jeux de sa biblioth\u00e8que de jeux.","og_url":"https:\/\/hirder.be\/?page_id=160","og_site_name":"Le Blog de Hirder","article_modified_time":"2022-03-28T10:01:48+00:00","twitter_card":"summary_large_image","twitter_misc":{"Dur\u00e9e de lecture est.":"2 minutes"},"schema":{"@context":"https:\/\/schema.org","@graph":[{"@type":"WebPage","@id":"https:\/\/hirder.be\/?page_id=160","url":"https:\/\/hirder.be\/?page_id=160","name":"#BuyNoVideoGames - Le Blog de Hirder","isPartOf":{"@id":"https:\/\/hirder.be\/#website"},"datePublished":"2021-12-28T12:54:31+00:00","dateModified":"2022-03-28T10:01:48+00:00","description":"Le BuyNoVideoGames est un challenge que s'est lanc\u00e9s Hirder afin de finir tous les jeux de sa biblioth\u00e8que de jeux.","breadcrumb":{"@id":"https:\/\/hirder.be\/?page_id=160#breadcrumb"},"inLanguage":"fr-BE","potentialAction":[{"@type":"ReadAction","target":["https:\/\/hirder.be\/?page_id=160"]}]},{"@type":"BreadcrumbList","@id":"https:\/\/hirder.be\/?page_id=160#breadcrumb","itemListElement":[{"@type":"ListItem","position":1,"name":"Accueil","item":"https:\/\/hirder.be\/"},{"@type":"ListItem","position":2,"name":"#BuyNoVideoGames"}]},{"@type":"WebSite","@id":"https:\/\/hirder.be\/#website","url":"https:\/\/hirder.be\/","name":"Le Blog de Hirder","description":"Chassez les succ\u00e8s, c&#039;est mon kiff.","potentialAction":[{"@type":"SearchAction","target":{"@type":"EntryPoint","urlTemplate":"https:\/\/hirder.be\/?s={search_term_string}"},"query-input":{"@type":"PropertyValueSpecification","valueRequired":true,"valueName":"search_term_string"}}],"inLanguage":"fr-BE"}]}},"_links":{"self":[{"href":"https:\/\/hirder.be\/index.php?rest_route=\/wp\/v2\/pages\/160","targetHints":{"allow":["GET"]}}],"collection":[{"href":"https:\/\/hirder.be\/index.php?rest_route=\/wp\/v2\/pages"}],"about":[{"href":"https:\/\/hirder.be\/index.php?rest_route=\/wp\/v2\/types\/page"}],"author":[{"embeddable":true,"href":"https:\/\/hirder.be\/index.php?rest_route=\/wp\/v2\/users\/1"}],"replies":[{"embeddable":true,"href":"https:\/\/hirder.be\/index.php?rest_route=%2Fwp%2Fv2%2Fcomments&post=160"}],"version-history":[{"count":2,"href":"https:\/\/hirder.be\/index.php?rest_route=\/wp\/v2\/pages\/160\/revisions"}],"predecessor-version":[{"id":261,"href":"https:\/\/hirder.be\/index.php?rest_route=\/wp\/v2\/pages\/160\/revisions\/261"}],"wp:attachment":[{"href":"https:\/\/hirder.be\/index.php?rest_route=%2Fwp%2Fv2%2Fmedia&parent=160"}],"curies":[{"name":"wp","href":"https:\/\/api.w.org\/{rel}","templated":true}]}}