{"id":154,"date":"2021-12-28T13:28:22","date_gmt":"2021-12-28T12:28:22","guid":{"rendered":"http:\/\/hirder.be\/?page_id=154"},"modified":"2021-12-28T13:28:23","modified_gmt":"2021-12-28T12:28:23","slug":"videos","status":"publish","type":"page","link":"https:\/\/hirder.be\/?page_id=154","title":{"rendered":"Vid\u00e9os"},"content":{"rendered":"\n<p>Parmi les nombreux projets que j&rsquo;ai mont\u00e9 au fil du temps, il y en a plusieurs qui m\u00e9rite une attention particuli\u00e8re et c&rsquo;est notamment le cas de la vid\u00e9o. Alors que Youtube devenait un m\u00e9dia mainstream, je me suis moi aussi lanc\u00e9 dans l&rsquo;aventure en esp\u00e9rant \u00eatre le nouveau Squeezie ou le nouveau Diablox9. Probl\u00e8me ? Je suis un gros joueurs de World of Warcraft, ce qui me complique la t\u00e2che. Mais plut\u00f4t que de me d\u00e9monter, j&rsquo;ai quand m\u00eame fait des centaines de vid\u00e9os que vous pouvez retrouver sur ma cha\u00eene Youtube. Mais alors pourquoi en parler ici ? Et bien en fait c&rsquo;est parce qu&rsquo;\u00e9tant donn\u00e9 que j&rsquo;essaye de tout rassembler sur mon site Internet, je me suis dit qu&rsquo;il serait probablement interessant de constater que mes vid\u00e9os, m\u00eame si elles seront lues depuis Youtube, peuvent \u00eatre accessible au m\u00eame endroit que le reste de mes projets. Voici donc mes s\u00e9ries principales ! <\/p>\n\n\n\n<h2 class=\"wp-block-heading\"><a href=\"http:\/\/The Warcraft Adventure\">The Warcraft Adventure<\/a><\/h2>\n\n\n\n<p>Synopsis : Tout dans Azeroth m\u00e9rite d&rsquo;\u00eatre v\u00e9cu. C&rsquo;est avec cet simple phrase que le voyage pour devenir le h\u00e9ros ultime d&rsquo;Azeroth commence ! <br>Nombre de vid\u00e9os : 335<br>Lien vers la playlist : <a href=\"https:\/\/youtube.com\/playlist?list=PLxK5dQB41bJQDhsjkqlA4ZTgh6pVAl1nK\" target=\"_blank\" rel=\"noreferrer noopener\">C&rsquo;est par ici que \u00e7a se passe.<\/a><\/p>\n\n\n\n<h2 class=\"wp-block-heading\"><a href=\"http:\/\/Star Wars : The Old Republic - The Game\">Star Wars : The Old Republic &#8211; The Game<\/a><\/h2>\n\n\n\n<p>Synopsis : Alors que l&rsquo;Univers est constamment en changement, Hirder, jeune Jedi d\u00e9cide de devenir un Sith et de suivre les p\u00e9rip\u00e9ties que lui offre la Galaxie lointaine&#8230;<br>Nombre de vid\u00e9os : 127<br>Dernier \u00e9pisode en date : 17 juin 2017<br>Lien vers la playlist : <a href=\"https:\/\/youtube.com\/playlist?list=PLxK5dQB41bJTGCvVnpfTMnuVJQZReSQXC\" target=\"_blank\" rel=\"noreferrer noopener\">C&rsquo;est par ici que \u00e7a se passe<\/a>. <\/p>\n\n\n\n<p><\/p>\n","protected":false},"excerpt":{"rendered":"<p>Parmi les nombreux projets que j&rsquo;ai mont\u00e9 au fil du temps, il y en a plusieurs qui m\u00e9rite une attention&hellip;<\/p>\n","protected":false},"author":1,"featured_media":0,"parent":0,"menu_order":0,"comment_status":"closed","ping_status":"closed","template":"","meta":{"footnotes":""},"class_list":["post-154","page","type-page","status-publish","hentry"],"yoast_head":"<!-- This site is optimized with the Yoast SEO plugin v27.5 - https:\/\/yoast.com\/product\/yoast-seo-wordpress\/ -->\n<title>Vid\u00e9os - Le Blog de Hirder<\/title>\n<meta name=\"robots\" content=\"index, follow, max-snippet:-1, max-image-preview:large, max-video-preview:-1\" \/>\n<link rel=\"canonical\" href=\"https:\/\/hirder.be\/?page_id=154\" \/>\n<meta property=\"og:locale\" content=\"fr_FR\" \/>\n<meta property=\"og:type\" content=\"article\" \/>\n<meta property=\"og:title\" content=\"Vid\u00e9os - Le Blog de Hirder\" \/>\n<meta property=\"og:description\" content=\"Parmi les nombreux projets que j&rsquo;ai mont\u00e9 au fil du temps, il y en a plusieurs qui m\u00e9rite une attention&hellip;\" \/>\n<meta property=\"og:url\" content=\"https:\/\/hirder.be\/?page_id=154\" \/>\n<meta property=\"og:site_name\" content=\"Le Blog de Hirder\" \/>\n<meta property=\"article:modified_time\" content=\"2021-12-28T12:28:23+00:00\" \/>\n<meta name=\"twitter:card\" content=\"summary_large_image\" \/>\n<meta name=\"twitter:label1\" content=\"Dur\u00e9e de lecture est.\" \/>\n\t<meta name=\"twitter:data1\" content=\"2 minutes\" \/>\n<script type=\"application\/ld+json\" class=\"yoast-schema-graph\">{\"@context\":\"https:\\\/\\\/schema.org\",\"@graph\":[{\"@type\":\"WebPage\",\"@id\":\"https:\\\/\\\/hirder.be\\\/?page_id=154\",\"url\":\"https:\\\/\\\/hirder.be\\\/?page_id=154\",\"name\":\"Vid\u00e9os - Le Blog de Hirder\",\"isPartOf\":{\"@id\":\"https:\\\/\\\/hirder.be\\\/#website\"},\"datePublished\":\"2021-12-28T12:28:22+00:00\",\"dateModified\":\"2021-12-28T12:28:23+00:00\",\"breadcrumb\":{\"@id\":\"https:\\\/\\\/hirder.be\\\/?page_id=154#breadcrumb\"},\"inLanguage\":\"fr-BE\",\"potentialAction\":[{\"@type\":\"ReadAction\",\"target\":[\"https:\\\/\\\/hirder.be\\\/?page_id=154\"]}]},{\"@type\":\"BreadcrumbList\",\"@id\":\"https:\\\/\\\/hirder.be\\\/?page_id=154#breadcrumb\",\"itemListElement\":[{\"@type\":\"ListItem\",\"position\":1,\"name\":\"Accueil\",\"item\":\"https:\\\/\\\/hirder.be\\\/\"},{\"@type\":\"ListItem\",\"position\":2,\"name\":\"Vid\u00e9os\"}]},{\"@type\":\"WebSite\",\"@id\":\"https:\\\/\\\/hirder.be\\\/#website\",\"url\":\"https:\\\/\\\/hirder.be\\\/\",\"name\":\"Le Blog de Hirder\",\"description\":\"Chassez les succ\u00e8s, c&#039;est mon kiff.\",\"potentialAction\":[{\"@type\":\"SearchAction\",\"target\":{\"@type\":\"EntryPoint\",\"urlTemplate\":\"https:\\\/\\\/hirder.be\\\/?s={search_term_string}\"},\"query-input\":{\"@type\":\"PropertyValueSpecification\",\"valueRequired\":true,\"valueName\":\"search_term_string\"}}],\"inLanguage\":\"fr-BE\"}]}<\/script>\n<!-- \/ Yoast SEO plugin. -->","yoast_head_json":{"title":"Vid\u00e9os - Le Blog de Hirder","robots":{"index":"index","follow":"follow","max-snippet":"max-snippet:-1","max-image-preview":"max-image-preview:large","max-video-preview":"max-video-preview:-1"},"canonical":"https:\/\/hirder.be\/?page_id=154","og_locale":"fr_FR","og_type":"article","og_title":"Vid\u00e9os - Le Blog de Hirder","og_description":"Parmi les nombreux projets que j&rsquo;ai mont\u00e9 au fil du temps, il y en a plusieurs qui m\u00e9rite une attention&hellip;","og_url":"https:\/\/hirder.be\/?page_id=154","og_site_name":"Le Blog de Hirder","article_modified_time":"2021-12-28T12:28:23+00:00","twitter_card":"summary_large_image","twitter_misc":{"Dur\u00e9e de lecture est.":"2 minutes"},"schema":{"@context":"https:\/\/schema.org","@graph":[{"@type":"WebPage","@id":"https:\/\/hirder.be\/?page_id=154","url":"https:\/\/hirder.be\/?page_id=154","name":"Vid\u00e9os - Le Blog de Hirder","isPartOf":{"@id":"https:\/\/hirder.be\/#website"},"datePublished":"2021-12-28T12:28:22+00:00","dateModified":"2021-12-28T12:28:23+00:00","breadcrumb":{"@id":"https:\/\/hirder.be\/?page_id=154#breadcrumb"},"inLanguage":"fr-BE","potentialAction":[{"@type":"ReadAction","target":["https:\/\/hirder.be\/?page_id=154"]}]},{"@type":"BreadcrumbList","@id":"https:\/\/hirder.be\/?page_id=154#breadcrumb","itemListElement":[{"@type":"ListItem","position":1,"name":"Accueil","item":"https:\/\/hirder.be\/"},{"@type":"ListItem","position":2,"name":"Vid\u00e9os"}]},{"@type":"WebSite","@id":"https:\/\/hirder.be\/#website","url":"https:\/\/hirder.be\/","name":"Le Blog de Hirder","description":"Chassez les succ\u00e8s, c&#039;est mon kiff.","potentialAction":[{"@type":"SearchAction","target":{"@type":"EntryPoint","urlTemplate":"https:\/\/hirder.be\/?s={search_term_string}"},"query-input":{"@type":"PropertyValueSpecification","valueRequired":true,"valueName":"search_term_string"}}],"inLanguage":"fr-BE"}]}},"_links":{"self":[{"href":"https:\/\/hirder.be\/index.php?rest_route=\/wp\/v2\/pages\/154","targetHints":{"allow":["GET"]}}],"collection":[{"href":"https:\/\/hirder.be\/index.php?rest_route=\/wp\/v2\/pages"}],"about":[{"href":"https:\/\/hirder.be\/index.php?rest_route=\/wp\/v2\/types\/page"}],"author":[{"embeddable":true,"href":"https:\/\/hirder.be\/index.php?rest_route=\/wp\/v2\/users\/1"}],"replies":[{"embeddable":true,"href":"https:\/\/hirder.be\/index.php?rest_route=%2Fwp%2Fv2%2Fcomments&post=154"}],"version-history":[{"count":1,"href":"https:\/\/hirder.be\/index.php?rest_route=\/wp\/v2\/pages\/154\/revisions"}],"predecessor-version":[{"id":156,"href":"https:\/\/hirder.be\/index.php?rest_route=\/wp\/v2\/pages\/154\/revisions\/156"}],"wp:attachment":[{"href":"https:\/\/hirder.be\/index.php?rest_route=%2Fwp%2Fv2%2Fmedia&parent=154"}],"curies":[{"name":"wp","href":"https:\/\/api.w.org\/{rel}","templated":true}]}}