{"id":150,"date":"2021-12-28T13:13:37","date_gmt":"2021-12-28T12:13:37","guid":{"rendered":"http:\/\/hirder.be\/?page_id=150"},"modified":"2023-01-01T14:47:50","modified_gmt":"2023-01-01T13:47:50","slug":"objectifs-world-of-warcraft","status":"publish","type":"page","link":"https:\/\/hirder.be\/?page_id=150","title":{"rendered":"Objectifs World of Warcraft"},"content":{"rendered":"\n<p>Depuis la sortie du jeu, je me lance divers objectifs. Sur cette page j&rsquo;ai d\u00e9cid\u00e9 de partager avec vous mes objectifs en jeu pour les diff\u00e9rentes extensions et comme cette page est neuve, elle ne concernera que la derni\u00e8re extension pour le moment. <\/p>\n\n\n\n<h3 class=\"wp-block-heading\">Shadowlands<\/h3>\n\n\n\n<ol class=\"wp-block-list\">\n<li><mark style=\"background-color:rgba(0, 0, 0, 0)\" class=\"has-inline-color has-vivid-green-cyan-color\">Avoir 1.5k de Rio<\/mark> (Compl\u00e9ter en Saison 1, 2, 3 et 4)<\/li>\n\n\n\n<li><mark style=\"background-color:rgba(0, 0, 0, 0)\" class=\"has-inline-color has-vivid-green-cyan-color\">Tous les donjons tim\u00e9s en +15 lors des trois saisons de SL<\/mark> (4\/4)<\/li>\n\n\n\n<li><mark style=\"background-color:rgba(0, 0, 0, 0)\" class=\"has-inline-color has-vivid-green-cyan-color\">25.000 points de Hauts-faits<\/mark> (25k\/25K)<\/li>\n\n\n\n<li><mark style=\"background-color:rgba(0, 0, 0, 0)\" class=\"has-inline-color has-vivid-green-cyan-color\">Obtenir tous les Hauts-faits de type \u00ab\u00a0Ahead of the Curve\u00a0\u00bb de l&rsquo;extension en cours<\/mark> (3\/3)<\/li>\n<\/ol>\n\n\n\n<p>Voil\u00e0 !<\/p>\n\n\n\n<h3 class=\"wp-block-heading\">Dragonflight<\/h3>\n\n\n\n<p>Avec la sortie de la nouvelle extension fin d&rsquo;ann\u00e9e 2022 (le 28\/11 pr\u00e9cis\u00e9ment), je me fixe d&rsquo;autre objectifs en jeu. A savoir : <\/p>\n\n\n\n<ol class=\"wp-block-list\">\n<li>Obtenir le KSM de toute les saisons de DF (Actuellement 0\/1)<\/li>\n\n\n\n<li>Obtenir le \u00ab\u00a0Ahead of the Curve\u00a0\u00bb pour chaque tiers de raid de l&rsquo;extension (0\/1)<\/li>\n\n\n\n<li>Obtenir 33.000 points de Hauts-Faits avec mon pr\u00eatre (26.725\/33.000)<\/li>\n\n\n\n<li>Obtenir 450 montures utilisables sur mon pr\u00eatre (412\/450)<\/li>\n\n\n\n<li>Obtenir 900 mascottes uniques (819\/900)<\/li>\n\n\n\n<li>Obtenir 500 jouets uniques (432\/500) <\/li>\n\n\n\n<li>Obtenir 65% de compl\u00e9tion totale sur ATT avec le pr\u00eatre (59.82\/65)<\/li>\n<\/ol>\n\n\n\n<p>Ca me semble d\u00e9j\u00e0 \u00eatre pas mal et je vais beaucoup jouer. <\/p>\n","protected":false},"excerpt":{"rendered":"<p>Depuis la sortie du jeu, je me lance divers objectifs. Sur cette page j&rsquo;ai d\u00e9cid\u00e9 de partager avec vous mes&hellip;<\/p>\n","protected":false},"author":1,"featured_media":0,"parent":0,"menu_order":0,"comment_status":"open","ping_status":"closed","template":"","meta":{"footnotes":""},"class_list":["post-150","page","type-page","status-publish","hentry"],"yoast_head":"<!-- This site is optimized with the Yoast SEO plugin v27.3 - https:\/\/yoast.com\/product\/yoast-seo-wordpress\/ -->\n<title>Objectifs World of Warcraft - Le Blog de Hirder<\/title>\n<meta name=\"robots\" content=\"index, follow, max-snippet:-1, max-image-preview:large, max-video-preview:-1\" \/>\n<link rel=\"canonical\" href=\"https:\/\/hirder.be\/?page_id=150\" \/>\n<meta property=\"og:locale\" content=\"fr_FR\" \/>\n<meta property=\"og:type\" content=\"article\" \/>\n<meta property=\"og:title\" content=\"Objectifs World of Warcraft - Le Blog de Hirder\" \/>\n<meta property=\"og:description\" content=\"Depuis la sortie du jeu, je me lance divers objectifs. Sur cette page j&rsquo;ai d\u00e9cid\u00e9 de partager avec vous mes&hellip;\" \/>\n<meta property=\"og:url\" content=\"https:\/\/hirder.be\/?page_id=150\" \/>\n<meta property=\"og:site_name\" content=\"Le Blog de Hirder\" \/>\n<meta property=\"article:modified_time\" content=\"2023-01-01T13:47:50+00:00\" \/>\n<meta name=\"twitter:card\" content=\"summary_large_image\" \/>\n<meta name=\"twitter:label1\" content=\"Dur\u00e9e de lecture est.\" \/>\n\t<meta name=\"twitter:data1\" content=\"1 minute\" \/>\n<script type=\"application\/ld+json\" class=\"yoast-schema-graph\">{\"@context\":\"https:\\\/\\\/schema.org\",\"@graph\":[{\"@type\":\"WebPage\",\"@id\":\"https:\\\/\\\/hirder.be\\\/?page_id=150\",\"url\":\"https:\\\/\\\/hirder.be\\\/?page_id=150\",\"name\":\"Objectifs World of Warcraft - Le Blog de Hirder\",\"isPartOf\":{\"@id\":\"https:\\\/\\\/hirder.be\\\/#website\"},\"datePublished\":\"2021-12-28T12:13:37+00:00\",\"dateModified\":\"2023-01-01T13:47:50+00:00\",\"breadcrumb\":{\"@id\":\"https:\\\/\\\/hirder.be\\\/?page_id=150#breadcrumb\"},\"inLanguage\":\"fr-BE\",\"potentialAction\":[{\"@type\":\"ReadAction\",\"target\":[\"https:\\\/\\\/hirder.be\\\/?page_id=150\"]}]},{\"@type\":\"BreadcrumbList\",\"@id\":\"https:\\\/\\\/hirder.be\\\/?page_id=150#breadcrumb\",\"itemListElement\":[{\"@type\":\"ListItem\",\"position\":1,\"name\":\"Accueil\",\"item\":\"https:\\\/\\\/hirder.be\\\/\"},{\"@type\":\"ListItem\",\"position\":2,\"name\":\"Objectifs World of Warcraft\"}]},{\"@type\":\"WebSite\",\"@id\":\"https:\\\/\\\/hirder.be\\\/#website\",\"url\":\"https:\\\/\\\/hirder.be\\\/\",\"name\":\"Le Blog de Hirder\",\"description\":\"Chassez les succ\u00e8s, c&#039;est mon kiff.\",\"potentialAction\":[{\"@type\":\"SearchAction\",\"target\":{\"@type\":\"EntryPoint\",\"urlTemplate\":\"https:\\\/\\\/hirder.be\\\/?s={search_term_string}\"},\"query-input\":{\"@type\":\"PropertyValueSpecification\",\"valueRequired\":true,\"valueName\":\"search_term_string\"}}],\"inLanguage\":\"fr-BE\"}]}<\/script>\n<!-- \/ Yoast SEO plugin. -->","yoast_head_json":{"title":"Objectifs World of Warcraft - Le Blog de Hirder","robots":{"index":"index","follow":"follow","max-snippet":"max-snippet:-1","max-image-preview":"max-image-preview:large","max-video-preview":"max-video-preview:-1"},"canonical":"https:\/\/hirder.be\/?page_id=150","og_locale":"fr_FR","og_type":"article","og_title":"Objectifs World of Warcraft - Le Blog de Hirder","og_description":"Depuis la sortie du jeu, je me lance divers objectifs. Sur cette page j&rsquo;ai d\u00e9cid\u00e9 de partager avec vous mes&hellip;","og_url":"https:\/\/hirder.be\/?page_id=150","og_site_name":"Le Blog de Hirder","article_modified_time":"2023-01-01T13:47:50+00:00","twitter_card":"summary_large_image","twitter_misc":{"Dur\u00e9e de lecture est.":"1 minute"},"schema":{"@context":"https:\/\/schema.org","@graph":[{"@type":"WebPage","@id":"https:\/\/hirder.be\/?page_id=150","url":"https:\/\/hirder.be\/?page_id=150","name":"Objectifs World of Warcraft - Le Blog de Hirder","isPartOf":{"@id":"https:\/\/hirder.be\/#website"},"datePublished":"2021-12-28T12:13:37+00:00","dateModified":"2023-01-01T13:47:50+00:00","breadcrumb":{"@id":"https:\/\/hirder.be\/?page_id=150#breadcrumb"},"inLanguage":"fr-BE","potentialAction":[{"@type":"ReadAction","target":["https:\/\/hirder.be\/?page_id=150"]}]},{"@type":"BreadcrumbList","@id":"https:\/\/hirder.be\/?page_id=150#breadcrumb","itemListElement":[{"@type":"ListItem","position":1,"name":"Accueil","item":"https:\/\/hirder.be\/"},{"@type":"ListItem","position":2,"name":"Objectifs World of Warcraft"}]},{"@type":"WebSite","@id":"https:\/\/hirder.be\/#website","url":"https:\/\/hirder.be\/","name":"Le Blog de Hirder","description":"Chassez les succ\u00e8s, c&#039;est mon kiff.","potentialAction":[{"@type":"SearchAction","target":{"@type":"EntryPoint","urlTemplate":"https:\/\/hirder.be\/?s={search_term_string}"},"query-input":{"@type":"PropertyValueSpecification","valueRequired":true,"valueName":"search_term_string"}}],"inLanguage":"fr-BE"}]}},"_links":{"self":[{"href":"https:\/\/hirder.be\/index.php?rest_route=\/wp\/v2\/pages\/150","targetHints":{"allow":["GET"]}}],"collection":[{"href":"https:\/\/hirder.be\/index.php?rest_route=\/wp\/v2\/pages"}],"about":[{"href":"https:\/\/hirder.be\/index.php?rest_route=\/wp\/v2\/types\/page"}],"author":[{"embeddable":true,"href":"https:\/\/hirder.be\/index.php?rest_route=\/wp\/v2\/users\/1"}],"replies":[{"embeddable":true,"href":"https:\/\/hirder.be\/index.php?rest_route=%2Fwp%2Fv2%2Fcomments&post=150"}],"version-history":[{"count":3,"href":"https:\/\/hirder.be\/index.php?rest_route=\/wp\/v2\/pages\/150\/revisions"}],"predecessor-version":[{"id":465,"href":"https:\/\/hirder.be\/index.php?rest_route=\/wp\/v2\/pages\/150\/revisions\/465"}],"wp:attachment":[{"href":"https:\/\/hirder.be\/index.php?rest_route=%2Fwp%2Fv2%2Fmedia&parent=150"}],"curies":[{"name":"wp","href":"https:\/\/api.w.org\/{rel}","templated":true}]}}