{"id":146,"date":"2022-01-01T09:00:00","date_gmt":"2022-01-01T08:00:00","guid":{"rendered":"http:\/\/hirder.be\/?page_id=146"},"modified":"2023-01-01T14:32:38","modified_gmt":"2023-01-01T13:32:38","slug":"objectif-2022","status":"publish","type":"page","link":"https:\/\/hirder.be\/?page_id=146","title":{"rendered":"Objectif 2022"},"content":{"rendered":"\n<p>Bonjour mes petits plats de p\u00e2tes froides de la Norv\u00e8ge ! <br><br>Dans cette page vous trouverez tout ce que j&rsquo;esp\u00e8re r\u00e9ussir pour l&rsquo;ann\u00e9e 2022. J&rsquo;esp\u00e8re que vous viendrez me supporter durant mon long et fastidieux voyage ! <br><br>Les objectifs en question (Derni\u00e8re Mise \u00e0 Jour : 01\/01\/23)<\/p>\n\n\n\n<ol class=\"wp-block-list\">\n<li><mark style=\"background-color:rgba(0, 0, 0, 0)\" class=\"has-inline-color has-luminous-vivid-orange-color\">Terminer l&rsquo;\u00e9criture du premier tome du Roman -> 80%<\/mark> <\/li>\n\n\n\n<li><mark style=\"background-color:rgba(0, 0, 0, 0)\" class=\"has-inline-color has-vivid-red-color\">Publier r\u00e9guli\u00e8rement des news sur le site (au moins 1x\/semaine) (Abandonn\u00e9)<\/mark><\/li>\n\n\n\n<li><mark style=\"background-color:rgba(0, 0, 0, 0)\" class=\"has-inline-color has-vivid-green-cyan-color\">Restez actif sur le projet \u00ab\u00a0Liste de Lecture\u00a0\u00bb (12\/12)<\/mark><\/li>\n\n\n\n<li><mark style=\"background-color:rgba(0, 0, 0, 0)\" class=\"has-inline-color has-luminous-vivid-orange-color\">Atteindre les 200 abonn\u00e9s sur Youtube (183\/200)<\/mark><\/li>\n\n\n\n<li><mark style=\"background-color:rgba(0, 0, 0, 0)\" class=\"has-inline-color has-vivid-green-cyan-color\">Atteindre les 200 followers sur Twitch (228\/200) -> Objectif atteint d\u00e9but septembre <\/mark><\/li>\n\n\n\n<li><mark style=\"background-color:rgba(0, 0, 0, 0)\" class=\"has-inline-color has-vivid-green-cyan-color\">Atteindre les 100 followers sur Tiktok (554\/100) -> Objectif atteint en Mai<\/mark><\/li>\n\n\n\n<li><mark style=\"background-color:rgba(0, 0, 0, 0)\" class=\"has-inline-color has-luminous-vivid-orange-color\">Atteindre les 150 followers sur Instagram (119\/150)<\/mark><\/li>\n\n\n\n<li><mark style=\"background-color:rgba(0, 0, 0, 0)\" class=\"has-inline-color has-vivid-red-color\">Reprendre ma s\u00e9rie de vid\u00e9o One Shot <\/mark><\/li>\n<\/ol>\n\n\n\n<p>Bonus : <\/p>\n\n\n\n<ol class=\"wp-block-list\">\n<li><mark style=\"background-color:rgba(0, 0, 0, 0)\" class=\"has-inline-color has-vivid-red-color\">Reprendre The Warcraft Adventure<\/mark><\/li>\n\n\n\n<li><mark style=\"background-color:rgba(0, 0, 0, 0)\" class=\"has-inline-color has-vivid-green-cyan-color\">\u00catre plus actifs sur les RS dans les pages dont je suis d\u00e9j\u00e0 propri\u00e9taire. <\/mark><\/li>\n\n\n\n<li><mark style=\"background-color:rgba(0, 0, 0, 0)\" class=\"has-inline-color has-vivid-red-color\">Concr\u00e9tiser les diff\u00e9rents projets vid\u00e9os que j&rsquo;ai pr\u00e9vu.<\/mark><\/li>\n\n\n\n<li><mark style=\"background-color:rgba(0, 0, 0, 0)\" class=\"has-inline-color has-vivid-green-cyan-color\">Continuer \u00e0 travailler sur le Wiki de l&rsquo;\u0153uvre.<\/mark><\/li>\n<\/ol>\n\n\n\n<p><\/p>\n","protected":false},"excerpt":{"rendered":"<p>Bonjour mes petits plats de p\u00e2tes froides de la Norv\u00e8ge ! Dans cette page vous trouverez tout ce que j&rsquo;esp\u00e8re&hellip;<\/p>\n","protected":false},"author":1,"featured_media":0,"parent":0,"menu_order":0,"comment_status":"closed","ping_status":"closed","template":"","meta":{"footnotes":""},"class_list":["post-146","page","type-page","status-publish","hentry"],"yoast_head":"<!-- This site is optimized with the Yoast SEO plugin v27.5 - https:\/\/yoast.com\/product\/yoast-seo-wordpress\/ -->\n<title>Objectif 2022 - Le Blog de Hirder<\/title>\n<meta name=\"description\" content=\"Objectif 2022 pour Hirder. Ceci ne repr\u00e9sente pas une vraie annonce de projets mais plut\u00f4t un suivis personnel\" \/>\n<meta name=\"robots\" content=\"index, follow, max-snippet:-1, max-image-preview:large, max-video-preview:-1\" \/>\n<link rel=\"canonical\" href=\"https:\/\/hirder.be\/?page_id=146\" \/>\n<meta property=\"og:locale\" content=\"fr_FR\" \/>\n<meta property=\"og:type\" content=\"article\" \/>\n<meta property=\"og:title\" content=\"Objectif 2022 - Le Blog de Hirder\" \/>\n<meta property=\"og:description\" content=\"Objectif 2022 pour Hirder. Ceci ne repr\u00e9sente pas une vraie annonce de projets mais plut\u00f4t un suivis personnel\" \/>\n<meta property=\"og:url\" content=\"https:\/\/hirder.be\/?page_id=146\" \/>\n<meta property=\"og:site_name\" content=\"Le Blog de Hirder\" \/>\n<meta property=\"article:modified_time\" content=\"2023-01-01T13:32:38+00:00\" \/>\n<meta name=\"twitter:card\" content=\"summary_large_image\" \/>\n<meta name=\"twitter:label1\" content=\"Dur\u00e9e de lecture est.\" \/>\n\t<meta name=\"twitter:data1\" content=\"1 minute\" \/>\n<script type=\"application\/ld+json\" class=\"yoast-schema-graph\">{\"@context\":\"https:\\\/\\\/schema.org\",\"@graph\":[{\"@type\":\"WebPage\",\"@id\":\"https:\\\/\\\/hirder.be\\\/?page_id=146\",\"url\":\"https:\\\/\\\/hirder.be\\\/?page_id=146\",\"name\":\"Objectif 2022 - Le Blog de Hirder\",\"isPartOf\":{\"@id\":\"https:\\\/\\\/hirder.be\\\/#website\"},\"datePublished\":\"2022-01-01T08:00:00+00:00\",\"dateModified\":\"2023-01-01T13:32:38+00:00\",\"description\":\"Objectif 2022 pour Hirder. Ceci ne repr\u00e9sente pas une vraie annonce de projets mais plut\u00f4t un suivis personnel\",\"breadcrumb\":{\"@id\":\"https:\\\/\\\/hirder.be\\\/?page_id=146#breadcrumb\"},\"inLanguage\":\"fr-BE\",\"potentialAction\":[{\"@type\":\"ReadAction\",\"target\":[\"https:\\\/\\\/hirder.be\\\/?page_id=146\"]}]},{\"@type\":\"BreadcrumbList\",\"@id\":\"https:\\\/\\\/hirder.be\\\/?page_id=146#breadcrumb\",\"itemListElement\":[{\"@type\":\"ListItem\",\"position\":1,\"name\":\"Accueil\",\"item\":\"https:\\\/\\\/hirder.be\\\/\"},{\"@type\":\"ListItem\",\"position\":2,\"name\":\"Objectif 2022\"}]},{\"@type\":\"WebSite\",\"@id\":\"https:\\\/\\\/hirder.be\\\/#website\",\"url\":\"https:\\\/\\\/hirder.be\\\/\",\"name\":\"Le Blog de Hirder\",\"description\":\"Chassez les succ\u00e8s, c&#039;est mon kiff.\",\"potentialAction\":[{\"@type\":\"SearchAction\",\"target\":{\"@type\":\"EntryPoint\",\"urlTemplate\":\"https:\\\/\\\/hirder.be\\\/?s={search_term_string}\"},\"query-input\":{\"@type\":\"PropertyValueSpecification\",\"valueRequired\":true,\"valueName\":\"search_term_string\"}}],\"inLanguage\":\"fr-BE\"}]}<\/script>\n<!-- \/ Yoast SEO plugin. -->","yoast_head_json":{"title":"Objectif 2022 - Le Blog de Hirder","description":"Objectif 2022 pour Hirder. Ceci ne repr\u00e9sente pas une vraie annonce de projets mais plut\u00f4t un suivis personnel","robots":{"index":"index","follow":"follow","max-snippet":"max-snippet:-1","max-image-preview":"max-image-preview:large","max-video-preview":"max-video-preview:-1"},"canonical":"https:\/\/hirder.be\/?page_id=146","og_locale":"fr_FR","og_type":"article","og_title":"Objectif 2022 - Le Blog de Hirder","og_description":"Objectif 2022 pour Hirder. Ceci ne repr\u00e9sente pas une vraie annonce de projets mais plut\u00f4t un suivis personnel","og_url":"https:\/\/hirder.be\/?page_id=146","og_site_name":"Le Blog de Hirder","article_modified_time":"2023-01-01T13:32:38+00:00","twitter_card":"summary_large_image","twitter_misc":{"Dur\u00e9e de lecture est.":"1 minute"},"schema":{"@context":"https:\/\/schema.org","@graph":[{"@type":"WebPage","@id":"https:\/\/hirder.be\/?page_id=146","url":"https:\/\/hirder.be\/?page_id=146","name":"Objectif 2022 - Le Blog de Hirder","isPartOf":{"@id":"https:\/\/hirder.be\/#website"},"datePublished":"2022-01-01T08:00:00+00:00","dateModified":"2023-01-01T13:32:38+00:00","description":"Objectif 2022 pour Hirder. Ceci ne repr\u00e9sente pas une vraie annonce de projets mais plut\u00f4t un suivis personnel","breadcrumb":{"@id":"https:\/\/hirder.be\/?page_id=146#breadcrumb"},"inLanguage":"fr-BE","potentialAction":[{"@type":"ReadAction","target":["https:\/\/hirder.be\/?page_id=146"]}]},{"@type":"BreadcrumbList","@id":"https:\/\/hirder.be\/?page_id=146#breadcrumb","itemListElement":[{"@type":"ListItem","position":1,"name":"Accueil","item":"https:\/\/hirder.be\/"},{"@type":"ListItem","position":2,"name":"Objectif 2022"}]},{"@type":"WebSite","@id":"https:\/\/hirder.be\/#website","url":"https:\/\/hirder.be\/","name":"Le Blog de Hirder","description":"Chassez les succ\u00e8s, c&#039;est mon kiff.","potentialAction":[{"@type":"SearchAction","target":{"@type":"EntryPoint","urlTemplate":"https:\/\/hirder.be\/?s={search_term_string}"},"query-input":{"@type":"PropertyValueSpecification","valueRequired":true,"valueName":"search_term_string"}}],"inLanguage":"fr-BE"}]}},"_links":{"self":[{"href":"https:\/\/hirder.be\/index.php?rest_route=\/wp\/v2\/pages\/146","targetHints":{"allow":["GET"]}}],"collection":[{"href":"https:\/\/hirder.be\/index.php?rest_route=\/wp\/v2\/pages"}],"about":[{"href":"https:\/\/hirder.be\/index.php?rest_route=\/wp\/v2\/types\/page"}],"author":[{"embeddable":true,"href":"https:\/\/hirder.be\/index.php?rest_route=\/wp\/v2\/users\/1"}],"replies":[{"embeddable":true,"href":"https:\/\/hirder.be\/index.php?rest_route=%2Fwp%2Fv2%2Fcomments&post=146"}],"version-history":[{"count":5,"href":"https:\/\/hirder.be\/index.php?rest_route=\/wp\/v2\/pages\/146\/revisions"}],"predecessor-version":[{"id":469,"href":"https:\/\/hirder.be\/index.php?rest_route=\/wp\/v2\/pages\/146\/revisions\/469"}],"wp:attachment":[{"href":"https:\/\/hirder.be\/index.php?rest_route=%2Fwp%2Fv2%2Fmedia&parent=146"}],"curies":[{"name":"wp","href":"https:\/\/api.w.org\/{rel}","templated":true}]}}