{"id":113,"date":"2021-10-12T18:02:26","date_gmt":"2021-10-12T16:02:26","guid":{"rendered":"http:\/\/hirder.be\/?page_id=113"},"modified":"2021-10-12T18:02:31","modified_gmt":"2021-10-12T16:02:31","slug":"et-a-lore","status":"publish","type":"page","link":"https:\/\/hirder.be\/?page_id=113","title":{"rendered":"Et-\u00e0-Lore"},"content":{"rendered":"\n<p>Et-\u00e0-Lore est une s\u00e9rie de vid\u00e9o Youtube dont le but est de relater toute l&rsquo;histoire du jeux vid\u00e9o World of Warcraft. Chaque \u00e9pisode sera construit de la fa\u00e7on suivante : <\/p>\n\n\n\n<ul class=\"wp-block-list\"><li>Introduction<\/li><li>R\u00e9sum\u00e9 des \u00e9pisodes pr\u00e9c\u00e9dents<\/li><li>\u00c9pisode en lui-m\u00eame<\/li><li>Diff\u00e9rence entre les supports (que ce soit directement en jeu ou bien dans les romans\/Chroniques)<\/li><li>Fin de la vid\u00e9o. <\/li><\/ul>\n\n\n\n<p>Pour chaque vid\u00e9o, je vais tenter de faire un maximum pour que cela soit illustr\u00e9 et ou document\u00e9 par rapport au jeu. <\/p>\n","protected":false},"excerpt":{"rendered":"<p>Et-\u00e0-Lore est une s\u00e9rie de vid\u00e9o Youtube dont le but est de relater toute l&rsquo;histoire du jeux vid\u00e9o World of&hellip;<\/p>\n","protected":false},"author":1,"featured_media":0,"parent":0,"menu_order":0,"comment_status":"closed","ping_status":"closed","template":"","meta":{"footnotes":""},"class_list":["post-113","page","type-page","status-publish","hentry"],"yoast_head":"<!-- This site is optimized with the Yoast SEO plugin v27.5 - https:\/\/yoast.com\/product\/yoast-seo-wordpress\/ -->\n<title>Et-\u00e0-Lore - Le Blog de Hirder<\/title>\n<meta name=\"description\" content=\"Et-\u00e0-Lore est un projet de Hirder consistant \u00e0 raconter tous le Lore du jeu vid\u00e9o World of Warcraft - Le Blog de Hirder - Et-\u00e0-Lore -\" \/>\n<meta name=\"robots\" content=\"index, follow, max-snippet:-1, max-image-preview:large, max-video-preview:-1\" \/>\n<link rel=\"canonical\" href=\"https:\/\/hirder.be\/?page_id=113\" \/>\n<meta property=\"og:locale\" content=\"fr_FR\" \/>\n<meta property=\"og:type\" content=\"article\" \/>\n<meta property=\"og:title\" content=\"Et-\u00e0-Lore - Le Blog de Hirder\" \/>\n<meta property=\"og:description\" content=\"Et-\u00e0-Lore est un projet de Hirder consistant \u00e0 raconter tous le Lore du jeu vid\u00e9o World of Warcraft - Le Blog de Hirder - Et-\u00e0-Lore -\" \/>\n<meta property=\"og:url\" content=\"https:\/\/hirder.be\/?page_id=113\" \/>\n<meta property=\"og:site_name\" content=\"Le Blog de Hirder\" \/>\n<meta property=\"article:modified_time\" content=\"2021-10-12T16:02:31+00:00\" \/>\n<meta name=\"twitter:card\" content=\"summary_large_image\" \/>\n<meta name=\"twitter:label1\" content=\"Dur\u00e9e de lecture est.\" \/>\n\t<meta name=\"twitter:data1\" content=\"1 minute\" \/>\n<script type=\"application\/ld+json\" class=\"yoast-schema-graph\">{\"@context\":\"https:\\\/\\\/schema.org\",\"@graph\":[{\"@type\":\"WebPage\",\"@id\":\"https:\\\/\\\/hirder.be\\\/?page_id=113\",\"url\":\"https:\\\/\\\/hirder.be\\\/?page_id=113\",\"name\":\"Et-\u00e0-Lore - Le Blog de Hirder\",\"isPartOf\":{\"@id\":\"https:\\\/\\\/hirder.be\\\/#website\"},\"datePublished\":\"2021-10-12T16:02:26+00:00\",\"dateModified\":\"2021-10-12T16:02:31+00:00\",\"description\":\"Et-\u00e0-Lore est un projet de Hirder consistant \u00e0 raconter tous le Lore du jeu vid\u00e9o World of Warcraft - Le Blog de Hirder - Et-\u00e0-Lore -\",\"breadcrumb\":{\"@id\":\"https:\\\/\\\/hirder.be\\\/?page_id=113#breadcrumb\"},\"inLanguage\":\"fr-BE\",\"potentialAction\":[{\"@type\":\"ReadAction\",\"target\":[\"https:\\\/\\\/hirder.be\\\/?page_id=113\"]}]},{\"@type\":\"BreadcrumbList\",\"@id\":\"https:\\\/\\\/hirder.be\\\/?page_id=113#breadcrumb\",\"itemListElement\":[{\"@type\":\"ListItem\",\"position\":1,\"name\":\"Accueil\",\"item\":\"https:\\\/\\\/hirder.be\\\/\"},{\"@type\":\"ListItem\",\"position\":2,\"name\":\"Et-\u00e0-Lore\"}]},{\"@type\":\"WebSite\",\"@id\":\"https:\\\/\\\/hirder.be\\\/#website\",\"url\":\"https:\\\/\\\/hirder.be\\\/\",\"name\":\"Le Blog de Hirder\",\"description\":\"Chassez les succ\u00e8s, c&#039;est mon kiff.\",\"potentialAction\":[{\"@type\":\"SearchAction\",\"target\":{\"@type\":\"EntryPoint\",\"urlTemplate\":\"https:\\\/\\\/hirder.be\\\/?s={search_term_string}\"},\"query-input\":{\"@type\":\"PropertyValueSpecification\",\"valueRequired\":true,\"valueName\":\"search_term_string\"}}],\"inLanguage\":\"fr-BE\"}]}<\/script>\n<!-- \/ Yoast SEO plugin. -->","yoast_head_json":{"title":"Et-\u00e0-Lore - Le Blog de Hirder","description":"Et-\u00e0-Lore est un projet de Hirder consistant \u00e0 raconter tous le Lore du jeu vid\u00e9o World of Warcraft - Le Blog de Hirder - Et-\u00e0-Lore -","robots":{"index":"index","follow":"follow","max-snippet":"max-snippet:-1","max-image-preview":"max-image-preview:large","max-video-preview":"max-video-preview:-1"},"canonical":"https:\/\/hirder.be\/?page_id=113","og_locale":"fr_FR","og_type":"article","og_title":"Et-\u00e0-Lore - Le Blog de Hirder","og_description":"Et-\u00e0-Lore est un projet de Hirder consistant \u00e0 raconter tous le Lore du jeu vid\u00e9o World of Warcraft - Le Blog de Hirder - Et-\u00e0-Lore -","og_url":"https:\/\/hirder.be\/?page_id=113","og_site_name":"Le Blog de Hirder","article_modified_time":"2021-10-12T16:02:31+00:00","twitter_card":"summary_large_image","twitter_misc":{"Dur\u00e9e de lecture est.":"1 minute"},"schema":{"@context":"https:\/\/schema.org","@graph":[{"@type":"WebPage","@id":"https:\/\/hirder.be\/?page_id=113","url":"https:\/\/hirder.be\/?page_id=113","name":"Et-\u00e0-Lore - Le Blog de Hirder","isPartOf":{"@id":"https:\/\/hirder.be\/#website"},"datePublished":"2021-10-12T16:02:26+00:00","dateModified":"2021-10-12T16:02:31+00:00","description":"Et-\u00e0-Lore est un projet de Hirder consistant \u00e0 raconter tous le Lore du jeu vid\u00e9o World of Warcraft - Le Blog de Hirder - Et-\u00e0-Lore -","breadcrumb":{"@id":"https:\/\/hirder.be\/?page_id=113#breadcrumb"},"inLanguage":"fr-BE","potentialAction":[{"@type":"ReadAction","target":["https:\/\/hirder.be\/?page_id=113"]}]},{"@type":"BreadcrumbList","@id":"https:\/\/hirder.be\/?page_id=113#breadcrumb","itemListElement":[{"@type":"ListItem","position":1,"name":"Accueil","item":"https:\/\/hirder.be\/"},{"@type":"ListItem","position":2,"name":"Et-\u00e0-Lore"}]},{"@type":"WebSite","@id":"https:\/\/hirder.be\/#website","url":"https:\/\/hirder.be\/","name":"Le Blog de Hirder","description":"Chassez les succ\u00e8s, c&#039;est mon kiff.","potentialAction":[{"@type":"SearchAction","target":{"@type":"EntryPoint","urlTemplate":"https:\/\/hirder.be\/?s={search_term_string}"},"query-input":{"@type":"PropertyValueSpecification","valueRequired":true,"valueName":"search_term_string"}}],"inLanguage":"fr-BE"}]}},"_links":{"self":[{"href":"https:\/\/hirder.be\/index.php?rest_route=\/wp\/v2\/pages\/113","targetHints":{"allow":["GET"]}}],"collection":[{"href":"https:\/\/hirder.be\/index.php?rest_route=\/wp\/v2\/pages"}],"about":[{"href":"https:\/\/hirder.be\/index.php?rest_route=\/wp\/v2\/types\/page"}],"author":[{"embeddable":true,"href":"https:\/\/hirder.be\/index.php?rest_route=\/wp\/v2\/users\/1"}],"replies":[{"embeddable":true,"href":"https:\/\/hirder.be\/index.php?rest_route=%2Fwp%2Fv2%2Fcomments&post=113"}],"version-history":[{"count":1,"href":"https:\/\/hirder.be\/index.php?rest_route=\/wp\/v2\/pages\/113\/revisions"}],"predecessor-version":[{"id":115,"href":"https:\/\/hirder.be\/index.php?rest_route=\/wp\/v2\/pages\/113\/revisions\/115"}],"wp:attachment":[{"href":"https:\/\/hirder.be\/index.php?rest_route=%2Fwp%2Fv2%2Fmedia&parent=113"}],"curies":[{"name":"wp","href":"https:\/\/api.w.org\/{rel}","templated":true}]}}