{"id":104,"date":"2021-10-12T08:29:59","date_gmt":"2021-10-12T06:29:59","guid":{"rendered":"http:\/\/hirder.be\/?page_id=104"},"modified":"2024-12-05T14:59:52","modified_gmt":"2024-12-05T13:59:52","slug":"hinriel","status":"publish","type":"page","link":"https:\/\/hirder.be\/?page_id=104","title":{"rendered":"Hinriel"},"content":{"rendered":"\n<p>Depuis 2010, je suis l&rsquo;auteur d&rsquo;un roman qui n&rsquo;est pas encore sortis aupr\u00e8s du grand public (donc, est-ce que je peux me qualifier d&rsquo;auteur ? :p ). Sur cette page, vous pourrez trouver tous ce qui concerne ce roman et ses probables suites. Je vous y indiquerai l&rsquo;avancement g\u00e9n\u00e9ral de l&rsquo;oeuvre, ainsi que l&rsquo;avancement des tomes en particulier. <\/p>\n\n\n\n<h2 class=\"wp-block-heading\">L&rsquo;\u0153uvre en entier<\/h2>\n\n\n\n<p>L\u2019\u0153uvre dans son enti\u00e8ret\u00e9 serait compos\u00e9 de plusieurs tome que je d\u00e9coupe en Saga. Ainsi, la premi\u00e8re de ces saga s&rsquo;appelle \u00ab\u00a0<strong>Hinriel<\/strong>\u00ab\u00a0. La seconde, se nommerait \u00ab\u00a0<strong>La Tour de Wasgard<\/strong>\u00a0\u00bb et la troisi\u00e8me \u00ab\u00a0<strong>Saga des Illmoriens<\/strong>\u00ab\u00a0, le tout formant le <strong><em>Illmorverse<\/em><\/strong>. <\/p>\n\n\n\n<p>Pour l&rsquo;instant \u00e9videmment, tous ceci n&rsquo;est qu&rsquo;au stade de projet et je ne peux malheureusement pas vous en dire plus. N\u00e9anmoins, je vous invite a r\u00e9guli\u00e8rement consulter cette page pour en savoir plus sur ce que je fais pour ce projet. <\/p>\n\n\n\n<h2 class=\"wp-block-heading\">Saga Hinriel<\/h2>\n\n\n\n<p>Pour l&rsquo;instant c&rsquo;est mon premier gros projet. De ce que je peux vous en dire, j&rsquo;aimerais faire trois trilogie, chacune racontant divers \u00e9v\u00e8nements du <em>Illmorverse<\/em>. N\u00e9anmoins, je peux par contre vous donner l&rsquo;avancement de ces diff\u00e9rentes trilogies.<\/p>\n\n\n\n<p>NB : <em>Ces informations sont \u00e0 prendre avec des pincettes, car elles ne refl\u00e8tent que peu l&rsquo;avanc\u00e9e r\u00e9el du projet.<\/em><\/p>\n\n\n\n<h3 class=\"wp-block-heading\">Premi\u00e8re Trilogie : It\u00e9ros<\/h3>\n\n\n\n<ul class=\"wp-block-list\">\n<li>Livre 1 : \n<ul class=\"wp-block-list\">\n<li>V2 :\n<ul class=\"wp-block-list\">\n<li>Premier jets : 100%<\/li>\n\n\n\n<li>Relecture : 100%<\/li>\n\n\n\n<li>Beta-lecture : 20%<\/li>\n\n\n\n<li>Lectrice Pro : 100%<\/li>\n<\/ul>\n<\/li>\n\n\n\n<li>V3 : \n<ul class=\"wp-block-list\">\n<li>Premier jets : 40%<\/li>\n\n\n\n<li>Relecture : 0%<\/li>\n\n\n\n<li>Beta-Lecture : 100%<\/li>\n\n\n\n<li>Lectrice Pro : 0%<\/li>\n<\/ul>\n<\/li>\n<\/ul>\n<\/li>\n\n\n\n<li>Livre 2 : \n<ul class=\"wp-block-list\">\n<li>Id\u00e9e, synopsis et recherche : 25%<\/li>\n<\/ul>\n<\/li>\n\n\n\n<li>Livre 3 : \n<ul class=\"wp-block-list\">\n<li>Id\u00e9e, synopsis et recherche : 15%<\/li>\n<\/ul>\n<\/li>\n<\/ul>\n\n\n\n<h3 class=\"wp-block-heading\">Seconde trilogie : It\u00e9ris<\/h3>\n\n\n\n<ul class=\"wp-block-list\">\n<li>Livre 4 : 10%<\/li>\n\n\n\n<li>Livre 5 : 10%<\/li>\n\n\n\n<li>Livre 6 : 10%<\/li>\n<\/ul>\n\n\n\n<h3 class=\"wp-block-heading\">Troisi\u00e8me trilogie : Inconnu<\/h3>\n\n\n\n<ul class=\"wp-block-list\">\n<li>Livre 7 : 10%<\/li>\n\n\n\n<li>Livre 8 : 10%<\/li>\n\n\n\n<li>Livre 9 : 12%<\/li>\n<\/ul>\n\n\n\n<h2 class=\"wp-block-heading\">Saga de la Tour de Wasgard<\/h2>\n\n\n\n<p>Cette saga se d\u00e9roule pr\u00e8s de 200 ans apr\u00e8s les \u00e9v\u00e8nements de la Saga Hinriel. Je ne peux pas vous donnez des d\u00e9tails sans vous <em>spoil<\/em> une partie des \u00e9v\u00e8nements de la Saga Hinriel.<\/p>\n\n\n\n<ul class=\"wp-block-list\">\n<li>Livre 10 : 1%<\/li>\n\n\n\n<li>Livre 11 : 1%<\/li>\n\n\n\n<li>Livre 12 : 1%<\/li>\n<\/ul>\n\n\n\n<h2 class=\"wp-block-heading\">Saga des Illmoriens<\/h2>\n\n\n\n<p>Cette saga se d\u00e9roule pr\u00e8s de 30 ans apr\u00e8s les \u00e9v\u00e8nements de la Saga Hinriel. <\/p>\n","protected":false},"excerpt":{"rendered":"<p>Depuis 2010, je suis l&rsquo;auteur d&rsquo;un roman qui n&rsquo;est pas encore sortis aupr\u00e8s du grand public (donc, est-ce que je&hellip;<\/p>\n","protected":false},"author":1,"featured_media":0,"parent":0,"menu_order":0,"comment_status":"closed","ping_status":"closed","template":"","meta":{"footnotes":""},"class_list":["post-104","page","type-page","status-publish","hentry"],"yoast_head":"<!-- This site is optimized with the Yoast SEO plugin v27.5 - https:\/\/yoast.com\/product\/yoast-seo-wordpress\/ -->\n<title>Hinriel - Le Blog de Hirder<\/title>\n<meta name=\"robots\" content=\"index, follow, max-snippet:-1, max-image-preview:large, max-video-preview:-1\" \/>\n<link rel=\"canonical\" href=\"https:\/\/hirder.be\/?page_id=104\" \/>\n<meta property=\"og:locale\" content=\"fr_FR\" \/>\n<meta property=\"og:type\" content=\"article\" \/>\n<meta property=\"og:title\" content=\"Hinriel - Le Blog de Hirder\" \/>\n<meta property=\"og:description\" content=\"Depuis 2010, je suis l&rsquo;auteur d&rsquo;un roman qui n&rsquo;est pas encore sortis aupr\u00e8s du grand public (donc, est-ce que je&hellip;\" \/>\n<meta property=\"og:url\" content=\"https:\/\/hirder.be\/?page_id=104\" \/>\n<meta property=\"og:site_name\" content=\"Le Blog de Hirder\" \/>\n<meta property=\"article:modified_time\" content=\"2024-12-05T13:59:52+00:00\" \/>\n<meta name=\"twitter:card\" content=\"summary_large_image\" \/>\n<meta name=\"twitter:label1\" content=\"Dur\u00e9e de lecture est.\" \/>\n\t<meta name=\"twitter:data1\" content=\"2 minutes\" \/>\n<script type=\"application\/ld+json\" class=\"yoast-schema-graph\">{\"@context\":\"https:\\\/\\\/schema.org\",\"@graph\":[{\"@type\":\"WebPage\",\"@id\":\"https:\\\/\\\/hirder.be\\\/?page_id=104\",\"url\":\"https:\\\/\\\/hirder.be\\\/?page_id=104\",\"name\":\"Hinriel - Le Blog de Hirder\",\"isPartOf\":{\"@id\":\"https:\\\/\\\/hirder.be\\\/#website\"},\"datePublished\":\"2021-10-12T06:29:59+00:00\",\"dateModified\":\"2024-12-05T13:59:52+00:00\",\"breadcrumb\":{\"@id\":\"https:\\\/\\\/hirder.be\\\/?page_id=104#breadcrumb\"},\"inLanguage\":\"fr-BE\",\"potentialAction\":[{\"@type\":\"ReadAction\",\"target\":[\"https:\\\/\\\/hirder.be\\\/?page_id=104\"]}]},{\"@type\":\"BreadcrumbList\",\"@id\":\"https:\\\/\\\/hirder.be\\\/?page_id=104#breadcrumb\",\"itemListElement\":[{\"@type\":\"ListItem\",\"position\":1,\"name\":\"Accueil\",\"item\":\"https:\\\/\\\/hirder.be\\\/\"},{\"@type\":\"ListItem\",\"position\":2,\"name\":\"Hinriel\"}]},{\"@type\":\"WebSite\",\"@id\":\"https:\\\/\\\/hirder.be\\\/#website\",\"url\":\"https:\\\/\\\/hirder.be\\\/\",\"name\":\"Le Blog de Hirder\",\"description\":\"Chassez les succ\u00e8s, c&#039;est mon kiff.\",\"potentialAction\":[{\"@type\":\"SearchAction\",\"target\":{\"@type\":\"EntryPoint\",\"urlTemplate\":\"https:\\\/\\\/hirder.be\\\/?s={search_term_string}\"},\"query-input\":{\"@type\":\"PropertyValueSpecification\",\"valueRequired\":true,\"valueName\":\"search_term_string\"}}],\"inLanguage\":\"fr-BE\"}]}<\/script>\n<!-- \/ Yoast SEO plugin. -->","yoast_head_json":{"title":"Hinriel - Le Blog de Hirder","robots":{"index":"index","follow":"follow","max-snippet":"max-snippet:-1","max-image-preview":"max-image-preview:large","max-video-preview":"max-video-preview:-1"},"canonical":"https:\/\/hirder.be\/?page_id=104","og_locale":"fr_FR","og_type":"article","og_title":"Hinriel - Le Blog de Hirder","og_description":"Depuis 2010, je suis l&rsquo;auteur d&rsquo;un roman qui n&rsquo;est pas encore sortis aupr\u00e8s du grand public (donc, est-ce que je&hellip;","og_url":"https:\/\/hirder.be\/?page_id=104","og_site_name":"Le Blog de Hirder","article_modified_time":"2024-12-05T13:59:52+00:00","twitter_card":"summary_large_image","twitter_misc":{"Dur\u00e9e de lecture est.":"2 minutes"},"schema":{"@context":"https:\/\/schema.org","@graph":[{"@type":"WebPage","@id":"https:\/\/hirder.be\/?page_id=104","url":"https:\/\/hirder.be\/?page_id=104","name":"Hinriel - Le Blog de Hirder","isPartOf":{"@id":"https:\/\/hirder.be\/#website"},"datePublished":"2021-10-12T06:29:59+00:00","dateModified":"2024-12-05T13:59:52+00:00","breadcrumb":{"@id":"https:\/\/hirder.be\/?page_id=104#breadcrumb"},"inLanguage":"fr-BE","potentialAction":[{"@type":"ReadAction","target":["https:\/\/hirder.be\/?page_id=104"]}]},{"@type":"BreadcrumbList","@id":"https:\/\/hirder.be\/?page_id=104#breadcrumb","itemListElement":[{"@type":"ListItem","position":1,"name":"Accueil","item":"https:\/\/hirder.be\/"},{"@type":"ListItem","position":2,"name":"Hinriel"}]},{"@type":"WebSite","@id":"https:\/\/hirder.be\/#website","url":"https:\/\/hirder.be\/","name":"Le Blog de Hirder","description":"Chassez les succ\u00e8s, c&#039;est mon kiff.","potentialAction":[{"@type":"SearchAction","target":{"@type":"EntryPoint","urlTemplate":"https:\/\/hirder.be\/?s={search_term_string}"},"query-input":{"@type":"PropertyValueSpecification","valueRequired":true,"valueName":"search_term_string"}}],"inLanguage":"fr-BE"}]}},"_links":{"self":[{"href":"https:\/\/hirder.be\/index.php?rest_route=\/wp\/v2\/pages\/104","targetHints":{"allow":["GET"]}}],"collection":[{"href":"https:\/\/hirder.be\/index.php?rest_route=\/wp\/v2\/pages"}],"about":[{"href":"https:\/\/hirder.be\/index.php?rest_route=\/wp\/v2\/types\/page"}],"author":[{"embeddable":true,"href":"https:\/\/hirder.be\/index.php?rest_route=\/wp\/v2\/users\/1"}],"replies":[{"embeddable":true,"href":"https:\/\/hirder.be\/index.php?rest_route=%2Fwp%2Fv2%2Fcomments&post=104"}],"version-history":[{"count":3,"href":"https:\/\/hirder.be\/index.php?rest_route=\/wp\/v2\/pages\/104\/revisions"}],"predecessor-version":[{"id":517,"href":"https:\/\/hirder.be\/index.php?rest_route=\/wp\/v2\/pages\/104\/revisions\/517"}],"wp:attachment":[{"href":"https:\/\/hirder.be\/index.php?rest_route=%2Fwp%2Fv2%2Fmedia&parent=104"}],"curies":[{"name":"wp","href":"https:\/\/api.w.org\/{rel}","templated":true}]}}